{"id":2058,"date":"2022-02-07T09:40:18","date_gmt":"2022-02-07T12:40:18","guid":{"rendered":"http:\/\/cimnoroeste.es.gov.br\/?page_id=2058"},"modified":"2025-11-13T10:45:03","modified_gmt":"2025-11-13T13:45:03","slug":"camara-setorial-de-meio-ambiente-e-agricultura","status":"publish","type":"page","link":"https:\/\/cimnoroeste.es.gov.br\/?page_id=2058","title":{"rendered":"C\u00e2mara Setorial de Meio Ambiente e Agricultura"},"content":{"rendered":"<p style=\"text-align: justify;\"><img loading=\"lazy\" decoding=\"async\" class=\" wp-image-5349 alignleft\" src=\"https:\/\/cimnoroeste.es.gov.br\/wp-content\/uploads\/2024\/10\/dia-mundial-del-medio-ambiente-el-planeta-necesita-que-nos-convirtamos-en-la-generacion-restauracion-340781-1_1024-300x211.jpeg\" alt=\"\" width=\"263\" height=\"188\" \/><\/p>\n<p data-start=\"236\" data-end=\"298\">\n<p data-start=\"236\" data-end=\"298\"><strong data-start=\"240\" data-end=\"298\">C\u00e2mara Setorial de Meio Ambiente e Agricultura (CSMAA)<\/strong><\/p>\n<p data-start=\"300\" data-end=\"720\">A <strong data-start=\"302\" data-end=\"360\">C\u00e2mara Setorial de Meio Ambiente e Agricultura (CSMAA)<\/strong> atua em apoio direto aos munic\u00edpios consorciados, oferecendo suporte t\u00e9cnico especializado nas \u00e1reas de <strong data-start=\"465\" data-end=\"527\">licenciamento ambiental, fiscaliza\u00e7\u00e3o e educa\u00e7\u00e3o ambiental<\/strong>. Seu prop\u00f3sito \u00e9 contribuir para a <strong data-start=\"563\" data-end=\"607\">gest\u00e3o sustent\u00e1vel dos recursos naturais<\/strong> e assegurar o cumprimento das legisla\u00e7\u00f5es vigentes, promovendo o equil\u00edbrio entre desenvolvimento e preserva\u00e7\u00e3o.<\/p>\n<h1 data-start=\"300\" data-end=\"720\"><\/h1>\n<p data-start=\"722\" data-end=\"757\"><strong data-start=\"727\" data-end=\"757\">1. Licenciamento Ambiental<\/strong><\/p>\n<p data-start=\"758\" data-end=\"1161\">A CSMAA realiza <strong data-start=\"774\" data-end=\"796\">vistorias t\u00e9cnicas<\/strong>, analisa documenta\u00e7\u00e3o e emite <strong data-start=\"827\" data-end=\"857\">pareceres e notas t\u00e9cnicas<\/strong>, <strong data-start=\"859\" data-end=\"878\">cartas-consulta<\/strong> e outros estudos que subsidiam os munic\u00edpios nos processos de licenciamento ambiental. Essas a\u00e7\u00f5es garantem que as atividades potencialmente poluidoras sejam avaliadas e regularizadas conforme as normas ambientais, fortalecendo a gest\u00e3o p\u00fablica e a seguran\u00e7a jur\u00eddica dos processos.<\/p>\n<p data-start=\"1163\" data-end=\"1197\"><strong data-start=\"1168\" data-end=\"1197\">2. Fiscaliza\u00e7\u00e3o Ambiental<\/strong><\/p>\n<p data-start=\"1198\" data-end=\"1588\">Por meio de <strong data-start=\"1210\" data-end=\"1238\">visitas t\u00e9cnicas in loco<\/strong>, a equipe da CSMAA verifica o cumprimento da legisla\u00e7\u00e3o ambiental e elabora <strong data-start=\"1315\" data-end=\"1340\">relat\u00f3rios detalhados<\/strong> com orienta\u00e7\u00f5es e recomenda\u00e7\u00f5es espec\u00edficas. O objetivo \u00e9 <strong data-start=\"1399\" data-end=\"1427\">corrigir irregularidades<\/strong>, <strong data-start=\"1429\" data-end=\"1460\">prevenir impactos negativos<\/strong> e <strong data-start=\"1463\" data-end=\"1498\">estimular pr\u00e1ticas respons\u00e1veis<\/strong>, contribuindo para a preserva\u00e7\u00e3o do meio ambiente e o uso racional dos recursos naturais.<\/p>\n<p data-start=\"1590\" data-end=\"1620\"><strong data-start=\"1595\" data-end=\"1620\">3. Educa\u00e7\u00e3o Ambiental<\/strong><\/p>\n<p data-start=\"1621\" data-end=\"1981\">A C\u00e2mara tamb\u00e9m desenvolve <strong data-start=\"1648\" data-end=\"1679\">a\u00e7\u00f5es de educa\u00e7\u00e3o ambiental<\/strong>, promovendo palestras, orienta\u00e7\u00f5es e capacita\u00e7\u00f5es junto aos munic\u00edpios, empreendedores e \u00e0 sociedade civil. Essas atividades t\u00eam como foco <strong data-start=\"1819\" data-end=\"1880\">a conscientiza\u00e7\u00e3o e o fortalecimento da cultura ambiental<\/strong>, incentivando o compromisso coletivo com a sustentabilidade e o cumprimento da legisla\u00e7\u00e3o ambiental.<\/p>\n<hr data-start=\"1983\" data-end=\"1986\" \/>\n<p data-start=\"1988\" data-end=\"2415\">A <strong data-start=\"1990\" data-end=\"2056\">C\u00e2mara Setorial de Meio Ambiente e Agricultura do CIM Noroeste<\/strong> desempenha um papel estrat\u00e9gico na <strong data-start=\"2092\" data-end=\"2133\">promo\u00e7\u00e3o da sustentabilidade regional<\/strong> e na <strong data-start=\"2139\" data-end=\"2173\">prote\u00e7\u00e3o dos recursos naturais<\/strong>. Sua equipe multidisciplinar \u00e9 composta por <strong data-start=\"2218\" data-end=\"2321\">engenheiros agr\u00f4nomos, ambientais e civis, ge\u00f3logos, bi\u00f3logos, advogados e t\u00e9cnicos em agropecu\u00e1ria<\/strong>, todos altamente capacitados e comprometidos com a excel\u00eancia e a responsabilidade ambiental.<\/p>\n<p data-start=\"2417\" data-end=\"2805\">Ciente de que os desafios ambientais exigem conhecimento t\u00e9cnico aprofundado e constante atualiza\u00e7\u00e3o, a CSMAA investe continuamente na <strong data-start=\"2552\" data-end=\"2604\">forma\u00e7\u00e3o e aperfei\u00e7oamento de seus profissionais<\/strong>, participando de cursos e capacita\u00e7\u00f5es voltados \u00e0s melhores pr\u00e1ticas e inova\u00e7\u00f5es do setor. Essa educa\u00e7\u00e3o continuada garante <strong data-start=\"2729\" data-end=\"2757\">compet\u00eancia e efici\u00eancia<\/strong> no enfrentamento das demandas atuais e futuras.<\/p>\n<p data-start=\"2807\" data-end=\"3203\">A principal \u00e1rea de atua\u00e7\u00e3o da C\u00e2mara \u00e9 o <strong data-start=\"2849\" data-end=\"2886\">Licenciamento Ambiental Municipal<\/strong>, onde o CIM Noroeste atua como <strong data-start=\"2918\" data-end=\"2951\">suporte t\u00e9cnico especializado<\/strong>, auxiliando os munic\u00edpios na <strong data-start=\"2981\" data-end=\"3030\">tomada de decis\u00f5es fundamentadas e eficientes<\/strong>. O trabalho \u00e9 desenvolvido em <strong data-start=\"3061\" data-end=\"3132\">estreita colabora\u00e7\u00e3o com as Secretarias Municipais de Meio Ambiente<\/strong>, promovendo a integra\u00e7\u00e3o e o fortalecimento da gest\u00e3o ambiental local.<\/p>\n<p data-start=\"3205\" data-end=\"3429\">Nossa miss\u00e3o \u00e9 <strong data-start=\"3220\" data-end=\"3281\">promover, acompanhar e articular planos, projetos e a\u00e7\u00f5es<\/strong> que consolidem as pol\u00edticas p\u00fablicas de meio ambiente, incentivando o uso racional dos recursos naturais e a preserva\u00e7\u00e3o do patrim\u00f4nio ambiental.<\/p>\n<p data-start=\"3431\" data-end=\"3628\">Nossa vis\u00e3o \u00e9 <strong data-start=\"3445\" data-end=\"3495\">fortalecer o licenciamento ambiental municipal<\/strong>, buscando <strong data-start=\"3506\" data-end=\"3543\">excel\u00eancia nos servi\u00e7os prestados<\/strong>, sempre pautados por valores como <strong data-start=\"3578\" data-end=\"3627\">respeito, integridade, imparcialidade e \u00e9tica<\/strong>.<\/p>\n","protected":false},"excerpt":{"rendered":"<p>C\u00e2mara Setorial de Meio Ambiente e Agricultura (CSMAA) A C\u00e2mara Setorial de Meio Ambiente e Agricultura (CSMAA) atua em apoio direto aos munic\u00edpios consorciados, oferecendo suporte t\u00e9cnico especializado nas \u00e1reas de licenciamento ambiental, fiscaliza\u00e7\u00e3o e educa\u00e7\u00e3o ambiental. Seu prop\u00f3sito \u00e9 contribuir para a gest\u00e3o sustent\u00e1vel dos recursos naturais e assegurar o cumprimento das legisla\u00e7\u00f5es vigentes, promovendo o equil\u00edbrio entre desenvolvimento e preserva\u00e7\u00e3o. 1. Licenciamento Ambiental A CSMAA realiza vistorias t\u00e9cnicas, analisa documenta\u00e7\u00e3o e emite pareceres e notas t\u00e9cnicas, cartas-consulta e outros estudos que subsidiam os munic\u00edpios nos processos de licenciamento ambiental. Essas a\u00e7\u00f5es garantem que as atividades potencialmente poluidoras sejam avaliadas e regularizadas conforme as normas ambientais, fortalecendo a gest\u00e3o p\u00fablica e a seguran\u00e7a jur\u00eddica dos processos. 2. Fiscaliza\u00e7\u00e3o Ambiental Por meio de visitas t\u00e9cnicas in loco, a equipe da CSMAA verifica o cumprimento da legisla\u00e7\u00e3o ambiental e elabora relat\u00f3rios detalhados com orienta\u00e7\u00f5es e recomenda\u00e7\u00f5es espec\u00edficas. O objetivo \u00e9 corrigir irregularidades, prevenir impactos negativos e estimular pr\u00e1ticas respons\u00e1veis, contribuindo para a preserva\u00e7\u00e3o do meio ambiente e o uso racional dos recursos naturais. 3. Educa\u00e7\u00e3o Ambiental A C\u00e2mara tamb\u00e9m desenvolve a\u00e7\u00f5es de educa\u00e7\u00e3o ambiental, promovendo palestras, orienta\u00e7\u00f5es e capacita\u00e7\u00f5es junto aos munic\u00edpios, empreendedores e \u00e0 sociedade civil. Essas atividades t\u00eam como foco a conscientiza\u00e7\u00e3o e o fortalecimento da cultura ambiental, incentivando o compromisso coletivo com a sustentabilidade e o cumprimento da legisla\u00e7\u00e3o ambiental. A C\u00e2mara Setorial de Meio Ambiente e Agricultura do CIM Noroeste desempenha um papel estrat\u00e9gico na promo\u00e7\u00e3o da sustentabilidade regional e na prote\u00e7\u00e3o dos recursos naturais. Sua equipe multidisciplinar \u00e9 composta por engenheiros agr\u00f4nomos, ambientais e civis, ge\u00f3logos, bi\u00f3logos, advogados e t\u00e9cnicos em agropecu\u00e1ria, todos altamente capacitados e comprometidos com a excel\u00eancia e a responsabilidade ambiental. Ciente de que os desafios ambientais exigem conhecimento t\u00e9cnico aprofundado e constante atualiza\u00e7\u00e3o, a CSMAA investe continuamente na forma\u00e7\u00e3o e aperfei\u00e7oamento de seus profissionais, participando de cursos e capacita\u00e7\u00f5es voltados \u00e0s melhores pr\u00e1ticas e inova\u00e7\u00f5es do setor. Essa educa\u00e7\u00e3o continuada garante compet\u00eancia e efici\u00eancia no enfrentamento das demandas atuais e futuras. A principal \u00e1rea de atua\u00e7\u00e3o da C\u00e2mara \u00e9 o Licenciamento Ambiental Municipal, onde o CIM Noroeste atua como suporte t\u00e9cnico especializado, auxiliando os munic\u00edpios na tomada de decis\u00f5es fundamentadas e eficientes. O trabalho \u00e9 desenvolvido em estreita colabora\u00e7\u00e3o com as Secretarias Municipais de Meio Ambiente, promovendo a integra\u00e7\u00e3o e o fortalecimento da gest\u00e3o ambiental local. Nossa miss\u00e3o \u00e9 promover, acompanhar e articular planos, projetos e a\u00e7\u00f5es que consolidem as pol\u00edticas p\u00fablicas de meio ambiente, incentivando o uso racional dos recursos naturais e a preserva\u00e7\u00e3o do patrim\u00f4nio ambiental. Nossa vis\u00e3o \u00e9 fortalecer o licenciamento ambiental municipal, buscando excel\u00eancia nos servi\u00e7os prestados, sempre pautados por valores como respeito, integridade, imparcialidade e \u00e9tica.<\/p>\n","protected":false},"author":1,"featured_media":0,"parent":0,"menu_order":0,"comment_status":"closed","ping_status":"closed","template":"","meta":{"footnotes":""},"class_list":["post-2058","page","type-page","status-publish","hentry"],"_links":{"self":[{"href":"https:\/\/cimnoroeste.es.gov.br\/index.php?rest_route=\/wp\/v2\/pages\/2058","targetHints":{"allow":["GET"]}}],"collection":[{"href":"https:\/\/cimnoroeste.es.gov.br\/index.php?rest_route=\/wp\/v2\/pages"}],"about":[{"href":"https:\/\/cimnoroeste.es.gov.br\/index.php?rest_route=\/wp\/v2\/types\/page"}],"author":[{"embeddable":true,"href":"https:\/\/cimnoroeste.es.gov.br\/index.php?rest_route=\/wp\/v2\/users\/1"}],"replies":[{"embeddable":true,"href":"https:\/\/cimnoroeste.es.gov.br\/index.php?rest_route=%2Fwp%2Fv2%2Fcomments&post=2058"}],"version-history":[{"count":17,"href":"https:\/\/cimnoroeste.es.gov.br\/index.php?rest_route=\/wp\/v2\/pages\/2058\/revisions"}],"predecessor-version":[{"id":7350,"href":"https:\/\/cimnoroeste.es.gov.br\/index.php?rest_route=\/wp\/v2\/pages\/2058\/revisions\/7350"}],"wp:attachment":[{"href":"https:\/\/cimnoroeste.es.gov.br\/index.php?rest_route=%2Fwp%2Fv2%2Fmedia&parent=2058"}],"curies":[{"name":"wp","href":"https:\/\/api.w.org\/{rel}","templated":true}]}}