{"id":2070,"date":"2022-02-07T10:24:24","date_gmt":"2022-02-07T13:24:24","guid":{"rendered":"http:\/\/cimnoroeste.es.gov.br\/?page_id=2070"},"modified":"2025-11-01T23:25:54","modified_gmt":"2025-11-02T02:25:54","slug":"prefeitos","status":"publish","type":"page","link":"https:\/\/cimnoroeste.es.gov.br\/?page_id=2070","title":{"rendered":"PREFEITOS"},"content":{"rendered":"<p data-start=\"0\" data-end=\"61\"><strong data-start=\"3\" data-end=\"59\">Prefeitos dos Munic\u00edpios Consorciados \u2013 CIM Noroeste<\/strong><\/p>\n<p data-start=\"63\" data-end=\"299\">O <strong data-start=\"65\" data-end=\"99\">Cons\u00f3rcio P\u00fablico CIM Noroeste<\/strong> \u00e9 formado pela uni\u00e3o de munic\u00edpios que acreditam na for\u00e7a da <strong data-start=\"161\" data-end=\"184\">coopera\u00e7\u00e3o regional<\/strong> como caminho para o desenvolvimento sustent\u00e1vel, a efici\u00eancia administrativa e a melhoria dos servi\u00e7os p\u00fablicos.<\/p>\n<p data-start=\"301\" data-end=\"574\">\u00c0 frente de cada cidade consorciada, est\u00e3o <strong data-start=\"344\" data-end=\"408\">prefeitos(a) comprometidos com o progresso coletivo<\/strong>, que atuam em parceria para fortalecer as pol\u00edticas p\u00fablicas, otimizar recursos e promover solu\u00e7\u00f5es conjuntas que beneficiem toda a popula\u00e7\u00e3o do Noroeste Capixaba.<\/p>\n<p data-start=\"576\" data-end=\"831\">Essas lideran\u00e7as municipais s\u00e3o pe\u00e7as fundamentais na consolida\u00e7\u00e3o do cons\u00f3rcio, contribuindo com experi\u00eancia, vis\u00e3o estrat\u00e9gica e esp\u00edrito colaborativo para que o CIM Noroeste continue sendo um exemplo de gest\u00e3o integrada e inovadora no Esp\u00edrito Santo.<\/p>\n<p data-start=\"833\" data-end=\"994\" data-is-last-node=\"\" data-is-only-node=\"\">A seguir, apresentamos os <strong data-start=\"859\" data-end=\"912\">prefeitos(a) dos munic\u00edpios consorciados<\/strong>, que juntos constroem diariamente um futuro mais forte e promissor para a regi\u00e3o.<\/p>\n<p><img loading=\"lazy\" decoding=\"async\" class=\"alignnone size-full wp-image-6362\" src=\"https:\/\/cimnoroeste.es.gov.br\/wp-content\/uploads\/2025\/10\/WhatsApp-Image-2025-10-08-at-14.25.08.jpeg\" alt=\"\" width=\"1016\" height=\"1280\" srcset=\"https:\/\/cimnoroeste.es.gov.br\/wp-content\/uploads\/2025\/10\/WhatsApp-Image-2025-10-08-at-14.25.08.jpeg 1016w, https:\/\/cimnoroeste.es.gov.br\/wp-content\/uploads\/2025\/10\/WhatsApp-Image-2025-10-08-at-14.25.08-238x300.jpeg 238w, https:\/\/cimnoroeste.es.gov.br\/wp-content\/uploads\/2025\/10\/WhatsApp-Image-2025-10-08-at-14.25.08-813x1024.jpeg 813w, https:\/\/cimnoroeste.es.gov.br\/wp-content\/uploads\/2025\/10\/WhatsApp-Image-2025-10-08-at-14.25.08-768x968.jpeg 768w\" sizes=\"auto, (max-width: 1016px) 100vw, 1016px\" \/><\/p>\n","protected":false},"excerpt":{"rendered":"<p>Prefeitos dos Munic\u00edpios Consorciados \u2013 CIM Noroeste O Cons\u00f3rcio P\u00fablico CIM Noroeste \u00e9 formado pela uni\u00e3o de munic\u00edpios que acreditam na for\u00e7a da coopera\u00e7\u00e3o regional como caminho para o desenvolvimento sustent\u00e1vel, a efici\u00eancia administrativa e a melhoria dos servi\u00e7os p\u00fablicos. \u00c0 frente de cada cidade consorciada, est\u00e3o prefeitos(a) comprometidos com o progresso coletivo, que atuam em parceria para fortalecer as pol\u00edticas p\u00fablicas, otimizar recursos e promover solu\u00e7\u00f5es conjuntas que beneficiem toda a popula\u00e7\u00e3o do Noroeste Capixaba. Essas lideran\u00e7as municipais s\u00e3o pe\u00e7as fundamentais na consolida\u00e7\u00e3o do cons\u00f3rcio, contribuindo com experi\u00eancia, vis\u00e3o estrat\u00e9gica e esp\u00edrito colaborativo para que o CIM Noroeste continue sendo um exemplo de gest\u00e3o integrada e inovadora no Esp\u00edrito Santo. A seguir, apresentamos os prefeitos(a) dos munic\u00edpios consorciados, que juntos constroem diariamente um futuro mais forte e promissor para a regi\u00e3o.<\/p>\n","protected":false},"author":1,"featured_media":0,"parent":0,"menu_order":0,"comment_status":"closed","ping_status":"closed","template":"","meta":{"footnotes":""},"class_list":["post-2070","page","type-page","status-publish","hentry"],"_links":{"self":[{"href":"https:\/\/cimnoroeste.es.gov.br\/index.php?rest_route=\/wp\/v2\/pages\/2070","targetHints":{"allow":["GET"]}}],"collection":[{"href":"https:\/\/cimnoroeste.es.gov.br\/index.php?rest_route=\/wp\/v2\/pages"}],"about":[{"href":"https:\/\/cimnoroeste.es.gov.br\/index.php?rest_route=\/wp\/v2\/types\/page"}],"author":[{"embeddable":true,"href":"https:\/\/cimnoroeste.es.gov.br\/index.php?rest_route=\/wp\/v2\/users\/1"}],"replies":[{"embeddable":true,"href":"https:\/\/cimnoroeste.es.gov.br\/index.php?rest_route=%2Fwp%2Fv2%2Fcomments&post=2070"}],"version-history":[{"count":27,"href":"https:\/\/cimnoroeste.es.gov.br\/index.php?rest_route=\/wp\/v2\/pages\/2070\/revisions"}],"predecessor-version":[{"id":7173,"href":"https:\/\/cimnoroeste.es.gov.br\/index.php?rest_route=\/wp\/v2\/pages\/2070\/revisions\/7173"}],"wp:attachment":[{"href":"https:\/\/cimnoroeste.es.gov.br\/index.php?rest_route=%2Fwp%2Fv2%2Fmedia&parent=2070"}],"curies":[{"name":"wp","href":"https:\/\/api.w.org\/{rel}","templated":true}]}}