{"id":2250,"date":"2022-02-08T09:29:17","date_gmt":"2022-02-08T12:29:17","guid":{"rendered":"http:\/\/cimnoroeste.es.gov.br\/?page_id=2250"},"modified":"2024-10-31T12:35:16","modified_gmt":"2024-10-31T15:35:16","slug":"camara-de-compras-compartilhadas","status":"publish","type":"page","link":"https:\/\/cimnoroeste.es.gov.br\/?page_id=2250","title":{"rendered":"C\u00e2mara Setorial de Compras Compartilhadas e servi\u00e7os"},"content":{"rendered":"<p style=\"text-align: justify;\"><span style=\"font-family: arial, helvetica, sans-serif;\"><img loading=\"lazy\" decoding=\"async\" class=\"wp-image-5341 size-medium alignleft\" src=\"https:\/\/cimnoroeste.es.gov.br\/wp-content\/uploads\/2024\/10\/trf5-compras-e1730388836951-300x180.png\" alt=\"\" width=\"300\" height=\"180\" srcset=\"https:\/\/cimnoroeste.es.gov.br\/wp-content\/uploads\/2024\/10\/trf5-compras-e1730388836951-300x180.png 300w, https:\/\/cimnoroeste.es.gov.br\/wp-content\/uploads\/2024\/10\/trf5-compras-e1730388836951.png 499w\" sizes=\"auto, (max-width: 300px) 100vw, 300px\" \/>O Cons\u00f3rcio Cim Noroeste com o objetivo de economia em escala e escopo, criou a C\u00e2mara Setorial de Compras Compartilhadas, para a realiza\u00e7\u00e3o de processos licitat\u00f3rios para atendimento das demandas dos 16 munic\u00edpios consorciados, com fornecimento de equipamentos, insumos e medicamentos, al\u00e9m da realiza\u00e7\u00e3o de processos para contrata\u00e7\u00e3o de servi\u00e7os de suporte, tais como, sistemas de inform\u00e1tica e contrata\u00e7\u00f5es de suporte para campanhas regionais.<\/span><\/p>\n<p style=\"text-align: justify;\"><span style=\"font-family: arial, helvetica, sans-serif;\">A C\u00e2mara de Compras Compartilhada ganhou vida em 2021, com a prepara\u00e7\u00e3o de um setor, promovendo a uni\u00e3o entre os munic\u00edpios para a realiza\u00e7\u00e3o de licita\u00e7\u00f5es para a contrata\u00e7\u00e3o de um conjunto de produtos e\/ou servi\u00e7os de modo a atender a necessidade de todos os envolvidos.<\/span><\/p>\n<p>&nbsp;<\/p>\n<p style=\"text-align: justify;\"><span style=\"font-family: arial, helvetica, sans-serif;\"><strong>Vantagens da C\u00e2mara de Compras Compartilhadas e servi\u00e7os para os munic\u00edpios<\/strong><\/span><\/p>\n<p style=\"text-align: justify;\"><span style=\"font-family: arial, helvetica, sans-serif;\">Destacam-se tr\u00eas grandes vantagens nas compras compartilhadas.<\/span><\/p>\n<p style=\"text-align: justify;\"><span style=\"font-family: arial, helvetica, sans-serif;\">Em primeiro lugar, destacamos a economia processual, pois, em vez de se realizarem diversas licita\u00e7\u00f5es, \u00e9 feita apenas uma para todos os \u00f3rg\u00e3os participantes.<\/span><\/p>\n<p style=\"text-align: justify;\"><span style=\"font-family: arial, helvetica, sans-serif;\">Em segundo lugar, o ganho de escala promovido pela agrega\u00e7\u00e3o dos quantitativos demandados pelos \u00f3rg\u00e3os permite a negocia\u00e7\u00e3o de um pre\u00e7o final mais vantajoso para a Administra\u00e7\u00e3o P\u00fablica.<\/span><\/p>\n<p style=\"text-align: justify;\"><span style=\"font-family: arial, helvetica, sans-serif;\">Em terceiro lugar, em geral, as compras compartilhadas favorecem as especifica\u00e7\u00f5es t\u00e9cnicas com maior qualidade, uma vez que se pode aproveitar a expertise t\u00e9cnica compartilhada entre os \u00f3rg\u00e3os participantes na fase de planejamento.<\/span><\/p>\n<p style=\"text-align: justify;\"><span style=\"font-family: arial, helvetica, sans-serif;\">As vantagens mencionadas tamb\u00e9m trazem benef\u00edcios para os licitantes, como a economia processual, por exemplo, reflete-se nos licitantes, que podem participar de uma \u00fanica licita\u00e7\u00e3o, concentrando o seu esfor\u00e7o, em vez de participar de forma dispersa de v\u00e1rios processos licitat\u00f3rios, com a garantia de um volume maior de fornecimento, os licitantes podem oferecer pre\u00e7os unit\u00e1rios mais baixos e ganhar na escala dos produtos a serem vendidos.<\/span><\/p>\n<p style=\"text-align: justify;\"><span style=\"font-family: arial, helvetica, sans-serif;\">Por fim, especifica\u00e7\u00f5es t\u00e9cnicas melhores favorecem licitantes com produtos melhores e mais preparados, que passam a ter mais chances de vencer o processo.<\/span><\/p>\n","protected":false},"excerpt":{"rendered":"<p>O Cons\u00f3rcio Cim Noroeste com o objetivo de economia em escala e escopo, criou a C\u00e2mara Setorial de Compras Compartilhadas, para a realiza\u00e7\u00e3o de processos licitat\u00f3rios para atendimento das demandas dos 16 munic\u00edpios consorciados, com fornecimento de equipamentos, insumos e medicamentos, al\u00e9m da realiza\u00e7\u00e3o de processos para contrata\u00e7\u00e3o de servi\u00e7os de suporte, tais como, sistemas de inform\u00e1tica e contrata\u00e7\u00f5es de suporte para campanhas regionais. A C\u00e2mara de Compras Compartilhada ganhou vida em 2021, com a prepara\u00e7\u00e3o de um setor, promovendo a uni\u00e3o entre os munic\u00edpios para a realiza\u00e7\u00e3o de licita\u00e7\u00f5es para a contrata\u00e7\u00e3o de um conjunto de produtos e\/ou servi\u00e7os de modo a atender a necessidade de todos os envolvidos. &nbsp; Vantagens da C\u00e2mara de Compras Compartilhadas e servi\u00e7os para os munic\u00edpios Destacam-se tr\u00eas grandes vantagens nas compras compartilhadas. Em primeiro lugar, destacamos a economia processual, pois, em vez de se realizarem diversas licita\u00e7\u00f5es, \u00e9 feita apenas uma para todos os \u00f3rg\u00e3os participantes. Em segundo lugar, o ganho de escala promovido pela agrega\u00e7\u00e3o dos quantitativos demandados pelos \u00f3rg\u00e3os permite a negocia\u00e7\u00e3o de um pre\u00e7o final mais vantajoso para a Administra\u00e7\u00e3o P\u00fablica. Em terceiro lugar, em geral, as compras compartilhadas favorecem as especifica\u00e7\u00f5es t\u00e9cnicas com maior qualidade, uma vez que se pode aproveitar a expertise t\u00e9cnica compartilhada entre os \u00f3rg\u00e3os participantes na fase de planejamento. As vantagens mencionadas tamb\u00e9m trazem benef\u00edcios para os licitantes, como a economia processual, por exemplo, reflete-se nos licitantes, que podem participar de uma \u00fanica licita\u00e7\u00e3o, concentrando o seu esfor\u00e7o, em vez de participar de forma dispersa de v\u00e1rios processos licitat\u00f3rios, com a garantia de um volume maior de fornecimento, os licitantes podem oferecer pre\u00e7os unit\u00e1rios mais baixos e ganhar na escala dos produtos a serem vendidos. Por fim, especifica\u00e7\u00f5es t\u00e9cnicas melhores favorecem licitantes com produtos melhores e mais preparados, que passam a ter mais chances de vencer o processo.<\/p>\n","protected":false},"author":1,"featured_media":0,"parent":0,"menu_order":0,"comment_status":"closed","ping_status":"closed","template":"","meta":{"footnotes":""},"class_list":["post-2250","page","type-page","status-publish","hentry"],"_links":{"self":[{"href":"https:\/\/cimnoroeste.es.gov.br\/index.php?rest_route=\/wp\/v2\/pages\/2250","targetHints":{"allow":["GET"]}}],"collection":[{"href":"https:\/\/cimnoroeste.es.gov.br\/index.php?rest_route=\/wp\/v2\/pages"}],"about":[{"href":"https:\/\/cimnoroeste.es.gov.br\/index.php?rest_route=\/wp\/v2\/types\/page"}],"author":[{"embeddable":true,"href":"https:\/\/cimnoroeste.es.gov.br\/index.php?rest_route=\/wp\/v2\/users\/1"}],"replies":[{"embeddable":true,"href":"https:\/\/cimnoroeste.es.gov.br\/index.php?rest_route=%2Fwp%2Fv2%2Fcomments&post=2250"}],"version-history":[{"count":5,"href":"https:\/\/cimnoroeste.es.gov.br\/index.php?rest_route=\/wp\/v2\/pages\/2250\/revisions"}],"predecessor-version":[{"id":5343,"href":"https:\/\/cimnoroeste.es.gov.br\/index.php?rest_route=\/wp\/v2\/pages\/2250\/revisions\/5343"}],"wp:attachment":[{"href":"https:\/\/cimnoroeste.es.gov.br\/index.php?rest_route=%2Fwp%2Fv2%2Fmedia&parent=2250"}],"curies":[{"name":"wp","href":"https:\/\/api.w.org\/{rel}","templated":true}]}}