{"id":4548,"date":"2024-02-23T15:17:16","date_gmt":"2024-02-23T18:17:16","guid":{"rendered":"http:\/\/cimnoroeste.es.gov.br\/?page_id=4548"},"modified":"2025-11-02T10:05:41","modified_gmt":"2025-11-02T13:05:41","slug":"processo-seletivo-ipas","status":"publish","type":"page","link":"https:\/\/cimnoroeste.es.gov.br\/?page_id=4548","title":{"rendered":"PROCESSO SELETIVO &#8211; PROJETO SERVICE"},"content":{"rendered":"<p data-start=\"0\" data-end=\"70\"><strong data-start=\"3\" data-end=\"68\"><img loading=\"lazy\" decoding=\"async\" class=\" wp-image-7217 alignleft\" src=\"https:\/\/cimnoroeste.es.gov.br\/wp-content\/uploads\/2025\/11\/PROCESSO-SELETIVO.png\" alt=\"\" width=\"210\" height=\"136\" srcset=\"https:\/\/cimnoroeste.es.gov.br\/wp-content\/uploads\/2025\/11\/PROCESSO-SELETIVO.png 1200w, https:\/\/cimnoroeste.es.gov.br\/wp-content\/uploads\/2025\/11\/PROCESSO-SELETIVO-300x193.png 300w, https:\/\/cimnoroeste.es.gov.br\/wp-content\/uploads\/2025\/11\/PROCESSO-SELETIVO-1024x657.png 1024w, https:\/\/cimnoroeste.es.gov.br\/wp-content\/uploads\/2025\/11\/PROCESSO-SELETIVO-768x493.png 768w\" sizes=\"auto, (max-width: 210px) 100vw, 210px\" \/>Editais e Convoca\u00e7\u00f5es \u2013 Projeto SERVICE \/ IPAS \u2013 CIM Noroeste<\/strong><\/p>\n<p data-start=\"72\" data-end=\"349\">O <strong data-start=\"74\" data-end=\"123\">Servi\u00e7o de Terceiriza\u00e7\u00e3o de Pessoal \u2013 SERVICE<\/strong>, desenvolvido pelo <strong data-start=\"143\" data-end=\"159\">CIM Noroeste<\/strong>, tem como finalidade oferecer suporte t\u00e9cnico e administrativo aos munic\u00edpios consorciados por meio da <strong data-start=\"263\" data-end=\"308\">contrata\u00e7\u00e3o de profissionais qualificados<\/strong>, de forma \u00e1gil e dentro da legalidade.<\/p>\n<p data-start=\"351\" data-end=\"622\">Os <strong data-start=\"354\" data-end=\"391\">processos seletivos simplificados<\/strong> e <strong data-start=\"394\" data-end=\"409\">convoca\u00e7\u00f5es<\/strong> realizados pelo <strong data-start=\"426\" data-end=\"472\">Irmandade de Promo\u00e7\u00e3o a Assist\u00eancia Social e Sa\u00fade (IPAS)<\/strong>, no \u00e2mbito desse projeto, seguem crit\u00e9rios objetivos e transparentes, garantindo o atendimento \u00e0s demandas municipais em diversas \u00e1reas de atua\u00e7\u00e3o.<\/p>\n<p data-start=\"624\" data-end=\"946\" data-is-last-node=\"\" data-is-only-node=\"\">Nesta se\u00e7\u00e3o est\u00e3o dispon\u00edveis todos os <strong data-start=\"663\" data-end=\"716\">editais de sele\u00e7\u00e3o e suas respectivas convoca\u00e7\u00f5es<\/strong>, que detalham as etapas, prazos, fun\u00e7\u00f5es e resultados de cada processo, assegurando <strong data-start=\"801\" data-end=\"838\">publicidade e acesso \u00e0 informa\u00e7\u00e3o<\/strong> sobre as a\u00e7\u00f5es conduzidas em parceria entre o <strong data-start=\"885\" data-end=\"901\">CIM Noroeste<\/strong> e o <strong data-start=\"906\" data-end=\"914\">IPAS<\/strong>, dentro do projeto <strong data-start=\"934\" data-end=\"945\">SERVICE<\/strong>.<\/p>\n<h4><\/h4>\n<h4 style=\"text-align: center;\"><span style=\"font-family: arial, helvetica, sans-serif;\"><strong>ANO 2025<\/strong><\/span><\/h4>\n<ul>\n<li><span style=\"font-size: 14pt; font-family: arial, helvetica, sans-serif;\"><strong>SELETIVO DO MUNIC\u00cdPIO DE PANCAS &#8211; ES<\/strong><\/span><\/li>\n<\/ul>\n<p><strong>EDITAL N\u00ba 009\/2025\u00a0<\/strong><\/p>\n<p><strong><a href=\"https:\/\/cimnoroeste.es.gov.br\/wp-content\/uploads\/2025\/03\/04_EDITAL-04.2025_PSS-PANCAS-Marco-Versao-Final.pdf\">EDITAL &#8211; PSS PANCAS<\/a><\/strong><\/p>\n<h4 style=\"text-align: center;\"><span style=\"font-family: arial, helvetica, sans-serif;\"><strong>ANO 2024<\/strong><\/span><\/h4>\n<p>&nbsp;<\/p>\n<ul>\n<li><span style=\"font-size: 14pt; font-family: arial, helvetica, sans-serif;\"><strong>\u00a0SELETIVO DO MUNIC\u00cdPIO DE S\u00c3O GABRIEL DA PALHA &#8211; ES<\/strong><\/span><\/li>\n<\/ul>\n<h5><strong><span style=\"font-size: 14pt; font-family: arial, helvetica, sans-serif;\"><a href=\"https:\/\/cimnoroeste.es.gov.br\/wp-content\/uploads\/2024\/08\/EDITAL-No005-2024_SGP_Abertura.pdf\">EDITAL N\u00ba005-2024_SGP<\/a><\/span><\/strong><\/h5>\n<p>&nbsp;<\/p>\n<ul>\n<li><span style=\"font-size: 14pt; font-family: arial, helvetica, sans-serif;\"><span style=\"font-size: 14pt; font-family: arial, helvetica, sans-serif;\"><strong>\u00a0SELETIVO DO MUNIC\u00cdPIO DE PANCAS<\/strong><\/span><\/span><\/li>\n<\/ul>\n<h5><span style=\"font-family: arial, helvetica, sans-serif;\"><strong><a href=\"https:\/\/cimnoroeste.es.gov.br\/wp-content\/uploads\/2024\/06\/EDITAL-No-001-2024-PSS-PANCAS-Reabertura-Junho.pdf\">EDITAL N\u00ba 001-2024 &#8211; PSS PANCAS-Reabertura-Junho <\/a> <\/strong><\/span><\/h5>\n<h5><span style=\"font-family: arial, helvetica, sans-serif;\"><strong><a href=\"https:\/\/cimnoroeste.es.gov.br\/wp-content\/uploads\/2024\/06\/EDITAL-No-002-2024-PSS-PANCAS-Reabertura-Coletor-de-Lixo-Junho.pdf\">EDITAL N\u00ba 002-2024 &#8211; PSS PANCAS-Reabertura-Coletor de Lixo-Junho <\/a><\/strong><\/span><\/h5>\n<h5><span style=\"font-family: arial, helvetica, sans-serif;\"><strong><a href=\"https:\/\/cimnoroeste.es.gov.br\/wp-content\/uploads\/2024\/06\/EDITAL-No-003-2024-PSS-PANCAS-JUNHO.pdf\">EDITAL N\u00ba 003-2024 &#8211; PSS PANCAS-JUNHO <\/a> <\/strong><\/span><\/h5>\n<h5><span style=\"font-family: arial, helvetica, sans-serif;\"><strong><a href=\"https:\/\/cimnoroeste.es.gov.br\/wp-content\/uploads\/2024\/02\/EDITAL-N\u00ba-002-2024-PSS-PANCAS.pdf\">EDITAL N\u00ba 002-2024 &#8211; PSS PANCAS<\/a><\/strong><\/span><\/h5>\n<h5><strong><a href=\"https:\/\/cimnoroeste.es.gov.br\/wp-content\/uploads\/2024\/02\/Lista-Inscritos-Coletor-de-Lixo-1.pdf\">LISTA DE INSCRITOS &#8211; COLETOR DE LIXO<\/a><\/strong><\/h5>\n<h5><strong><a href=\"https:\/\/cimnoroeste.es.gov.br\/wp-content\/uploads\/2024\/02\/1\u00aa-Convocac\u0327a\u0303o-PANCAS-ES-COLETOR-DE-LIXO.pdf\">1\u00aa CONVOCA\u00c7\u00c3O &#8211; PANCAS-ES-COLETOR DE LIXO<\/a><\/strong><\/h5>\n<p>&nbsp;<\/p>\n<p>&nbsp;<\/p>\n<p>&nbsp;<\/p>\n<p>&nbsp;<\/p>\n<p>&nbsp;<\/p>\n<p>&nbsp;<\/p>\n<p style=\"text-align: center;\">&#8230;&#8230;&#8230;&#8230;&#8230;&#8230;&#8230;&#8230;&#8230;&#8230;&#8230;&#8230;&#8230;&#8230;&#8230;&#8230;&#8230;&#8230;&#8230;&#8230;&#8230;&#8230;&#8230;&#8230;&#8230;&#8230;&#8230;&#8230;&#8230;&#8230;&#8230;&#8230;&#8230;&#8230;&#8230;&#8230;&#8230;&#8230;&#8230;&#8230;&#8230;&#8230;&#8230;&#8230;&#8230;&#8230;&#8230;&#8230;&#8230;&#8230;&#8230;&#8230;&#8230;&#8230;&#8230;<\/p>\n<p>&nbsp;<\/p>\n<p>&nbsp;<\/p>\n<p>&nbsp;<\/p>\n<p>&nbsp;<\/p>\n<p>&nbsp;<\/p>\n<p>&nbsp;<\/p>\n<p>&nbsp;<\/p>\n<p>&nbsp;<\/p>\n","protected":false},"excerpt":{"rendered":"<p>Editais e Convoca\u00e7\u00f5es \u2013 Projeto SERVICE \/ IPAS \u2013 CIM Noroeste O Servi\u00e7o de Terceiriza\u00e7\u00e3o de Pessoal \u2013 SERVICE, desenvolvido pelo CIM Noroeste, tem como finalidade oferecer suporte t\u00e9cnico e administrativo aos munic\u00edpios consorciados por meio da contrata\u00e7\u00e3o de profissionais qualificados, de forma \u00e1gil e dentro da legalidade. Os processos seletivos simplificados e convoca\u00e7\u00f5es realizados pelo Irmandade de Promo\u00e7\u00e3o a Assist\u00eancia Social e Sa\u00fade (IPAS), no \u00e2mbito desse projeto, seguem crit\u00e9rios objetivos e transparentes, garantindo o atendimento \u00e0s demandas municipais em diversas \u00e1reas de atua\u00e7\u00e3o. Nesta se\u00e7\u00e3o est\u00e3o dispon\u00edveis todos os editais de sele\u00e7\u00e3o e suas respectivas convoca\u00e7\u00f5es, que detalham as etapas, prazos, fun\u00e7\u00f5es e resultados de cada processo, assegurando publicidade e acesso \u00e0 informa\u00e7\u00e3o sobre as a\u00e7\u00f5es conduzidas em parceria entre o CIM Noroeste e o IPAS, dentro do projeto SERVICE. ANO 2025 SELETIVO DO MUNIC\u00cdPIO DE PANCAS &#8211; ES EDITAL N\u00ba 009\/2025\u00a0 EDITAL &#8211; PSS PANCAS ANO 2024 &nbsp; \u00a0SELETIVO DO MUNIC\u00cdPIO DE S\u00c3O GABRIEL DA PALHA &#8211; ES EDITAL N\u00ba005-2024_SGP &nbsp; \u00a0SELETIVO DO MUNIC\u00cdPIO DE PANCAS EDITAL N\u00ba 001-2024 &#8211; PSS PANCAS-Reabertura-Junho EDITAL N\u00ba 002-2024 &#8211; PSS PANCAS-Reabertura-Coletor de Lixo-Junho EDITAL N\u00ba 003-2024 &#8211; PSS PANCAS-JUNHO EDITAL N\u00ba 002-2024 &#8211; PSS PANCAS LISTA DE INSCRITOS &#8211; COLETOR DE LIXO 1\u00aa CONVOCA\u00c7\u00c3O &#8211; PANCAS-ES-COLETOR DE LIXO &nbsp; &nbsp; &nbsp; &nbsp; &nbsp; &nbsp; &#8230;&#8230;&#8230;&#8230;&#8230;&#8230;&#8230;&#8230;&#8230;&#8230;&#8230;&#8230;&#8230;&#8230;&#8230;&#8230;&#8230;&#8230;&#8230;&#8230;&#8230;&#8230;&#8230;&#8230;&#8230;&#8230;&#8230;&#8230;&#8230;&#8230;&#8230;&#8230;&#8230;&#8230;&#8230;&#8230;&#8230;&#8230;&#8230;&#8230;&#8230;&#8230;&#8230;&#8230;&#8230;&#8230;&#8230;&#8230;&#8230;&#8230;&#8230;&#8230;&#8230;&#8230;&#8230; &nbsp; &nbsp; &nbsp; &nbsp; &nbsp; &nbsp; &nbsp; &nbsp;<\/p>\n","protected":false},"author":1,"featured_media":0,"parent":0,"menu_order":0,"comment_status":"closed","ping_status":"closed","template":"","meta":{"footnotes":""},"class_list":["post-4548","page","type-page","status-publish","hentry"],"_links":{"self":[{"href":"https:\/\/cimnoroeste.es.gov.br\/index.php?rest_route=\/wp\/v2\/pages\/4548","targetHints":{"allow":["GET"]}}],"collection":[{"href":"https:\/\/cimnoroeste.es.gov.br\/index.php?rest_route=\/wp\/v2\/pages"}],"about":[{"href":"https:\/\/cimnoroeste.es.gov.br\/index.php?rest_route=\/wp\/v2\/types\/page"}],"author":[{"embeddable":true,"href":"https:\/\/cimnoroeste.es.gov.br\/index.php?rest_route=\/wp\/v2\/users\/1"}],"replies":[{"embeddable":true,"href":"https:\/\/cimnoroeste.es.gov.br\/index.php?rest_route=%2Fwp%2Fv2%2Fcomments&post=4548"}],"version-history":[{"count":25,"href":"https:\/\/cimnoroeste.es.gov.br\/index.php?rest_route=\/wp\/v2\/pages\/4548\/revisions"}],"predecessor-version":[{"id":7220,"href":"https:\/\/cimnoroeste.es.gov.br\/index.php?rest_route=\/wp\/v2\/pages\/4548\/revisions\/7220"}],"wp:attachment":[{"href":"https:\/\/cimnoroeste.es.gov.br\/index.php?rest_route=%2Fwp%2Fv2%2Fmedia&parent=4548"}],"curies":[{"name":"wp","href":"https:\/\/api.w.org\/{rel}","templated":true}]}}