{"id":5073,"date":"2024-08-27T16:00:50","date_gmt":"2024-08-27T19:00:50","guid":{"rendered":"https:\/\/cimnoroeste.es.gov.br\/?page_id=5073"},"modified":"2024-08-27T16:00:50","modified_gmt":"2024-08-27T19:00:50","slug":"institucional-samu","status":"publish","type":"page","link":"https:\/\/cimnoroeste.es.gov.br\/?page_id=5073","title":{"rendered":"Institucional SAMU"},"content":{"rendered":"<p><strong>NOSSA HIST\u00d3RIA<\/strong><\/p>\n<p>O SAMU192 foi criado em maio de 2021, inicialmente formado por 14 munic\u00edpios da regi\u00e3o Noroeste do Estado do Esp\u00edrito Santo, como uma a\u00e7\u00e3o de esfor\u00e7o conjunto para gerenciar o Servi\u00e7o de Atendimento M\u00f3vel de Urg\u00eancia \u2013 SAMU192.<br \/>\nO in\u00edcio das atividades de atendimento do SAMU Regi\u00e3o Noroeste se deu em 02 agosto de 2021, com a instala\u00e7\u00e3o das bases descentralizadas nos 14 munic\u00edpios que est\u00e3o sob a responsabilidade da dire\u00e7\u00e3o do CIM Noroeste, sediada em Aguia Branca. Atualmente o CIM NOROESTE \u00e9 composto de 16 munic\u00edpios e oferece um servi\u00e7o de excel\u00eancia a uma popula\u00e7\u00e3o que ultrapassa 353.786 mil pessoas.<br \/>\nProcuramos ainda, valorizar nossa equipe de Empregados P\u00fablicos por meio de uma gest\u00e3o mais participativa e pr\u00e1ticas de desenvolvimento que estimulem o potencial humano.<\/p>\n<p><strong>NOSSO SERVI\u00c7O<br \/>\n<\/strong><br \/>\nO Servi\u00e7o de Atendimento M\u00f3vel de Urg\u00eancia &#8211; SAMU 192 funciona por meio de uma gest\u00e3o unificada entre Minist\u00e9rio da Sa\u00fade e os governos estaduais, municipais e respectivos conselhos e secretarias de sa\u00fade. Especializado no atendimento pr\u00e9-hospitalar m\u00f3vel atende, de forma gratuita, aos casos de urg\u00eancia e emerg\u00eancia 24 horas por dia com equipes de profissionais de sa\u00fade altamente capacitados. Faz parte da Pol\u00edtica Nacional de Urg\u00eancia e Emerg\u00eancia com o objetivo de melhorar o atendimento \u00e0 popula\u00e7\u00e3o em situa\u00e7\u00f5es de dano grave \u00e0 sa\u00fade, seja de natureza cl\u00ednica, traum\u00e1tica, obst\u00e9trica, pedi\u00e1trica, psiqui\u00e1trica, entre outras.<br \/>\nO Servi\u00e7o de Atendimento M\u00f3vel de Urg\u00eancia \u2013 SAMU realiza atendimentos usando a telemedicina atrav\u00e9s da central de regula\u00e7\u00e3o m\u00e9dica de urg\u00eancias, composta por profissionais capacitados e m\u00e9dicos reguladores treinados para orientar quanto a procedimentos de primeiros socorros por telefone entre outras orienta\u00e7\u00f5es m\u00e9dicas. S\u00e3o esses profissionais que definem o tipo de atendimento, e, se necess\u00e1rio, o envio de ambul\u00e2ncias e equipe adequada para o atendimento de cada caso Unidade de Suporte Avan\u00e7ado \u2013 USA ou Unidade de Suporte B\u00e1sico &#8211; USB.<\/p>\n<p>O SAMU atua em diversos lugares: resid\u00eancias, locais de trabalho e vias p\u00fablicas, e conta com equipes de sa\u00fade que re\u00fanem m\u00e9dicos, enfermeiros, t\u00e9cnicos de enfermagem e condutores socorristas, al\u00e9m de equipe de apoio administrativo.<\/p>\n<p>O Servi\u00e7o de Atendimento M\u00f3vel de Urg\u00eancia \u2013 SAMU tem como finalidade ofertar aos usu\u00e1rios atendimento pr\u00e9-hospitalar, garantindo qualidade e agilidade nos atendimentos de urg\u00eancia e emerg\u00eancia, prevenindo agravos e preservando a vida e a integridade dos pacientes atendidos. tem como filosofias a universalidade, a integralidade, a descentraliza\u00e7\u00e3o e a humaniza\u00e7\u00e3o, diretrizes que norteiam a atua\u00e7\u00e3o do SUS a que todo e qualquer cidad\u00e3o tem direito.<\/p>\n<p><strong>NOSSO COMPROMISSO COM O USU\u00c1RIO<\/strong><\/p>\n<p>O SAMU192 CIM NOROESTE &#8211; ES se compromete com a leitura ordenada das necessidades sociais em sa\u00fade e sob o imperativo das necessidades humanas nas urg\u00eancias. O diagn\u00f3stico destas necessidades \u00e9 feito a partir da observa\u00e7\u00e3o, da avalia\u00e7\u00e3o e da discuss\u00e3o dos diversos territ\u00f3rios sociais com seus diferentes grupos humanos e atores sociais envolvidos na promo\u00e7\u00e3o, preven\u00e7\u00e3o, aten\u00e7\u00e3o e recupera\u00e7\u00e3o aos agravos \u00e0 sa\u00fade, como conselhos de sa\u00fade, gestores de sa\u00fade, trabalhadores da sa\u00fade, prestadores de servi\u00e7os, usu\u00e1rios, conselhos de classe e outros.<br \/>\nAdemais, \u00e9 imperioso ressaltar a necessidade de se assegurar a cordialidade, efici\u00eancia, respeito e \u00e9tica com nossos usu\u00e1rios, fornecendo orienta\u00e7\u00f5es e informa\u00e7\u00f5es claras para atendimento de suas necessidades e objetivos. Apresentar-se sempre dispon\u00edvel e de forma motivada ao atende- los.<\/p>\n<p>No atendimento pr\u00e9-hospitalar de urg\u00eancia, a equipe deve zelar pela prote\u00e7\u00e3o da v\u00edtima, considerando que o profissional deve ter compet\u00eancia n\u00e3o somente t\u00e9cnica, mas tamb\u00e9m humana, apresentando sensibilidade para tomar decis\u00f5es de forma \u00e9tica e alinhada com a Regula\u00e7\u00e3o M\u00e9dica, a fim de manter a integridade da pessoa, buscando quais as melhores e mais dispon\u00edveis solu\u00e7\u00f5es que se t\u00eam, diante das reais circunst\u00e2ncias que a v\u00edtima se encontra.<br \/>\nAssim, o SAMU192 CIM NOROESTE &#8211; ES visa superar as expectativas de cada USU\u00c1RIO, investindo sempre no aperfei\u00e7oamento profissional dos empregados p\u00fablicos e consequentemente na melhoria de nossos servi\u00e7os.<\/p>\n<p><strong>OBJETIVOS<\/strong><\/p>\n<p>Realizar atendimentos resolutivos \u00e0 popula\u00e7\u00e3o no que tange \u00e0 Urg\u00eancia e Emerg\u00eancia. Diminuir o tempo de interna\u00e7\u00e3o e as poss\u00edveis sequelas que possam aparecer como consequ\u00eancia da falta ou atraso de atendimento pr\u00e9-hospitalar imediato. Promover a capacita\u00e7\u00e3o profissional, mantendo os Empregados P\u00fablicos habilitados a desempenhar suas atividades de maneira adequada e eficaz. Promover a harmonia organizacional atrav\u00e9s de um clima favor\u00e1vel, resultante da integra\u00e7\u00e3o dos Empregados P\u00fablicos e de uma recep\u00e7\u00e3o acolhedora aos usu\u00e1rios. Assegurar a gest\u00e3o de qualidade por meio do planejamento das atividades e da utiliza\u00e7\u00e3o, avalia\u00e7\u00e3o e aprimoramento cont\u00ednuo do Servi\u00e7o de Atendimento M\u00f3vel de Urg\u00eancia.<\/p>\n","protected":false},"excerpt":{"rendered":"<p>NOSSA HIST\u00d3RIA O SAMU192 foi criado em maio de 2021, inicialmente formado por 14 munic\u00edpios da regi\u00e3o Noroeste do Estado do Esp\u00edrito Santo, como uma a\u00e7\u00e3o de esfor\u00e7o conjunto para gerenciar o Servi\u00e7o de Atendimento M\u00f3vel de Urg\u00eancia \u2013 SAMU192. O in\u00edcio das atividades de atendimento do SAMU Regi\u00e3o Noroeste se deu em 02 agosto de 2021, com a instala\u00e7\u00e3o das bases descentralizadas nos 14 munic\u00edpios que est\u00e3o sob a responsabilidade da dire\u00e7\u00e3o do CIM Noroeste, sediada em Aguia Branca. Atualmente o CIM NOROESTE \u00e9 composto de 16 munic\u00edpios e oferece um servi\u00e7o de excel\u00eancia a uma popula\u00e7\u00e3o que ultrapassa 353.786 mil pessoas. Procuramos ainda, valorizar nossa equipe de Empregados P\u00fablicos por meio de uma gest\u00e3o mais participativa e pr\u00e1ticas de desenvolvimento que estimulem o potencial humano. NOSSO SERVI\u00c7O O Servi\u00e7o de Atendimento M\u00f3vel de Urg\u00eancia &#8211; SAMU 192 funciona por meio de uma gest\u00e3o unificada entre Minist\u00e9rio da Sa\u00fade e os governos estaduais, municipais e respectivos conselhos e secretarias de sa\u00fade. Especializado no atendimento pr\u00e9-hospitalar m\u00f3vel atende, de forma gratuita, aos casos de urg\u00eancia e emerg\u00eancia 24 horas por dia com equipes de profissionais de sa\u00fade altamente capacitados. Faz parte da Pol\u00edtica Nacional de Urg\u00eancia e Emerg\u00eancia com o objetivo de melhorar o atendimento \u00e0 popula\u00e7\u00e3o em situa\u00e7\u00f5es de dano grave \u00e0 sa\u00fade, seja de natureza cl\u00ednica, traum\u00e1tica, obst\u00e9trica, pedi\u00e1trica, psiqui\u00e1trica, entre outras. O Servi\u00e7o de Atendimento M\u00f3vel de Urg\u00eancia \u2013 SAMU realiza atendimentos usando a telemedicina atrav\u00e9s da central de regula\u00e7\u00e3o m\u00e9dica de urg\u00eancias, composta por profissionais capacitados e m\u00e9dicos reguladores treinados para orientar quanto a procedimentos de primeiros socorros por telefone entre outras orienta\u00e7\u00f5es m\u00e9dicas. S\u00e3o esses profissionais que definem o tipo de atendimento, e, se necess\u00e1rio, o envio de ambul\u00e2ncias e equipe adequada para o atendimento de cada caso Unidade de Suporte Avan\u00e7ado \u2013 USA ou Unidade de Suporte B\u00e1sico &#8211; USB. O SAMU atua em diversos lugares: resid\u00eancias, locais de trabalho e vias p\u00fablicas, e conta com equipes de sa\u00fade que re\u00fanem m\u00e9dicos, enfermeiros, t\u00e9cnicos de enfermagem e condutores socorristas, al\u00e9m de equipe de apoio administrativo. O Servi\u00e7o de Atendimento M\u00f3vel de Urg\u00eancia \u2013 SAMU tem como finalidade ofertar aos usu\u00e1rios atendimento pr\u00e9-hospitalar, garantindo qualidade e agilidade nos atendimentos de urg\u00eancia e emerg\u00eancia, prevenindo agravos e preservando a vida e a integridade dos pacientes atendidos. tem como filosofias a universalidade, a integralidade, a descentraliza\u00e7\u00e3o e a humaniza\u00e7\u00e3o, diretrizes que norteiam a atua\u00e7\u00e3o do SUS a que todo e qualquer cidad\u00e3o tem direito. NOSSO COMPROMISSO COM O USU\u00c1RIO O SAMU192 CIM NOROESTE &#8211; ES se compromete com a leitura ordenada das necessidades sociais em sa\u00fade e sob o imperativo das necessidades humanas nas urg\u00eancias. O diagn\u00f3stico destas necessidades \u00e9 feito a partir da observa\u00e7\u00e3o, da avalia\u00e7\u00e3o e da discuss\u00e3o dos diversos territ\u00f3rios sociais com seus diferentes grupos humanos e atores sociais envolvidos na promo\u00e7\u00e3o, preven\u00e7\u00e3o, aten\u00e7\u00e3o e recupera\u00e7\u00e3o aos agravos \u00e0 sa\u00fade, como conselhos de sa\u00fade, gestores de sa\u00fade, trabalhadores da sa\u00fade, prestadores de servi\u00e7os, usu\u00e1rios, conselhos de classe e outros. Ademais, \u00e9 imperioso ressaltar a necessidade de se assegurar a cordialidade, efici\u00eancia, respeito e \u00e9tica com nossos usu\u00e1rios, fornecendo orienta\u00e7\u00f5es e informa\u00e7\u00f5es claras para atendimento de suas necessidades e objetivos. Apresentar-se sempre dispon\u00edvel e de forma motivada ao atende- los. No atendimento pr\u00e9-hospitalar de urg\u00eancia, a equipe deve zelar pela prote\u00e7\u00e3o da v\u00edtima, considerando que o profissional deve ter compet\u00eancia n\u00e3o somente t\u00e9cnica, mas tamb\u00e9m humana, apresentando sensibilidade para tomar decis\u00f5es de forma \u00e9tica e alinhada com a Regula\u00e7\u00e3o M\u00e9dica, a fim de manter a integridade da pessoa, buscando quais as melhores e mais dispon\u00edveis solu\u00e7\u00f5es que se t\u00eam, diante das reais circunst\u00e2ncias que a v\u00edtima se encontra. Assim, o SAMU192 CIM NOROESTE &#8211; ES visa superar as expectativas de cada USU\u00c1RIO, investindo sempre no aperfei\u00e7oamento profissional dos empregados p\u00fablicos e consequentemente na melhoria de nossos servi\u00e7os. OBJETIVOS Realizar atendimentos resolutivos \u00e0 popula\u00e7\u00e3o no que tange \u00e0 Urg\u00eancia e Emerg\u00eancia. Diminuir o tempo de interna\u00e7\u00e3o e as poss\u00edveis sequelas que possam aparecer como consequ\u00eancia da falta ou atraso de atendimento pr\u00e9-hospitalar imediato. Promover a capacita\u00e7\u00e3o profissional, mantendo os Empregados P\u00fablicos habilitados a desempenhar suas atividades de maneira adequada e eficaz. Promover a harmonia organizacional atrav\u00e9s de um clima favor\u00e1vel, resultante da integra\u00e7\u00e3o dos Empregados P\u00fablicos e de uma recep\u00e7\u00e3o acolhedora aos usu\u00e1rios. Assegurar a gest\u00e3o de qualidade por meio do planejamento das atividades e da utiliza\u00e7\u00e3o, avalia\u00e7\u00e3o e aprimoramento cont\u00ednuo do Servi\u00e7o de Atendimento M\u00f3vel de Urg\u00eancia.<\/p>\n","protected":false},"author":2,"featured_media":0,"parent":0,"menu_order":0,"comment_status":"closed","ping_status":"closed","template":"","meta":{"footnotes":""},"class_list":["post-5073","page","type-page","status-publish","hentry"],"_links":{"self":[{"href":"https:\/\/cimnoroeste.es.gov.br\/index.php?rest_route=\/wp\/v2\/pages\/5073","targetHints":{"allow":["GET"]}}],"collection":[{"href":"https:\/\/cimnoroeste.es.gov.br\/index.php?rest_route=\/wp\/v2\/pages"}],"about":[{"href":"https:\/\/cimnoroeste.es.gov.br\/index.php?rest_route=\/wp\/v2\/types\/page"}],"author":[{"embeddable":true,"href":"https:\/\/cimnoroeste.es.gov.br\/index.php?rest_route=\/wp\/v2\/users\/2"}],"replies":[{"embeddable":true,"href":"https:\/\/cimnoroeste.es.gov.br\/index.php?rest_route=%2Fwp%2Fv2%2Fcomments&post=5073"}],"version-history":[{"count":1,"href":"https:\/\/cimnoroeste.es.gov.br\/index.php?rest_route=\/wp\/v2\/pages\/5073\/revisions"}],"predecessor-version":[{"id":5074,"href":"https:\/\/cimnoroeste.es.gov.br\/index.php?rest_route=\/wp\/v2\/pages\/5073\/revisions\/5074"}],"wp:attachment":[{"href":"https:\/\/cimnoroeste.es.gov.br\/index.php?rest_route=%2Fwp%2Fv2%2Fmedia&parent=5073"}],"curies":[{"name":"wp","href":"https:\/\/api.w.org\/{rel}","templated":true}]}}