{"id":6436,"date":"2025-10-13T14:39:45","date_gmt":"2025-10-13T17:39:45","guid":{"rendered":"https:\/\/cimnoroeste.es.gov.br\/?page_id=6436"},"modified":"2025-10-13T14:40:45","modified_gmt":"2025-10-13T17:40:45","slug":"realidade-virtual","status":"publish","type":"page","link":"https:\/\/cimnoroeste.es.gov.br\/?page_id=6436","title":{"rendered":"Realidade Virtual"},"content":{"rendered":"<p data-start=\"0\" data-end=\"499\"><img loading=\"lazy\" decoding=\"async\" class=\" wp-image-6425 alignleft\" src=\"https:\/\/cimnoroeste.es.gov.br\/wp-content\/uploads\/2025\/10\/WhatsApp-Image-2025-10-13-at-14.24.36-e1760376617370.jpeg\" alt=\"\" width=\"308\" height=\"479\" \/>O <span class=\"hover:entity-accent entity-underline inline cursor-pointer align-baseline\"><span class=\"whitespace-normal\">CIM Noroeste<\/span><\/span> acaba de dar um passo in\u00e9dito na promo\u00e7\u00e3o do turismo regional com o lan\u00e7amento do <strong data-start=\"122\" data-end=\"159\">Simulador de Voo de Bal\u00e3o Virtual<\/strong>, uma iniciativa que une <strong data-start=\"184\" data-end=\"231\">inova\u00e7\u00e3o, tecnologia e valoriza\u00e7\u00e3o cultural<\/strong>. Com a aquisi\u00e7\u00e3o de um bal\u00e3o cenogr\u00e1fico exclusivo e a distribui\u00e7\u00e3o de \u00f3culos de realidade virtual aos munic\u00edpios consorciados, o projeto oferece ao p\u00fablico a experi\u00eancia \u00fanica de <strong data-start=\"412\" data-end=\"496\">sobrevoar paisagens e atrativos tur\u00edsticos do Noroeste capixaba sem sair do ch\u00e3o<\/strong>.<\/p>\n<p data-start=\"501\" data-end=\"908\">A a\u00e7\u00e3o \u00e9 conduzida pela C\u00e2mara de Turismo do cons\u00f3rcio, em parceria com as prefeituras municipais, e tem como objetivo <strong data-start=\"620\" data-end=\"706\">aproximar moradores, turistas e estudantes da riqueza natural e cultural da regi\u00e3o<\/strong>. Durante a experi\u00eancia, os participantes embarcam em uma jornada imersiva, visualizando cen\u00e1rios reais e emblem\u00e1ticos de cada munic\u00edpio, despertando encantamento e orgulho pelo territ\u00f3rio em que vivem.<\/p>\n<p data-start=\"910\" data-end=\"1259\">Al\u00e9m de ser uma ferramenta moderna de divulga\u00e7\u00e3o tur\u00edstica, o simulador representa um marco no fortalecimento do turismo regional. A iniciativa refor\u00e7a a <strong data-start=\"1064\" data-end=\"1111\">integra\u00e7\u00e3o entre os munic\u00edpios consorciados<\/strong>, estimula o sentimento de pertencimento e apresenta uma nova forma de promover os atrativos locais \u2014 de maneira acess\u00edvel, criativa e envolvente.<\/p>\n<p data-start=\"1261\" data-end=\"1481\">O projeto tamb\u00e9m valoriza os <strong data-start=\"1290\" data-end=\"1328\">28 anos de atua\u00e7\u00e3o do CIM Noroeste<\/strong>, destacando o site <strong data-start=\"1348\" data-end=\"1373\">\u201cDescubra o Noroeste\u201d<\/strong>, que re\u00fane informa\u00e7\u00f5es sobre os principais pontos tur\u00edsticos, rotas e experi\u00eancias dispon\u00edveis na regi\u00e3o.<\/p>\n<p data-start=\"1483\" data-end=\"1792\">A \u201cViagem de Bal\u00e3o Virtual\u201d j\u00e1 est\u00e1 percorrendo as cidades consorciadas e tem encantado alunos, moradores e visitantes. Mais do que uma atra\u00e7\u00e3o tecnol\u00f3gica, o projeto simboliza <strong data-start=\"1660\" data-end=\"1704\">uni\u00e3o, desenvolvimento e vis\u00e3o de futuro<\/strong>, consolidando o CIM Noroeste como refer\u00eancia em inova\u00e7\u00e3o tur\u00edstica no Esp\u00edrito Santo.<\/p>\n<p data-start=\"1794\" data-end=\"1892\" data-is-last-node=\"\" data-is-only-node=\"\"><strong data-start=\"1796\" data-end=\"1892\" data-is-last-node=\"\">Tecnologia, cultura e turismo caminhando juntos para impulsionar o desenvolvimento regional.<\/strong><\/p>\n","protected":false},"excerpt":{"rendered":"<p>O CIM Noroeste acaba de dar um passo in\u00e9dito na promo\u00e7\u00e3o do turismo regional com o lan\u00e7amento do Simulador de Voo de Bal\u00e3o Virtual, uma iniciativa que une inova\u00e7\u00e3o, tecnologia e valoriza\u00e7\u00e3o cultural. Com a aquisi\u00e7\u00e3o de um bal\u00e3o cenogr\u00e1fico exclusivo e a distribui\u00e7\u00e3o de \u00f3culos de realidade virtual aos munic\u00edpios consorciados, o projeto oferece ao p\u00fablico a experi\u00eancia \u00fanica de sobrevoar paisagens e atrativos tur\u00edsticos do Noroeste capixaba sem sair do ch\u00e3o. A a\u00e7\u00e3o \u00e9 conduzida pela C\u00e2mara de Turismo do cons\u00f3rcio, em parceria com as prefeituras municipais, e tem como objetivo aproximar moradores, turistas e estudantes da riqueza natural e cultural da regi\u00e3o. Durante a experi\u00eancia, os participantes embarcam em uma jornada imersiva, visualizando cen\u00e1rios reais e emblem\u00e1ticos de cada munic\u00edpio, despertando encantamento e orgulho pelo territ\u00f3rio em que vivem. Al\u00e9m de ser uma ferramenta moderna de divulga\u00e7\u00e3o tur\u00edstica, o simulador representa um marco no fortalecimento do turismo regional. A iniciativa refor\u00e7a a integra\u00e7\u00e3o entre os munic\u00edpios consorciados, estimula o sentimento de pertencimento e apresenta uma nova forma de promover os atrativos locais \u2014 de maneira acess\u00edvel, criativa e envolvente. O projeto tamb\u00e9m valoriza os 28 anos de atua\u00e7\u00e3o do CIM Noroeste, destacando o site \u201cDescubra o Noroeste\u201d, que re\u00fane informa\u00e7\u00f5es sobre os principais pontos tur\u00edsticos, rotas e experi\u00eancias dispon\u00edveis na regi\u00e3o. A \u201cViagem de Bal\u00e3o Virtual\u201d j\u00e1 est\u00e1 percorrendo as cidades consorciadas e tem encantado alunos, moradores e visitantes. Mais do que uma atra\u00e7\u00e3o tecnol\u00f3gica, o projeto simboliza uni\u00e3o, desenvolvimento e vis\u00e3o de futuro, consolidando o CIM Noroeste como refer\u00eancia em inova\u00e7\u00e3o tur\u00edstica no Esp\u00edrito Santo. Tecnologia, cultura e turismo caminhando juntos para impulsionar o desenvolvimento regional.<\/p>\n","protected":false},"author":1,"featured_media":0,"parent":0,"menu_order":0,"comment_status":"closed","ping_status":"closed","template":"","meta":{"footnotes":""},"class_list":["post-6436","page","type-page","status-publish","hentry"],"_links":{"self":[{"href":"https:\/\/cimnoroeste.es.gov.br\/index.php?rest_route=\/wp\/v2\/pages\/6436","targetHints":{"allow":["GET"]}}],"collection":[{"href":"https:\/\/cimnoroeste.es.gov.br\/index.php?rest_route=\/wp\/v2\/pages"}],"about":[{"href":"https:\/\/cimnoroeste.es.gov.br\/index.php?rest_route=\/wp\/v2\/types\/page"}],"author":[{"embeddable":true,"href":"https:\/\/cimnoroeste.es.gov.br\/index.php?rest_route=\/wp\/v2\/users\/1"}],"replies":[{"embeddable":true,"href":"https:\/\/cimnoroeste.es.gov.br\/index.php?rest_route=%2Fwp%2Fv2%2Fcomments&post=6436"}],"version-history":[{"count":2,"href":"https:\/\/cimnoroeste.es.gov.br\/index.php?rest_route=\/wp\/v2\/pages\/6436\/revisions"}],"predecessor-version":[{"id":6439,"href":"https:\/\/cimnoroeste.es.gov.br\/index.php?rest_route=\/wp\/v2\/pages\/6436\/revisions\/6439"}],"wp:attachment":[{"href":"https:\/\/cimnoroeste.es.gov.br\/index.php?rest_route=%2Fwp%2Fv2%2Fmedia&parent=6436"}],"curies":[{"name":"wp","href":"https:\/\/api.w.org\/{rel}","templated":true}]}}