{"id":6946,"date":"2025-10-28T11:43:41","date_gmt":"2025-10-28T14:43:41","guid":{"rendered":"https:\/\/cimnoroeste.es.gov.br\/?page_id=6946"},"modified":"2026-01-14T15:18:31","modified_gmt":"2026-01-14T18:18:31","slug":"atas-assembleia","status":"publish","type":"page","link":"https:\/\/cimnoroeste.es.gov.br\/?page_id=6946","title":{"rendered":"ATAS ASSEMBLEIA"},"content":{"rendered":"<p data-start=\"0\" data-end=\"44\"><strong data-start=\"3\" data-end=\"42\">Atas das Assembleias \u2013 CIM Noroeste<\/strong><\/p>\n<p data-start=\"46\" data-end=\"233\">O <strong data-start=\"48\" data-end=\"82\">Cons\u00f3rcio P\u00fablico CIM Noroeste<\/strong> mant\u00e9m um compromisso cont\u00ednuo com a <strong data-start=\"120\" data-end=\"185\">transpar\u00eancia, a organiza\u00e7\u00e3o e o registro formal das decis\u00f5es<\/strong> que orientam suas a\u00e7\u00f5es e pol\u00edticas p\u00fablicas.<\/p>\n<p data-start=\"235\" data-end=\"463\">As <strong data-start=\"238\" data-end=\"262\">atas das assembleias<\/strong> re\u00fanem os registros oficiais de todas as reuni\u00f5es realizadas pelo cons\u00f3rcio, documentando delibera\u00e7\u00f5es, encaminhamentos, aprova\u00e7\u00f5es de pautas e demais decis\u00f5es tomadas pelos munic\u00edpios consorciados.<\/p>\n<p data-start=\"465\" data-end=\"720\">Esses registros s\u00e3o essenciais para assegurar a <strong data-start=\"513\" data-end=\"562\">gest\u00e3o participativa, respons\u00e1vel e integrada<\/strong>, permitindo que prefeitos, secret\u00e1rios e demais representantes acompanhem o hist\u00f3rico das decis\u00f5es e o desenvolvimento das a\u00e7\u00f5es conjuntas do CIM Noroeste.<\/p>\n<p data-start=\"722\" data-end=\"861\" data-is-last-node=\"\" data-is-only-node=\"\">A seguir, voc\u00ea poder\u00e1 acessar todas as <strong data-start=\"761\" data-end=\"796\">atas das assembleias realizadas<\/strong>, garantindo informa\u00e7\u00e3o clara e acesso \u00e0 governan\u00e7a do cons\u00f3rcio.<\/p>\n<p>&nbsp;<\/p>\n<p>ATAS 2025<\/p>\n<p><a href=\"https:\/\/cimnoroeste.es.gov.br\/wp-content\/uploads\/2025\/10\/ATA-No-01-2025-ASSEMBLEIA-GERAL-ORDINARIA-CIM-NOROESTE-v4.pdf\">ATA N\u00ba 01<\/a><\/p>\n<p><a href=\"https:\/\/cimnoroeste.es.gov.br\/wp-content\/uploads\/2025\/10\/ATA-No-02-2025-ASSEMBLEIA-GERAL-ORDINARIA-CIM-NOROESTE-v3-2.pdf\">ATA N\u00ba 02<\/a><\/p>\n<p><a href=\"https:\/\/cimnoroeste.es.gov.br\/wp-content\/uploads\/2025\/12\/ATA-No-003-2025-ASSEMBLEIA-GERAL-EXTRAORDINARIA-CIM-NOROESTE-10-09-2025.pdf\">ATA N\u00ba 03<\/a><\/p>\n<p>&nbsp;<\/p>\n<p>ATAS 2024<\/p>\n<p><a href=\"https:\/\/cimnoroeste.es.gov.br\/wp-content\/uploads\/2025\/10\/ATA-No-01-2024-ASSEMBLEIA-GERAL-EXTRAORDINARIA-CIM-NOROESTE-v5.pdf\">ATA N\u00ba 01<\/a><\/p>\n<p><a href=\"https:\/\/cimnoroeste.es.gov.br\/wp-content\/uploads\/2025\/10\/ATA-No-02-2024-AGO-CIM-NOROESTE-14-03-2024v3.pdf\">ATA N\u00ba 02<\/a><\/p>\n<p><a href=\"https:\/\/cimnoroeste.es.gov.br\/wp-content\/uploads\/2025\/10\/ATA-No-03-2024-ASSEMBLEIA-GERAL-ORDINARIA-CIM-NOROESTE-v5-30-07-2024.pdf\">ATA N\u00ba 03<\/a><\/p>\n<p><a href=\"https:\/\/cimnoroeste.es.gov.br\/wp-content\/uploads\/2025\/10\/ATA-No-04-2024-ASSEMBLEIA-GERAL-EXTRAORDINARIA-ATA-DE-ELEICAO-BIENIO-2025-2026-assinada.pdf\">ATA N\u00ba 04<\/a><\/p>\n<p><a href=\"https:\/\/cimnoroeste.es.gov.br\/wp-content\/uploads\/2025\/10\/ATA-No-05-2024-ASSEMBLEIA-GERAL-ORDINARIA-CIM-NOROESTE-V3.pdf\">ATA N\u00ba 05<\/a><\/p>\n<p>&nbsp;<\/p>\n<p>ATAS 2023<\/p>\n<p><a href=\"https:\/\/cimnoroeste.es.gov.br\/wp-content\/uploads\/2025\/10\/ATA-No-01-2023-AGO-CIM-NOROESTE-02-03-2023-v6.pdf\">ATA N\u00ba 01\u00a0<\/a><\/p>\n<p><a href=\"https:\/\/cimnoroeste.es.gov.br\/wp-content\/uploads\/2025\/10\/ATA-No-02-2023-ASSEMBLEIA-GERAL-EXTRAORDINARIA-CIM-NOROESTE.pdf\">ATA N\u00ba 02<\/a><\/p>\n<p><a href=\"https:\/\/cimnoroeste.es.gov.br\/wp-content\/uploads\/2025\/10\/ATA-No-03-2023-AGO-CIM-NOROESTE-de-11-08-2023-APROV.-ORCAMENTO-2024.pdf\">ATA N\u00ba 03<\/a><\/p>\n<p><a href=\"https:\/\/cimnoroeste.es.gov.br\/wp-content\/uploads\/2025\/10\/ATA-No-04-2023-ASSEMBLEIA-GERAL-ORDINARIA-CIM-NOROESTE-v2correta.pdf\">ATA N\u00ba 04<\/a><\/p>\n<p>&nbsp;<\/p>\n<p>ATAS 2022<\/p>\n<p><a href=\"https:\/\/cimnoroeste.es.gov.br\/wp-content\/uploads\/2025\/10\/ATA-No-01-2022-AGO-CIM-NOROESTE-17-03-2021-V.3.pdf\">ATA N\u00ba 01\u00a0<\/a><\/p>\n<p><a href=\"https:\/\/cimnoroeste.es.gov.br\/wp-content\/uploads\/2025\/10\/ATA-No-02-2022-AGE-CIM-NOROESTE-03-06-2022-v2.pdf\">ATA N\u00ba 02\u00a0<\/a><\/p>\n<p><a href=\"https:\/\/cimnoroeste.es.gov.br\/wp-content\/uploads\/2025\/10\/ATA-No-03-2022-AGE-CIM-NOROESTE-10.06.2022-v3.pdf\">ATA N\u00ba 03\u00a0<\/a><\/p>\n<p><a href=\"https:\/\/cimnoroeste.es.gov.br\/wp-content\/uploads\/2025\/10\/ATA-No-04-2022-ASSEMBLEIA-GERAL-ORDINARIA-CIM-NOROESTE-11-08-22-v3.pdf\">ATA N\u00ba 04\u00a0<\/a><\/p>\n<p><a href=\"https:\/\/cimnoroeste.es.gov.br\/wp-content\/uploads\/2025\/10\/ATA-No-05-2022-AGE-CIM-NOROESTE-de-30-11-2022-v2.pdf\">ATA N\u00ba 05\u00a0<\/a><\/p>\n<p><a href=\"https:\/\/cimnoroeste.es.gov.br\/wp-content\/uploads\/2025\/10\/ATA-No-06-2022-ASSEMBLEIA-GERAL-ORDINARIA-CIM-NOROESTE-v3.pdf\">ATA N\u00ba 06\u00a0<\/a><\/p>\n<p>&nbsp;<\/p>\n<p>ATAS 2021<br \/>\n<a href=\"https:\/\/cimnoroeste.es.gov.br\/wp-content\/uploads\/2025\/10\/ATA-01-A.G.E.-08-01-2021-v4.pdf\"><br \/>\nATA N\u00ba 01<\/a><\/p>\n<p><a href=\"https:\/\/cimnoroeste.es.gov.br\/wp-content\/uploads\/2025\/10\/ATA-02-A.G.O.-03-03-2021-v3.pdf\">ATA N\u00ba 02<\/a><\/p>\n<p><a href=\"https:\/\/cimnoroeste.es.gov.br\/wp-content\/uploads\/2025\/10\/ATA-03-ASSEMBLEIA-GERAL-ORDINARIA-15-07-2021v3.pdf\">ATA N\u00ba 03 <\/a><\/p>\n<p><a href=\"https:\/\/cimnoroeste.es.gov.br\/wp-content\/uploads\/2025\/10\/ATA-No-04-2021-AGE-CIM-NOROESTE-15-07-21-v3.pdf\">ATA N\u00ba 04 <\/a><\/p>\n<p><a href=\"https:\/\/cimnoroeste.es.gov.br\/wp-content\/uploads\/2025\/10\/ATA-No-05-2021-ASSEMBLEIA-GERAL-ORDINARIA-CIM-NOROESTE-27-08-21-v5.pdf\">ATA N\u00ba 05 <\/a><\/p>\n<p><a href=\"https:\/\/cimnoroeste.es.gov.br\/wp-content\/uploads\/2025\/10\/ATA-No-06-2021-ASSEMBLEIA-GERAL-ORDINARIA-CIM-NOROESTE-17-12-21-v5.pdf\">ATA N\u00ba 06<\/a><\/p>\n<p>&nbsp;<\/p>\n<p>ATAS 2020<\/p>\n<p><a href=\"https:\/\/cimnoroeste.es.gov.br\/wp-content\/uploads\/2026\/01\/ATA-01-REUNIAO-ASSEM-GERAL-ORDINARIA-21-01-2020-V4.pdf\">ATA N\u00ba 01\u00a0<\/a><\/p>\n<p><a href=\"https:\/\/cimnoroeste.es.gov.br\/wp-content\/uploads\/2026\/01\/ATA-02-REUNIAO-ASSEM-GERAL-EXTRAORDINARIA-VIRTUAL-14-04-2020-v6.pdf\">ATA N\u00ba 02\u00a0<\/a><\/p>\n<p><a href=\"https:\/\/cimnoroeste.es.gov.br\/wp-content\/uploads\/2026\/01\/ATA-03-REUNIAO-ASSEM-GERAL-EXTRAORDINARIA-VIRTUAL-12-05-2020v9.pdf\">ATA N\u00ba 03\u00a0<\/a><\/p>\n<p><a href=\"https:\/\/cimnoroeste.es.gov.br\/wp-content\/uploads\/2026\/01\/ATA-04-REUNIAO-ASSEM-GERAL-ORDINARIA-12-08-2020v2assinado.pdf\">ATA N\u00ba 04\u00a0<\/a><\/p>\n<p>&nbsp;<\/p>\n<p>ATAS 2019<\/p>\n<p><a href=\"https:\/\/cimnoroeste.es.gov.br\/wp-content\/uploads\/2026\/01\/ATA-01-REUNIAO-ASSEM-GERAL-ORDINARIA-26-03-2019.pdf\">ATA N\u00ba 01\u00a0<\/a><\/p>\n<p><a href=\"https:\/\/cimnoroeste.es.gov.br\/wp-content\/uploads\/2026\/01\/ATA-02-REUNIAO-ASSEM-GERAL-EXTRAORDINARIA-03-04-2019-v4.pdf\">ATA N\u00ba 02\u00a0<\/a><\/p>\n<p><a href=\"https:\/\/cimnoroeste.es.gov.br\/wp-content\/uploads\/2026\/01\/ATA-03-REUNIAO-ASSEM-GERAL-EXTRAORDINARIA-V4.pdf\">ATA N\u00ba 03<\/a><\/p>\n<p><a href=\"https:\/\/cimnoroeste.es.gov.br\/wp-content\/uploads\/2026\/01\/ATA-04-REUNIAO-ASSEM-GERAL-ORDINARIA-25-07-2019-v6.pdf\">ATA N\u00ba 04<\/a><\/p>\n<p><a href=\"https:\/\/cimnoroeste.es.gov.br\/wp-content\/uploads\/2026\/01\/ATA-05-REUNIAO-ASSEM-GERAL-ORDINARIA-29-11-2019-v4.pdf\">ATA N\u00ba 05<\/a><\/p>\n<p>&nbsp;<\/p>\n<p>ATAS 2018<\/p>\n<p><a href=\"https:\/\/cimnoroeste.es.gov.br\/wp-content\/uploads\/2026\/01\/ATA-01-A.G.O-18-01-2018-v4.pdf\">ATA N\u00ba 01 <\/a><\/p>\n<p><a href=\"https:\/\/cimnoroeste.es.gov.br\/wp-content\/uploads\/2026\/01\/ATA-02-A.G.E-28-03-2018.pdf\">ATA N\u00ba 02<\/a><\/p>\n<p><a href=\"https:\/\/cimnoroeste.es.gov.br\/wp-content\/uploads\/2026\/01\/ATA-03-2018-AGO-22-08-2018-v5.pdf\">ATA N\u00ba 03<\/a><\/p>\n<p><a href=\"https:\/\/cimnoroeste.es.gov.br\/wp-content\/uploads\/2026\/01\/ATA-04-A.G.E.-13-11-2018-v3.pdf\">ATA N\u00ba 04<\/a><\/p>\n<p>&nbsp;<\/p>\n<p>ATAS 2017<\/p>\n<p><a href=\"https:\/\/cimnoroeste.es.gov.br\/wp-content\/uploads\/2026\/01\/ATA-01-A.G.E.-26-01-2017-v3.pdf\">ATA N\u00ba 01\u00a0<\/a><\/p>\n<p><a href=\"https:\/\/cimnoroeste.es.gov.br\/wp-content\/uploads\/2026\/01\/ATA-02-A.G.O-28-03-2017-v5-1.pdf\">ATA N\u00ba 02<\/a><\/p>\n<p><a href=\"https:\/\/cimnoroeste.es.gov.br\/wp-content\/uploads\/2026\/01\/ATA-03-A.G.O-21-06-2017-v5.pdf\">ATA N\u00ba 03<\/a><\/p>\n<p><a href=\"https:\/\/cimnoroeste.es.gov.br\/wp-content\/uploads\/2026\/01\/ATA-04-A.G.E-21-07-2017-v5.pdf\">ATA N\u00ba 04<\/a><\/p>\n<p><a href=\"https:\/\/cimnoroeste.es.gov.br\/wp-content\/uploads\/2026\/01\/ATA-05-AGE-24-08-2017-v3.pdf\">ATA N\u00ba 05 <\/a><\/p>\n<p><a href=\"https:\/\/cimnoroeste.es.gov.br\/wp-content\/uploads\/2026\/01\/ATA-06-A.G.E.-29-09-2017-v2.pdf\">ATA N\u00ba 06<\/a><\/p>\n<p><a href=\"https:\/\/cimnoroeste.es.gov.br\/wp-content\/uploads\/2026\/01\/ATA-07-ASS-GERAL-08-12-2017-v2.pdf\">ATA N\u00ba 07<\/a><\/p>\n<p>&nbsp;<\/p>\n<p>ATAS 2016<\/p>\n<p><a href=\"https:\/\/cimnoroeste.es.gov.br\/wp-content\/uploads\/2026\/01\/ATA-No-01-ASS-GERAL-22-03-2016-v4.pdf\">ATA N\u00ba 01<\/a><\/p>\n<p><a href=\"https:\/\/cimnoroeste.es.gov.br\/wp-content\/uploads\/2026\/01\/ATA-No-02-ASS-GERAL-16-06-2016-v3.pdf\">ATA N\u00ba 02\u00a0<\/a><\/p>\n<p><a href=\"https:\/\/cimnoroeste.es.gov.br\/wp-content\/uploads\/2026\/01\/ATA-03-ASS-GERAL-24-08-2016-v4.pdf\">ATA N\u00ba 03\u00a0<\/a><\/p>\n<p><a href=\"https:\/\/cimnoroeste.es.gov.br\/wp-content\/uploads\/2026\/01\/ATA-04-ASS-GERAL-25-11-2016-v2.pdf\">ATA N\u00ba 04\u00a0<\/a><\/p>\n","protected":false},"excerpt":{"rendered":"<p>Atas das Assembleias \u2013 CIM Noroeste O Cons\u00f3rcio P\u00fablico CIM Noroeste mant\u00e9m um compromisso cont\u00ednuo com a transpar\u00eancia, a organiza\u00e7\u00e3o e o registro formal das decis\u00f5es que orientam suas a\u00e7\u00f5es e pol\u00edticas p\u00fablicas. As atas das assembleias re\u00fanem os registros oficiais de todas as reuni\u00f5es realizadas pelo cons\u00f3rcio, documentando delibera\u00e7\u00f5es, encaminhamentos, aprova\u00e7\u00f5es de pautas e demais decis\u00f5es tomadas pelos munic\u00edpios consorciados. Esses registros s\u00e3o essenciais para assegurar a gest\u00e3o participativa, respons\u00e1vel e integrada, permitindo que prefeitos, secret\u00e1rios e demais representantes acompanhem o hist\u00f3rico das decis\u00f5es e o desenvolvimento das a\u00e7\u00f5es conjuntas do CIM Noroeste. A seguir, voc\u00ea poder\u00e1 acessar todas as atas das assembleias realizadas, garantindo informa\u00e7\u00e3o clara e acesso \u00e0 governan\u00e7a do cons\u00f3rcio. &nbsp; ATAS 2025 ATA N\u00ba 01 ATA N\u00ba 02 ATA N\u00ba 03 &nbsp; ATAS 2024 ATA N\u00ba 01 ATA N\u00ba 02 ATA N\u00ba 03 ATA N\u00ba 04 ATA N\u00ba 05 &nbsp; ATAS 2023 ATA N\u00ba 01\u00a0 ATA N\u00ba 02 ATA N\u00ba 03 ATA N\u00ba 04 &nbsp; ATAS 2022 ATA N\u00ba 01\u00a0 ATA N\u00ba 02\u00a0 ATA N\u00ba 03\u00a0 ATA N\u00ba 04\u00a0 ATA N\u00ba 05\u00a0 ATA N\u00ba 06\u00a0 &nbsp; ATAS 2021 ATA N\u00ba 01 ATA N\u00ba 02 ATA N\u00ba 03 ATA N\u00ba 04 ATA N\u00ba 05 ATA N\u00ba 06 &nbsp; ATAS 2020 ATA N\u00ba 01\u00a0 ATA N\u00ba 02\u00a0 ATA N\u00ba 03\u00a0 ATA N\u00ba 04\u00a0 &nbsp; ATAS 2019 ATA N\u00ba 01\u00a0 ATA N\u00ba 02\u00a0 ATA N\u00ba 03 ATA N\u00ba 04 ATA N\u00ba 05 &nbsp; ATAS 2018 ATA N\u00ba 01 ATA N\u00ba 02 ATA N\u00ba 03 ATA N\u00ba 04 &nbsp; ATAS 2017 ATA N\u00ba 01\u00a0 ATA N\u00ba 02 ATA N\u00ba 03 ATA N\u00ba 04 ATA N\u00ba 05 ATA N\u00ba 06 ATA N\u00ba 07 &nbsp; ATAS 2016 ATA N\u00ba 01 ATA N\u00ba 02\u00a0 ATA N\u00ba 03\u00a0 ATA N\u00ba 04\u00a0<\/p>\n","protected":false},"author":1,"featured_media":0,"parent":0,"menu_order":0,"comment_status":"closed","ping_status":"closed","template":"","meta":{"footnotes":""},"class_list":["post-6946","page","type-page","status-publish","hentry"],"_links":{"self":[{"href":"https:\/\/cimnoroeste.es.gov.br\/index.php?rest_route=\/wp\/v2\/pages\/6946","targetHints":{"allow":["GET"]}}],"collection":[{"href":"https:\/\/cimnoroeste.es.gov.br\/index.php?rest_route=\/wp\/v2\/pages"}],"about":[{"href":"https:\/\/cimnoroeste.es.gov.br\/index.php?rest_route=\/wp\/v2\/types\/page"}],"author":[{"embeddable":true,"href":"https:\/\/cimnoroeste.es.gov.br\/index.php?rest_route=\/wp\/v2\/users\/1"}],"replies":[{"embeddable":true,"href":"https:\/\/cimnoroeste.es.gov.br\/index.php?rest_route=%2Fwp%2Fv2%2Fcomments&post=6946"}],"version-history":[{"count":10,"href":"https:\/\/cimnoroeste.es.gov.br\/index.php?rest_route=\/wp\/v2\/pages\/6946\/revisions"}],"predecessor-version":[{"id":6969,"href":"https:\/\/cimnoroeste.es.gov.br\/index.php?rest_route=\/wp\/v2\/pages\/6946\/revisions\/6969"}],"wp:attachment":[{"href":"https:\/\/cimnoroeste.es.gov.br\/index.php?rest_route=%2Fwp%2Fv2%2Fmedia&parent=6946"}],"curies":[{"name":"wp","href":"https:\/\/api.w.org\/{rel}","templated":true}]}}