{"id":6991,"date":"2025-10-28T12:46:40","date_gmt":"2025-10-28T15:46:40","guid":{"rendered":"https:\/\/cimnoroeste.es.gov.br\/?page_id=6991"},"modified":"2026-03-31T15:41:50","modified_gmt":"2026-03-31T18:41:50","slug":"atas-conselho-fiscal","status":"publish","type":"page","link":"https:\/\/cimnoroeste.es.gov.br\/?page_id=6991","title":{"rendered":"ATAS CONSELHO FISCAL"},"content":{"rendered":"<p data-start=\"0\" data-end=\"47\"><strong data-start=\"3\" data-end=\"45\">Atas do Conselho Fiscal \u2013 CIM Noroeste<\/strong><\/p>\n<p data-start=\"49\" data-end=\"333\">O <strong data-start=\"51\" data-end=\"86\">Conselho Fiscal do CIM Noroeste<\/strong> desempenha um papel fundamental na <strong data-start=\"122\" data-end=\"189\">supervis\u00e3o, acompanhamento e fiscaliza\u00e7\u00e3o cont\u00e1bil e financeira<\/strong> do cons\u00f3rcio, garantindo que todos os atos administrativos estejam em conformidade com a legisla\u00e7\u00e3o e com as boas pr\u00e1ticas de gest\u00e3o p\u00fablica.<\/p>\n<p data-start=\"335\" data-end=\"603\">As <strong data-start=\"338\" data-end=\"365\">atas do Conselho Fiscal<\/strong> registram de forma oficial todas as reuni\u00f5es, an\u00e1lises, delibera\u00e7\u00f5es e recomenda\u00e7\u00f5es emitidas pelos membros do conselho, assegurando <strong data-start=\"499\" data-end=\"545\">transpar\u00eancia, responsabilidade e controle<\/strong> sobre os recursos e processos financeiros do cons\u00f3rcio.<\/p>\n<p data-start=\"605\" data-end=\"848\">Esses documentos s\u00e3o essenciais para que prefeitos, secret\u00e1rios e demais representantes dos munic\u00edpios consorciados possam acompanhar de perto a <strong data-start=\"750\" data-end=\"771\">gest\u00e3o financeira<\/strong>, promovendo confian\u00e7a, integridade e efici\u00eancia nas a\u00e7\u00f5es do CIM Noroeste.<\/p>\n<p data-start=\"850\" data-end=\"994\" data-is-last-node=\"\" data-is-only-node=\"\">A seguir, apresentamos todas as <strong data-start=\"882\" data-end=\"909\">atas do Conselho Fiscal<\/strong>, como registro formal e acess\u00edvel das atividades deste importante \u00f3rg\u00e3o de controle.<\/p>\n<hr \/>\n<p>ATAS 2026<\/p>\n<p><strong>ATA N\u00ba 01<\/strong><\/p>\n<hr \/>\n<p>ATAS 2025<\/p>\n<p><a href=\"https:\/\/cimnoroeste.es.gov.br\/wp-content\/uploads\/2025\/10\/ATA-No-01-2025-CONSELHO-FISCAL.pdf\">ATA N\u00ba 01<\/a><\/p>\n<p><a href=\"https:\/\/cimnoroeste.es.gov.br\/wp-content\/uploads\/2026\/01\/ATA-No-02-2025-CONSELHO-FISCAL-1o-E-2o-QUADRIMESTRE-2025.pdf\">ATA N\u00ba 02\u00a0<\/a><\/p>\n<hr \/>\n<p>ATAS 2024<\/p>\n<p><a href=\"https:\/\/cimnoroeste.es.gov.br\/wp-content\/uploads\/2025\/10\/ATA-No-01-2024-CONSELHO-FISCAL.pdf\">ATA N\u00ba 01<\/a><\/p>\n<p><a href=\"https:\/\/cimnoroeste.es.gov.br\/wp-content\/uploads\/2025\/10\/ATA-No-02-2024-CONSELHO-FISCAL-1o-QUADRIMESTRE-2024-30-07-24.pdf\">ATA N\u00ba 02<\/a><\/p>\n<p><a href=\"https:\/\/cimnoroeste.es.gov.br\/wp-content\/uploads\/2025\/10\/ATA-No-03-2024-CONSELHO-FISCAL-CAMARA-SETORIAL-DE-SAUDE.pdf\">ATA N\u00ba 03<\/a><\/p>\n<hr \/>\n<p>ATAS 2023<\/p>\n<p><a href=\"https:\/\/cimnoroeste.es.gov.br\/wp-content\/uploads\/2025\/10\/ATA-No-01-2023-CONSELHO-FISCAL.pdf\">ATA N\u00ba 01<\/a><\/p>\n<p><a href=\"https:\/\/cimnoroeste.es.gov.br\/wp-content\/uploads\/2025\/10\/ATA-No-02-2023-CONSELHO-FISCAL.pdf\">ATA N\u00ba 02<\/a><\/p>\n<p><a href=\"https:\/\/cimnoroeste.es.gov.br\/wp-content\/uploads\/2025\/10\/ATA-No-03-2023-CONSELHO-FISCAL.pdf\">ATA N\u00ba 03<\/a><\/p>\n<hr \/>\n<p>ATAS 2022<\/p>\n<p><a href=\"https:\/\/cimnoroeste.es.gov.br\/wp-content\/uploads\/2025\/10\/ATA-No-01-2022-CONSELHO-FISCAL.pdf\">ATA N\u00ba 01 <\/a><\/p>\n<p><a href=\"https:\/\/cimnoroeste.es.gov.br\/wp-content\/uploads\/2025\/10\/ATA-No-02-2022-CONSELHO-FISCAL.pdf\">ATA N\u00ba 02 <\/a><\/p>\n<hr \/>\n<p>ATAS 2021<\/p>\n<p><a href=\"https:\/\/cimnoroeste.es.gov.br\/wp-content\/uploads\/2025\/10\/ATA-No-01-2021-CONSELHO-FISCAL.pdf\">ATA N\u00ba 01<\/a><\/p>\n<p><a href=\"https:\/\/cimnoroeste.es.gov.br\/wp-content\/uploads\/2025\/10\/ATA-No-02-2021-CONSELHO-FISCALv2.pdf\">ATA N\u00ba 02\u00a0<\/a><\/p>\n<p><a href=\"https:\/\/cimnoroeste.es.gov.br\/wp-content\/uploads\/2025\/10\/ATA-No-03-2021-CONSELHO-FISCALv2.pdf\">ATA N\u00ba 03\u00a0<\/a><\/p>\n<hr \/>\n<p>&nbsp;<\/p>\n","protected":false},"excerpt":{"rendered":"<p>Atas do Conselho Fiscal \u2013 CIM Noroeste O Conselho Fiscal do CIM Noroeste desempenha um papel fundamental na supervis\u00e3o, acompanhamento e fiscaliza\u00e7\u00e3o cont\u00e1bil e financeira do cons\u00f3rcio, garantindo que todos os atos administrativos estejam em conformidade com a legisla\u00e7\u00e3o e com as boas pr\u00e1ticas de gest\u00e3o p\u00fablica. As atas do Conselho Fiscal registram de forma oficial todas as reuni\u00f5es, an\u00e1lises, delibera\u00e7\u00f5es e recomenda\u00e7\u00f5es emitidas pelos membros do conselho, assegurando transpar\u00eancia, responsabilidade e controle sobre os recursos e processos financeiros do cons\u00f3rcio. Esses documentos s\u00e3o essenciais para que prefeitos, secret\u00e1rios e demais representantes dos munic\u00edpios consorciados possam acompanhar de perto a gest\u00e3o financeira, promovendo confian\u00e7a, integridade e efici\u00eancia nas a\u00e7\u00f5es do CIM Noroeste. A seguir, apresentamos todas as atas do Conselho Fiscal, como registro formal e acess\u00edvel das atividades deste importante \u00f3rg\u00e3o de controle. ATAS 2026 ATA N\u00ba 01 ATAS 2025 ATA N\u00ba 01 ATA N\u00ba 02\u00a0 ATAS 2024 ATA N\u00ba 01 ATA N\u00ba 02 ATA N\u00ba 03 ATAS 2023 ATA N\u00ba 01 ATA N\u00ba 02 ATA N\u00ba 03 ATAS 2022 ATA N\u00ba 01 ATA N\u00ba 02 ATAS 2021 ATA N\u00ba 01 ATA N\u00ba 02\u00a0 ATA N\u00ba 03\u00a0 &nbsp;<\/p>\n","protected":false},"author":1,"featured_media":0,"parent":0,"menu_order":0,"comment_status":"closed","ping_status":"closed","template":"","meta":{"footnotes":""},"class_list":["post-6991","page","type-page","status-publish","hentry"],"_links":{"self":[{"href":"https:\/\/cimnoroeste.es.gov.br\/index.php?rest_route=\/wp\/v2\/pages\/6991","targetHints":{"allow":["GET"]}}],"collection":[{"href":"https:\/\/cimnoroeste.es.gov.br\/index.php?rest_route=\/wp\/v2\/pages"}],"about":[{"href":"https:\/\/cimnoroeste.es.gov.br\/index.php?rest_route=\/wp\/v2\/types\/page"}],"author":[{"embeddable":true,"href":"https:\/\/cimnoroeste.es.gov.br\/index.php?rest_route=\/wp\/v2\/users\/1"}],"replies":[{"embeddable":true,"href":"https:\/\/cimnoroeste.es.gov.br\/index.php?rest_route=%2Fwp%2Fv2%2Fcomments&post=6991"}],"version-history":[{"count":10,"href":"https:\/\/cimnoroeste.es.gov.br\/index.php?rest_route=\/wp\/v2\/pages\/6991\/revisions"}],"predecessor-version":[{"id":7661,"href":"https:\/\/cimnoroeste.es.gov.br\/index.php?rest_route=\/wp\/v2\/pages\/6991\/revisions\/7661"}],"wp:attachment":[{"href":"https:\/\/cimnoroeste.es.gov.br\/index.php?rest_route=%2Fwp%2Fv2%2Fmedia&parent=6991"}],"curies":[{"name":"wp","href":"https:\/\/api.w.org\/{rel}","templated":true}]}}