{"id":7012,"date":"2025-10-28T12:56:34","date_gmt":"2025-10-28T15:56:34","guid":{"rendered":"https:\/\/cimnoroeste.es.gov.br\/?page_id=7012"},"modified":"2026-03-31T15:40:51","modified_gmt":"2026-03-31T18:40:51","slug":"parecer-conselho-fiscal","status":"publish","type":"page","link":"https:\/\/cimnoroeste.es.gov.br\/?page_id=7012","title":{"rendered":"PARECER CONSELHO FISCAL"},"content":{"rendered":"<p data-start=\"0\" data-end=\"47\"><strong data-start=\"3\" data-end=\"45\">Atas do Conselho Fiscal \u2013 CIM Noroeste<\/strong><\/p>\n<p data-start=\"49\" data-end=\"333\">O <strong data-start=\"51\" data-end=\"86\">Conselho Fiscal do CIM Noroeste<\/strong> desempenha um papel fundamental na <strong data-start=\"122\" data-end=\"189\">supervis\u00e3o, acompanhamento e fiscaliza\u00e7\u00e3o cont\u00e1bil e financeira<\/strong> do cons\u00f3rcio, garantindo que todos os atos administrativos estejam em conformidade com a legisla\u00e7\u00e3o e com as boas pr\u00e1ticas de gest\u00e3o p\u00fablica.<\/p>\n<p data-start=\"335\" data-end=\"603\">As <strong data-start=\"338\" data-end=\"365\">atas do Conselho Fiscal<\/strong> registram de forma oficial todas as reuni\u00f5es, an\u00e1lises, delibera\u00e7\u00f5es e recomenda\u00e7\u00f5es emitidas pelos membros do conselho, assegurando <strong data-start=\"499\" data-end=\"545\">transpar\u00eancia, responsabilidade e controle<\/strong> sobre os recursos e processos financeiros do cons\u00f3rcio.<\/p>\n<p data-start=\"605\" data-end=\"848\">Esses documentos s\u00e3o essenciais para que prefeitos, secret\u00e1rios e demais representantes dos munic\u00edpios consorciados possam acompanhar de perto a <strong data-start=\"750\" data-end=\"771\">gest\u00e3o financeira<\/strong>, promovendo confian\u00e7a, integridade e efici\u00eancia nas a\u00e7\u00f5es do CIM Noroeste.<\/p>\n<p data-start=\"850\" data-end=\"994\" data-is-last-node=\"\" data-is-only-node=\"\">A seguir, apresentamos todas as <strong data-start=\"882\" data-end=\"909\">atas do Conselho Fiscal<\/strong>, como registro formal e acess\u00edvel das atividades deste importante \u00f3rg\u00e3o de controle.<\/p>\n<hr \/>\n<p><strong>PARECER 2026<\/strong><\/p>\n<p><strong>PARECER N\u00ba 01<\/strong><\/p>\n<hr \/>\n<p><strong>PARECER 2025<\/strong><\/p>\n<p><strong><a href=\"https:\/\/cimnoroeste.es.gov.br\/wp-content\/uploads\/2025\/10\/PARECER-No-01-2025-DE-21-DE-MARCO-DE-2025.pdf\">PARECER N\u00ba 01<\/a><\/strong><\/p>\n<p><strong><a href=\"https:\/\/cimnoroeste.es.gov.br\/wp-content\/uploads\/2026\/01\/PARECER-No-02-2025-CONSELHO-FISCAL-1o-E-2o-QUADRIMESTRE-.pdf\">PARECER N\u00ba 02<\/a><\/strong><\/p>\n<hr \/>\n<p><strong>PARECER 2024<\/strong><\/p>\n<p><strong><a href=\"https:\/\/cimnoroeste.es.gov.br\/wp-content\/uploads\/2025\/10\/PARECER-No-01-2024-DE-13-DE-MARCO-DE-2024.pdf\">PARECER N\u00ba 01<\/a><\/strong><\/p>\n<p><strong><a href=\"https:\/\/cimnoroeste.es.gov.br\/wp-content\/uploads\/2025\/10\/PARECER-No-02-2024-CONSELHO-FISCAL-1o-quadrimestre-30-07-24.pdf\">PARECER N\u00ba 02<\/a><\/strong><\/p>\n<hr \/>\n<p><strong>PARECER 2023<\/strong><\/p>\n<p><strong><a href=\"https:\/\/cimnoroeste.es.gov.br\/wp-content\/uploads\/2025\/10\/PARECER-No-01-2023-DE-16-FEVERIRO-DE-2023.pdf\">PARECER N\u00ba 01<\/a><\/strong><\/p>\n<p><strong><a href=\"https:\/\/cimnoroeste.es.gov.br\/wp-content\/uploads\/2025\/10\/PARECER-No-02-2023-DE-11-DE-AGOSTO-DE-2023.pdf\">PARECER N\u00ba 02<\/a><\/strong><\/p>\n<p><strong><a href=\"https:\/\/cimnoroeste.es.gov.br\/wp-content\/uploads\/2025\/10\/PARECER-No-03-2023-DE-13-DE-MARCO-DE-2023.pdf\">PARECER N\u00ba 03<\/a><\/strong><\/p>\n<hr \/>\n<p><strong>PARECER 2022<\/strong><\/p>\n<p><strong><a href=\"https:\/\/cimnoroeste.es.gov.br\/wp-content\/uploads\/2025\/10\/PARECER-No-01-17-03-2022-CONSELHO-FISCAL-V2.pdf\">PARECER N\u00ba 01<\/a><\/strong><\/p>\n<p><strong><a href=\"https:\/\/cimnoroeste.es.gov.br\/wp-content\/uploads\/2025\/10\/PARECER-No-02-11-08-2022-CONSELHO-FISCAL-V2.pdf\">PARECER N\u00ba 02\u00a0<\/a><\/strong><\/p>\n<hr \/>\n<p><strong>PARECER 2021<\/strong><\/p>\n<p><strong>PARECER N\u00ba 01<\/strong><\/p>\n<p><strong><a href=\"https:\/\/cimnoroeste.es.gov.br\/wp-content\/uploads\/2025\/10\/PARECER-No-02-2021-CONSELHO-FISCAL-1.pdf\">PARECER N\u00ba 02\u00a0<\/a><\/strong><\/p>\n<p><strong><a href=\"https:\/\/cimnoroeste.es.gov.br\/wp-content\/uploads\/2025\/10\/PARECER-No-03-2021-CONSELHO-FISCAL-1.pdf\">PARECER N\u00ba 03<\/a><\/strong><\/p>\n<hr \/>\n<p>&nbsp;<\/p>\n","protected":false},"excerpt":{"rendered":"<p>Atas do Conselho Fiscal \u2013 CIM Noroeste O Conselho Fiscal do CIM Noroeste desempenha um papel fundamental na supervis\u00e3o, acompanhamento e fiscaliza\u00e7\u00e3o cont\u00e1bil e financeira do cons\u00f3rcio, garantindo que todos os atos administrativos estejam em conformidade com a legisla\u00e7\u00e3o e com as boas pr\u00e1ticas de gest\u00e3o p\u00fablica. As atas do Conselho Fiscal registram de forma oficial todas as reuni\u00f5es, an\u00e1lises, delibera\u00e7\u00f5es e recomenda\u00e7\u00f5es emitidas pelos membros do conselho, assegurando transpar\u00eancia, responsabilidade e controle sobre os recursos e processos financeiros do cons\u00f3rcio. Esses documentos s\u00e3o essenciais para que prefeitos, secret\u00e1rios e demais representantes dos munic\u00edpios consorciados possam acompanhar de perto a gest\u00e3o financeira, promovendo confian\u00e7a, integridade e efici\u00eancia nas a\u00e7\u00f5es do CIM Noroeste. A seguir, apresentamos todas as atas do Conselho Fiscal, como registro formal e acess\u00edvel das atividades deste importante \u00f3rg\u00e3o de controle. PARECER 2026 PARECER N\u00ba 01 PARECER 2025 PARECER N\u00ba 01 PARECER N\u00ba 02 PARECER 2024 PARECER N\u00ba 01 PARECER N\u00ba 02 PARECER 2023 PARECER N\u00ba 01 PARECER N\u00ba 02 PARECER N\u00ba 03 PARECER 2022 PARECER N\u00ba 01 PARECER N\u00ba 02\u00a0 PARECER 2021 PARECER N\u00ba 01 PARECER N\u00ba 02\u00a0 PARECER N\u00ba 03 &nbsp;<\/p>\n","protected":false},"author":1,"featured_media":0,"parent":0,"menu_order":0,"comment_status":"closed","ping_status":"closed","template":"","meta":{"footnotes":""},"class_list":["post-7012","page","type-page","status-publish","hentry"],"_links":{"self":[{"href":"https:\/\/cimnoroeste.es.gov.br\/index.php?rest_route=\/wp\/v2\/pages\/7012","targetHints":{"allow":["GET"]}}],"collection":[{"href":"https:\/\/cimnoroeste.es.gov.br\/index.php?rest_route=\/wp\/v2\/pages"}],"about":[{"href":"https:\/\/cimnoroeste.es.gov.br\/index.php?rest_route=\/wp\/v2\/types\/page"}],"author":[{"embeddable":true,"href":"https:\/\/cimnoroeste.es.gov.br\/index.php?rest_route=\/wp\/v2\/users\/1"}],"replies":[{"embeddable":true,"href":"https:\/\/cimnoroeste.es.gov.br\/index.php?rest_route=%2Fwp%2Fv2%2Fcomments&post=7012"}],"version-history":[{"count":15,"href":"https:\/\/cimnoroeste.es.gov.br\/index.php?rest_route=\/wp\/v2\/pages\/7012\/revisions"}],"predecessor-version":[{"id":7660,"href":"https:\/\/cimnoroeste.es.gov.br\/index.php?rest_route=\/wp\/v2\/pages\/7012\/revisions\/7660"}],"wp:attachment":[{"href":"https:\/\/cimnoroeste.es.gov.br\/index.php?rest_route=%2Fwp%2Fv2%2Fmedia&parent=7012"}],"curies":[{"name":"wp","href":"https:\/\/api.w.org\/{rel}","templated":true}]}}