{"id":7035,"date":"2025-10-28T13:33:35","date_gmt":"2025-10-28T16:33:35","guid":{"rendered":"https:\/\/cimnoroeste.es.gov.br\/?page_id=7035"},"modified":"2025-11-01T23:41:11","modified_gmt":"2025-11-02T02:41:11","slug":"conselho-administrativo","status":"publish","type":"page","link":"https:\/\/cimnoroeste.es.gov.br\/?page_id=7035","title":{"rendered":"CONSELHO ADMINISTRATIVO"},"content":{"rendered":"<p data-start=\"0\" data-end=\"67\"><strong data-start=\"4\" data-end=\"65\"><img loading=\"lazy\" decoding=\"async\" class=\"size-full wp-image-7183 alignleft\" src=\"https:\/\/cimnoroeste.es.gov.br\/wp-content\/uploads\/2025\/11\/images-17.jpg\" alt=\"\" width=\"275\" height=\"183\" \/>Conselho Administrativo \u2013 CIM Noroeste (Bi\u00eanio 2025\/2026)<\/strong><\/p>\n<p data-start=\"69\" data-end=\"354\">O <strong data-start=\"71\" data-end=\"98\">Conselho Administrativo<\/strong> do Cons\u00f3rcio P\u00fablico CIM Noroeste \u00e9 o \u00f3rg\u00e3o respons\u00e1vel pela <strong data-start=\"160\" data-end=\"224\">orienta\u00e7\u00e3o estrat\u00e9gica<\/strong>\u00a0do cons\u00f3rcio, assegurando a boa governan\u00e7a, a transpar\u00eancia e o alinhamento das a\u00e7\u00f5es em benef\u00edcio dos munic\u00edpios consorciados.<\/p>\n<p data-start=\"356\" data-end=\"626\">Composto por gestores p\u00fablicos de reconhecida compet\u00eancia e comprometimento com o desenvolvimento regional, o conselho tem a miss\u00e3o de <strong data-start=\"491\" data-end=\"533\">fortalecer a coopera\u00e7\u00e3o intermunicipal<\/strong> e promover pol\u00edticas p\u00fablicas integradas que impulsionem o progresso do Noroeste Capixaba.<\/p>\n<p data-start=\"628\" data-end=\"664\"><strong data-start=\"628\" data-end=\"662\">Composi\u00e7\u00e3o \u2013 Bi\u00eanio 2025\/2026:<\/strong><\/p>\n<ul data-start=\"665\" data-end=\"841\">\n<li data-start=\"665\" data-end=\"740\">\n<p data-start=\"667\" data-end=\"740\"><strong data-start=\"667\" data-end=\"682\">Presidente:<\/strong> Augusto Astori Ferreira \u2013 Prefeito de <strong data-start=\"721\" data-end=\"738\">Maril\u00e2ndia\/ES<\/strong><\/p>\n<\/li>\n<li data-start=\"741\" data-end=\"841\">\n<p data-start=\"743\" data-end=\"841\"><strong data-start=\"743\" data-end=\"763\">Vice-Presidente:<\/strong> Ana Izabel Malacarne de Oliveira \u2013 Prefeita de <strong data-start=\"811\" data-end=\"839\">S\u00e3o Domingos do Norte\/ES<\/strong><\/p>\n<\/li>\n<\/ul>\n<p data-start=\"843\" data-end=\"857\"><strong data-start=\"843\" data-end=\"855\">Membros:<\/strong><\/p>\n<ul data-start=\"858\" data-end=\"986\">\n<li data-start=\"858\" data-end=\"926\">\n<p data-start=\"860\" data-end=\"926\">Leonardo Prando Finco \u2013 Prefeito de <strong data-start=\"896\" data-end=\"924\">Governador Lindenberg\/ES<\/strong><\/p>\n<\/li>\n<li data-start=\"927\" data-end=\"986\">\n<p data-start=\"929\" data-end=\"986\">Last\u00eanio Luiz Cardoso \u2013 Prefeito de <strong data-start=\"965\" data-end=\"984\">Baixo Guandu\/ES<\/strong><\/p>\n<\/li>\n<\/ul>\n<p data-start=\"988\" data-end=\"1143\" data-is-last-node=\"\" data-is-only-node=\"\">Este colegiado reafirma o compromisso do CIM Noroeste com a gest\u00e3o p\u00fablica compartilhada, a uni\u00e3o dos munic\u00edpios e o desenvolvimento sustent\u00e1vel da regi\u00e3o.<\/p>\n","protected":false},"excerpt":{"rendered":"<p>Conselho Administrativo \u2013 CIM Noroeste (Bi\u00eanio 2025\/2026) O Conselho Administrativo do Cons\u00f3rcio P\u00fablico CIM Noroeste \u00e9 o \u00f3rg\u00e3o respons\u00e1vel pela orienta\u00e7\u00e3o estrat\u00e9gica\u00a0do cons\u00f3rcio, assegurando a boa governan\u00e7a, a transpar\u00eancia e o alinhamento das a\u00e7\u00f5es em benef\u00edcio dos munic\u00edpios consorciados. Composto por gestores p\u00fablicos de reconhecida compet\u00eancia e comprometimento com o desenvolvimento regional, o conselho tem a miss\u00e3o de fortalecer a coopera\u00e7\u00e3o intermunicipal e promover pol\u00edticas p\u00fablicas integradas que impulsionem o progresso do Noroeste Capixaba. Composi\u00e7\u00e3o \u2013 Bi\u00eanio 2025\/2026: Presidente: Augusto Astori Ferreira \u2013 Prefeito de Maril\u00e2ndia\/ES Vice-Presidente: Ana Izabel Malacarne de Oliveira \u2013 Prefeita de S\u00e3o Domingos do Norte\/ES Membros: Leonardo Prando Finco \u2013 Prefeito de Governador Lindenberg\/ES Last\u00eanio Luiz Cardoso \u2013 Prefeito de Baixo Guandu\/ES Este colegiado reafirma o compromisso do CIM Noroeste com a gest\u00e3o p\u00fablica compartilhada, a uni\u00e3o dos munic\u00edpios e o desenvolvimento sustent\u00e1vel da regi\u00e3o.<\/p>\n","protected":false},"author":1,"featured_media":0,"parent":0,"menu_order":0,"comment_status":"closed","ping_status":"closed","template":"","meta":{"footnotes":""},"class_list":["post-7035","page","type-page","status-publish","hentry"],"_links":{"self":[{"href":"https:\/\/cimnoroeste.es.gov.br\/index.php?rest_route=\/wp\/v2\/pages\/7035","targetHints":{"allow":["GET"]}}],"collection":[{"href":"https:\/\/cimnoroeste.es.gov.br\/index.php?rest_route=\/wp\/v2\/pages"}],"about":[{"href":"https:\/\/cimnoroeste.es.gov.br\/index.php?rest_route=\/wp\/v2\/types\/page"}],"author":[{"embeddable":true,"href":"https:\/\/cimnoroeste.es.gov.br\/index.php?rest_route=\/wp\/v2\/users\/1"}],"replies":[{"embeddable":true,"href":"https:\/\/cimnoroeste.es.gov.br\/index.php?rest_route=%2Fwp%2Fv2%2Fcomments&post=7035"}],"version-history":[{"count":4,"href":"https:\/\/cimnoroeste.es.gov.br\/index.php?rest_route=\/wp\/v2\/pages\/7035\/revisions"}],"predecessor-version":[{"id":7184,"href":"https:\/\/cimnoroeste.es.gov.br\/index.php?rest_route=\/wp\/v2\/pages\/7035\/revisions\/7184"}],"wp:attachment":[{"href":"https:\/\/cimnoroeste.es.gov.br\/index.php?rest_route=%2Fwp%2Fv2%2Fmedia&parent=7035"}],"curies":[{"name":"wp","href":"https:\/\/api.w.org\/{rel}","templated":true}]}}