{"id":7037,"date":"2025-10-28T13:37:29","date_gmt":"2025-10-28T16:37:29","guid":{"rendered":"https:\/\/cimnoroeste.es.gov.br\/?page_id=7037"},"modified":"2026-01-29T14:31:40","modified_gmt":"2026-01-29T17:31:40","slug":"cordenadores-camaras-setoriais","status":"publish","type":"page","link":"https:\/\/cimnoroeste.es.gov.br\/?page_id=7037","title":{"rendered":"COORDENADORES C\u00c2MARAS SETORIAIS"},"content":{"rendered":"<article class=\"text-token-text-primary w-full focus:outline-none [--shadow-height:45px] has-data-writing-block:pointer-events-none has-data-writing-block:-mt-(--shadow-height) has-data-writing-block:pt-(--shadow-height) [&amp;:has([data-writing-block])&gt;*]:pointer-events-auto [content-visibility:auto] supports-[content-visibility:auto]:[contain-intrinsic-size:auto_100lvh] scroll-mt-[calc(var(--header-height)+min(200px,max(70px,20svh)))]\" dir=\"auto\" tabindex=\"-1\" data-turn-id=\"request-WEB:b59c0ba7-a24e-4de3-87f4-32a065cf4810-6\" data-testid=\"conversation-turn-14\" data-scroll-anchor=\"true\" data-turn=\"assistant\">\n<div class=\"text-base my-auto mx-auto pb-10 [--thread-content-margin:--spacing(4)] thread-sm:[--thread-content-margin:--spacing(6)] thread-lg:[--thread-content-margin:--spacing(16)] px-(--thread-content-margin)\">\n<div class=\"[--thread-content-max-width:40rem] thread-lg:[--thread-content-max-width:48rem] mx-auto max-w-(--thread-content-max-width) flex-1 group\/turn-messages focus-visible:outline-hidden relative flex w-full min-w-0 flex-col agent-turn\" tabindex=\"-1\">\n<div class=\"flex max-w-full flex-col grow\">\n<div class=\"min-h-8 text-message relative flex w-full flex-col items-end gap-2 text-start break-words whitespace-normal [.text-message+&amp;]:mt-1\" dir=\"auto\" data-message-author-role=\"assistant\" data-message-id=\"d71a2461-50eb-4ef3-a796-3ee22d61d409\" data-message-model-slug=\"gpt-5\">\n<div class=\"flex w-full flex-col gap-1 empty:hidden first:pt-[1px]\">\n<div class=\"markdown prose dark:prose-invert w-full break-words light markdown-new-styling\">\n<p data-start=\"0\" data-end=\"63\"><strong data-start=\"3\" data-end=\"61\"><img loading=\"lazy\" decoding=\"async\" class=\" wp-image-7181 alignleft\" src=\"https:\/\/cimnoroeste.es.gov.br\/wp-content\/uploads\/2025\/11\/WhatsApp-Image-2025-02-03-at-14.56.00-4.jpeg\" alt=\"\" width=\"300\" height=\"228\" \/>Coordena\u00e7\u00f5es das C\u00e2maras Setoriais \u2013 CIM Noroeste 2025<\/strong><\/p>\n<p data-start=\"65\" data-end=\"443\">O Cons\u00f3rcio P\u00fablico CIM Noroeste conta com a valiosa contribui\u00e7\u00e3o dos <strong data-start=\"135\" data-end=\"161\">secret\u00e1rios municipais<\/strong> que atuam como <strong data-start=\"177\" data-end=\"213\">coordenadores e subcoordenadores<\/strong> das C\u00e2maras Setoriais. Esses representantes desempenham um papel fundamental na <strong data-start=\"294\" data-end=\"327\">lideran\u00e7a das pautas t\u00e9cnicas<\/strong>, <strong data-start=\"329\" data-end=\"364\">articula\u00e7\u00e3o entre os munic\u00edpios<\/strong> e <strong data-start=\"367\" data-end=\"392\">condu\u00e7\u00e3o das reuni\u00f5es<\/strong> que fortalecem o trabalho conjunto do cons\u00f3rcio.<\/p>\n<p data-start=\"445\" data-end=\"694\">Com experi\u00eancia e compromisso, esses gestores lideram discuss\u00f5es estrat\u00e9gicas, compartilham boas pr\u00e1ticas e contribuem para a constru\u00e7\u00e3o de solu\u00e7\u00f5es regionais integradas, promovendo o desenvolvimento equilibrado e sustent\u00e1vel do Noroeste Capixaba.<\/p>\n<p data-start=\"696\" data-end=\"823\">Abaixo, apresentamos os munic\u00edpios e seus representantes que integram a coordena\u00e7\u00e3o das C\u00e2maras Setoriais no ano de <strong data-start=\"812\" data-end=\"820\">2026<\/strong>:<\/p>\n<ul data-start=\"825\" data-end=\"1981\">\n<li data-start=\"825\" data-end=\"1011\">\n<p data-start=\"827\" data-end=\"1011\"><strong data-start=\"827\" data-end=\"855\">C\u00e2mara Setorial de Sa\u00fade<\/strong><br data-start=\"855\" data-end=\"858\" \/>\u2013 <em data-start=\"862\" data-end=\"876\">Coordenador:<\/em> Secret\u00e1rio Municipal de Sa\u00fade de <strong data-start=\"910\" data-end=\"935\">Governador Lindenberg<\/strong><br data-start=\"935\" data-end=\"938\" \/>\u2013 <em data-start=\"942\" data-end=\"959\" data-is-only-node=\"\">Subcoordenador:<\/em> Secret\u00e1rio Municipal de Sa\u00fade de <strong data-start=\"993\" data-end=\"1009\">Manten\u00f3polis<\/strong><\/p>\n<\/li>\n<li data-start=\"1013\" data-end=\"1237\">\n<p data-start=\"1015\" data-end=\"1237\"><strong data-start=\"1015\" data-end=\"1065\">C\u00e2mara Setorial do Meio Ambiente e Agricultura<\/strong><br data-start=\"1065\" data-end=\"1068\" \/>\u2013 <em data-start=\"1072\" data-end=\"1086\">Coordenador:<\/em> Secret\u00e1rio Municipal de Meio Ambiente de <strong data-start=\"1128\" data-end=\"1144\">Manten\u00f3polis<\/strong><br data-start=\"1144\" data-end=\"1147\" \/>\u2013 <em data-start=\"1151\" data-end=\"1168\" data-is-only-node=\"\">Subcoordenador:<\/em> Secret\u00e1rio Municipal de Meio Ambiente de <strong data-start=\"1210\" data-end=\"1235\">S\u00e3o Domingos do Norte<\/strong><\/p>\n<\/li>\n<li data-start=\"1239\" data-end=\"1445\">\n<p data-start=\"1241\" data-end=\"1445\"><strong data-start=\"1241\" data-end=\"1286\">C\u00e2mara Setorial de Compras Compartilhadas<\/strong><br data-start=\"1286\" data-end=\"1289\" \/>\u2013 <em data-start=\"1293\" data-end=\"1307\">Coordenador:<\/em> Secret\u00e1rio Municipal de Administra\u00e7\u00e3o de <strong data-start=\"1349\" data-end=\"1363\">Vila Pav\u00e3o<\/strong><br data-start=\"1363\" data-end=\"1366\" \/>\u2013 <em data-start=\"1370\" data-end=\"1387\" data-is-only-node=\"\">Subcoordenador:<\/em> Secret\u00e1rio Municipal de Administra\u00e7\u00e3o de <strong data-start=\"1429\" data-end=\"1443\">Maril\u00e2ndia<\/strong><\/p>\n<\/li>\n<li data-start=\"1447\" data-end=\"1692\">\n<p data-start=\"1449\" data-end=\"1692\"><strong data-start=\"1449\" data-end=\"1504\">C\u00e2mara Setorial de Seguran\u00e7a P\u00fablica e Defesa Civil<\/strong><br data-start=\"1504\" data-end=\"1507\" \/>\u2013 <em data-start=\"1511\" data-end=\"1525\">Coordenador:<\/em> Secret\u00e1rio Municipal de Obras, Infraestrutura e Servi\u00e7os Urbanos de <strong data-start=\"1594\" data-end=\"1608\">Maril\u00e2ndia<\/strong><br data-start=\"1608\" data-end=\"1611\" \/>\u2013 <em data-start=\"1615\" data-end=\"1632\" data-is-only-node=\"\">Subcoordenador:<\/em> Secret\u00e1rio Municipal de Meio Ambiente de <strong data-start=\"1674\" data-end=\"1690\">Manten\u00f3polis<\/strong><\/p>\n<\/li>\n<li data-start=\"1694\" data-end=\"1981\">\n<p data-start=\"1696\" data-end=\"1981\"><strong data-start=\"1696\" data-end=\"1774\">C\u00e2mara Setorial de Turismo, Cultura, Esporte e Desenvolvimento Sustent\u00e1vel<\/strong><br data-start=\"1774\" data-end=\"1777\" \/>\u2013 <em data-start=\"1781\" data-end=\"1795\">Coordenador:<\/em> Secret\u00e1rio Municipal de Turismo, Cultura, Esporte e Lazer de <strong data-start=\"1857\" data-end=\"1867\">Pancas<\/strong><br data-start=\"1867\" data-end=\"1870\" \/>\u2013 <em data-start=\"1874\" data-end=\"1891\" data-is-only-node=\"\">Subcoordenador:<\/em> Secret\u00e1rio Municipal de Educa\u00e7\u00e3o, Cultura, Turismo, Esporte e Lazer de <strong data-start=\"1963\" data-end=\"1979\">\u00c1guia Branca<\/strong><\/p>\n<\/li>\n<\/ul>\n<p data-start=\"1983\" data-end=\"2150\" data-is-last-node=\"\" data-is-only-node=\"\">Essas coordena\u00e7\u00f5es representam a for\u00e7a do trabalho colaborativo e o compromisso dos munic\u00edpios em construir pol\u00edticas p\u00fablicas conjuntas e eficazes para toda a regi\u00e3o.<\/p>\n<\/div>\n<\/div>\n<\/div>\n<\/div>\n<div class=\"z-0 flex min-h-[46px] justify-start\"><\/div>\n<div class=\"mt-3 w-full empty:hidden\">\n<div class=\"text-center\"><\/div>\n<\/div>\n<\/div>\n<\/div>\n<\/article>\n<div class=\"pointer-events-none h-px w-px\" aria-hidden=\"true\" data-edge=\"true\"><\/div>\n","protected":false},"excerpt":{"rendered":"<p>Coordena\u00e7\u00f5es das C\u00e2maras Setoriais \u2013 CIM Noroeste 2025 O Cons\u00f3rcio P\u00fablico CIM Noroeste conta com a valiosa contribui\u00e7\u00e3o dos secret\u00e1rios municipais que atuam como coordenadores e subcoordenadores das C\u00e2maras Setoriais. Esses representantes desempenham um papel fundamental na lideran\u00e7a das pautas t\u00e9cnicas, articula\u00e7\u00e3o entre os munic\u00edpios e condu\u00e7\u00e3o das reuni\u00f5es que fortalecem o trabalho conjunto do cons\u00f3rcio. Com experi\u00eancia e compromisso, esses gestores lideram discuss\u00f5es estrat\u00e9gicas, compartilham boas pr\u00e1ticas e contribuem para a constru\u00e7\u00e3o de solu\u00e7\u00f5es regionais integradas, promovendo o desenvolvimento equilibrado e sustent\u00e1vel do Noroeste Capixaba. Abaixo, apresentamos os munic\u00edpios e seus representantes que integram a coordena\u00e7\u00e3o das C\u00e2maras Setoriais no ano de 2026: C\u00e2mara Setorial de Sa\u00fade\u2013 Coordenador: Secret\u00e1rio Municipal de Sa\u00fade de Governador Lindenberg\u2013 Subcoordenador: Secret\u00e1rio Municipal de Sa\u00fade de Manten\u00f3polis C\u00e2mara Setorial do Meio Ambiente e Agricultura\u2013 Coordenador: Secret\u00e1rio Municipal de Meio Ambiente de Manten\u00f3polis\u2013 Subcoordenador: Secret\u00e1rio Municipal de Meio Ambiente de S\u00e3o Domingos do Norte C\u00e2mara Setorial de Compras Compartilhadas\u2013 Coordenador: Secret\u00e1rio Municipal de Administra\u00e7\u00e3o de Vila Pav\u00e3o\u2013 Subcoordenador: Secret\u00e1rio Municipal de Administra\u00e7\u00e3o de Maril\u00e2ndia C\u00e2mara Setorial de Seguran\u00e7a P\u00fablica e Defesa Civil\u2013 Coordenador: Secret\u00e1rio Municipal de Obras, Infraestrutura e Servi\u00e7os Urbanos de Maril\u00e2ndia\u2013 Subcoordenador: Secret\u00e1rio Municipal de Meio Ambiente de Manten\u00f3polis C\u00e2mara Setorial de Turismo, Cultura, Esporte e Desenvolvimento Sustent\u00e1vel\u2013 Coordenador: Secret\u00e1rio Municipal de Turismo, Cultura, Esporte e Lazer de Pancas\u2013 Subcoordenador: Secret\u00e1rio Municipal de Educa\u00e7\u00e3o, Cultura, Turismo, Esporte e Lazer de \u00c1guia Branca Essas coordena\u00e7\u00f5es representam a for\u00e7a do trabalho colaborativo e o compromisso dos munic\u00edpios em construir pol\u00edticas p\u00fablicas conjuntas e eficazes para toda a regi\u00e3o.<\/p>\n","protected":false},"author":1,"featured_media":0,"parent":0,"menu_order":0,"comment_status":"closed","ping_status":"closed","template":"","meta":{"footnotes":""},"class_list":["post-7037","page","type-page","status-publish","hentry"],"_links":{"self":[{"href":"https:\/\/cimnoroeste.es.gov.br\/index.php?rest_route=\/wp\/v2\/pages\/7037","targetHints":{"allow":["GET"]}}],"collection":[{"href":"https:\/\/cimnoroeste.es.gov.br\/index.php?rest_route=\/wp\/v2\/pages"}],"about":[{"href":"https:\/\/cimnoroeste.es.gov.br\/index.php?rest_route=\/wp\/v2\/types\/page"}],"author":[{"embeddable":true,"href":"https:\/\/cimnoroeste.es.gov.br\/index.php?rest_route=\/wp\/v2\/users\/1"}],"replies":[{"embeddable":true,"href":"https:\/\/cimnoroeste.es.gov.br\/index.php?rest_route=%2Fwp%2Fv2%2Fcomments&post=7037"}],"version-history":[{"count":4,"href":"https:\/\/cimnoroeste.es.gov.br\/index.php?rest_route=\/wp\/v2\/pages\/7037\/revisions"}],"predecessor-version":[{"id":7575,"href":"https:\/\/cimnoroeste.es.gov.br\/index.php?rest_route=\/wp\/v2\/pages\/7037\/revisions\/7575"}],"wp:attachment":[{"href":"https:\/\/cimnoroeste.es.gov.br\/index.php?rest_route=%2Fwp%2Fv2%2Fmedia&parent=7037"}],"curies":[{"name":"wp","href":"https:\/\/api.w.org\/{rel}","templated":true}]}}