{"id":7145,"date":"2025-11-01T22:41:52","date_gmt":"2025-11-02T01:41:52","guid":{"rendered":"https:\/\/cimnoroeste.es.gov.br\/?page_id=7145"},"modified":"2025-11-02T00:08:56","modified_gmt":"2025-11-02T03:08:56","slug":"horario-de-expediente","status":"publish","type":"page","link":"https:\/\/cimnoroeste.es.gov.br\/?page_id=7145","title":{"rendered":"Hor\u00e1rio de expediente"},"content":{"rendered":"<p data-start=\"0\" data-end=\"45\"><strong data-start=\"3\" data-end=\"43\"><img loading=\"lazy\" decoding=\"async\" class=\"wp-image-6423 alignleft\" src=\"https:\/\/cimnoroeste.es.gov.br\/wp-content\/uploads\/2025\/10\/WhatsApp-Image-2022-11-10-at-09.35.48-Copia-e1760375948299.jpeg\" alt=\"\" width=\"298\" height=\"286\" srcset=\"https:\/\/cimnoroeste.es.gov.br\/wp-content\/uploads\/2025\/10\/WhatsApp-Image-2022-11-10-at-09.35.48-Copia-e1760375948299.jpeg 1200w, https:\/\/cimnoroeste.es.gov.br\/wp-content\/uploads\/2025\/10\/WhatsApp-Image-2022-11-10-at-09.35.48-Copia-e1760375948299-300x287.jpeg 300w, https:\/\/cimnoroeste.es.gov.br\/wp-content\/uploads\/2025\/10\/WhatsApp-Image-2022-11-10-at-09.35.48-Copia-e1760375948299-1024x979.jpeg 1024w, https:\/\/cimnoroeste.es.gov.br\/wp-content\/uploads\/2025\/10\/WhatsApp-Image-2022-11-10-at-09.35.48-Copia-e1760375948299-768x734.jpeg 768w\" sizes=\"auto, (max-width: 298px) 100vw, 298px\" \/>Hor\u00e1rio de Expediente \u2013 CIM Noroeste<\/strong><\/p>\n<p data-start=\"47\" data-end=\"225\">O Cons\u00f3rcio P\u00fablico CIM Noroeste informa seu hor\u00e1rio oficial de expediente, definido para garantir um atendimento eficiente aos munic\u00edpios consorciados.<\/p>\n<p data-start=\"227\" data-end=\"317\">\ud83d\udcc5 <strong data-start=\"230\" data-end=\"257\">Segunda a quinta-feira:<\/strong> das <strong data-start=\"262\" data-end=\"275\">8h \u00e0s 17h<\/strong><br data-start=\"275\" data-end=\"278\" \/>\ud83d\udcc5 <strong data-start=\"281\" data-end=\"297\">Sexta-feira:<\/strong> das <strong data-start=\"302\" data-end=\"315\">7h \u00e0s 12h<\/strong><\/p>\n<p data-start=\"319\" data-end=\"564\" data-is-last-node=\"\" data-is-only-node=\"\">Nossa equipe est\u00e1 \u00e0 disposi\u00e7\u00e3o nesses hor\u00e1rios para oferecer suporte t\u00e9cnico, orienta\u00e7\u00f5es e informa\u00e7\u00f5es sobre as a\u00e7\u00f5es e servi\u00e7os desenvolvidos pelo cons\u00f3rcio, sempre com foco no fortalecimento e no progresso dos munic\u00edpios do Noroeste Capixaba.<\/p>\n","protected":false},"excerpt":{"rendered":"<p>Hor\u00e1rio de Expediente \u2013 CIM Noroeste O Cons\u00f3rcio P\u00fablico CIM Noroeste informa seu hor\u00e1rio oficial de expediente, definido para garantir um atendimento eficiente aos munic\u00edpios consorciados. \ud83d\udcc5 Segunda a quinta-feira: das 8h \u00e0s 17h\ud83d\udcc5 Sexta-feira: das 7h \u00e0s 12h Nossa equipe est\u00e1 \u00e0 disposi\u00e7\u00e3o nesses hor\u00e1rios para oferecer suporte t\u00e9cnico, orienta\u00e7\u00f5es e informa\u00e7\u00f5es sobre as a\u00e7\u00f5es e servi\u00e7os desenvolvidos pelo cons\u00f3rcio, sempre com foco no fortalecimento e no progresso dos munic\u00edpios do Noroeste Capixaba.<\/p>\n","protected":false},"author":1,"featured_media":0,"parent":0,"menu_order":0,"comment_status":"closed","ping_status":"closed","template":"","meta":{"footnotes":""},"class_list":["post-7145","page","type-page","status-publish","hentry"],"_links":{"self":[{"href":"https:\/\/cimnoroeste.es.gov.br\/index.php?rest_route=\/wp\/v2\/pages\/7145","targetHints":{"allow":["GET"]}}],"collection":[{"href":"https:\/\/cimnoroeste.es.gov.br\/index.php?rest_route=\/wp\/v2\/pages"}],"about":[{"href":"https:\/\/cimnoroeste.es.gov.br\/index.php?rest_route=\/wp\/v2\/types\/page"}],"author":[{"embeddable":true,"href":"https:\/\/cimnoroeste.es.gov.br\/index.php?rest_route=\/wp\/v2\/users\/1"}],"replies":[{"embeddable":true,"href":"https:\/\/cimnoroeste.es.gov.br\/index.php?rest_route=%2Fwp%2Fv2%2Fcomments&post=7145"}],"version-history":[{"count":3,"href":"https:\/\/cimnoroeste.es.gov.br\/index.php?rest_route=\/wp\/v2\/pages\/7145\/revisions"}],"predecessor-version":[{"id":7195,"href":"https:\/\/cimnoroeste.es.gov.br\/index.php?rest_route=\/wp\/v2\/pages\/7145\/revisions\/7195"}],"wp:attachment":[{"href":"https:\/\/cimnoroeste.es.gov.br\/index.php?rest_route=%2Fwp%2Fv2%2Fmedia&parent=7145"}],"curies":[{"name":"wp","href":"https:\/\/api.w.org\/{rel}","templated":true}]}}