{"id":7191,"date":"2025-11-02T00:03:44","date_gmt":"2025-11-02T03:03:44","guid":{"rendered":"https:\/\/cimnoroeste.es.gov.br\/?page_id=7191"},"modified":"2025-11-02T00:04:29","modified_gmt":"2025-11-02T03:04:29","slug":"localizacao","status":"publish","type":"page","link":"https:\/\/cimnoroeste.es.gov.br\/?page_id=7191","title":{"rendered":"Localiza\u00e7\u00e3o"},"content":{"rendered":"<p data-start=\"0\" data-end=\"41\"><strong data-start=\"3\" data-end=\"39\">Nossa Localiza\u00e7\u00e3o \u2013 CIM Noroeste<\/strong><\/p>\n<p data-start=\"43\" data-end=\"272\">O <strong data-start=\"45\" data-end=\"79\">Cons\u00f3rcio P\u00fablico CIM Noroeste<\/strong> est\u00e1 estrategicamente localizado no munic\u00edpio de <strong data-start=\"129\" data-end=\"145\">\u00c1guia Branca<\/strong>, no cora\u00e7\u00e3o da regi\u00e3o Noroeste do Esp\u00edrito Santo, facilitando o acesso e a articula\u00e7\u00e3o com todos os munic\u00edpios consorciados.<\/p>\n<p data-start=\"274\" data-end=\"366\"><strong data-start=\"274\" data-end=\"287\">Endere\u00e7o:<\/strong><br data-start=\"287\" data-end=\"290\" \/>Av. Jo\u00e3o Quiuqui, 26, Sala 101, Centro \u2013 \u00c1guia Branca\/ES<br data-start=\"346\" data-end=\"349\" \/>CEP: 29.795-000<\/p>\n<p data-start=\"368\" data-end=\"545\" data-is-last-node=\"\" data-is-only-node=\"\">Nossa sede \u00e9 o ponto de refer\u00eancia para reuni\u00f5es, atendimento aos munic\u00edpios e condu\u00e7\u00e3o das a\u00e7\u00f5es que fortalecem a coopera\u00e7\u00e3o regional e o desenvolvimento sustent\u00e1vel da regi\u00e3o.<\/p>\n<p>CIM NOROESTE NO MAPA:<\/p>\n<p><iframe loading=\"lazy\" style=\"border: 0;\" src=\"https:\/\/www.google.com\/maps\/embed?pb=!1m18!1m12!1m3!1d1471.2518878868011!2d-40.738518009118266!3d-18.98917624860083!2m3!1f0!2f0!3f0!3m2!1i1024!2i768!4f13.1!3m3!1m2!1s0xb68e9b70aebd73%3A0x604e1803929a3062!2sCIM%20Noroeste!5e1!3m2!1spt-BR!2sbr!4v1762052531546!5m2!1spt-BR!2sbr\" width=\"600\" height=\"450\" allowfullscreen=\"allowfullscreen\"><\/iframe><\/p>\n","protected":false},"excerpt":{"rendered":"<p>Nossa Localiza\u00e7\u00e3o \u2013 CIM Noroeste O Cons\u00f3rcio P\u00fablico CIM Noroeste est\u00e1 estrategicamente localizado no munic\u00edpio de \u00c1guia Branca, no cora\u00e7\u00e3o da regi\u00e3o Noroeste do Esp\u00edrito Santo, facilitando o acesso e a articula\u00e7\u00e3o com todos os munic\u00edpios consorciados. Endere\u00e7o:Av. Jo\u00e3o Quiuqui, 26, Sala 101, Centro \u2013 \u00c1guia Branca\/ESCEP: 29.795-000 Nossa sede \u00e9 o ponto de refer\u00eancia para reuni\u00f5es, atendimento aos munic\u00edpios e condu\u00e7\u00e3o das a\u00e7\u00f5es que fortalecem a coopera\u00e7\u00e3o regional e o desenvolvimento sustent\u00e1vel da regi\u00e3o. CIM NOROESTE NO MAPA:<\/p>\n","protected":false},"author":1,"featured_media":0,"parent":0,"menu_order":0,"comment_status":"closed","ping_status":"closed","template":"","meta":{"footnotes":""},"class_list":["post-7191","page","type-page","status-publish","hentry"],"_links":{"self":[{"href":"https:\/\/cimnoroeste.es.gov.br\/index.php?rest_route=\/wp\/v2\/pages\/7191","targetHints":{"allow":["GET"]}}],"collection":[{"href":"https:\/\/cimnoroeste.es.gov.br\/index.php?rest_route=\/wp\/v2\/pages"}],"about":[{"href":"https:\/\/cimnoroeste.es.gov.br\/index.php?rest_route=\/wp\/v2\/types\/page"}],"author":[{"embeddable":true,"href":"https:\/\/cimnoroeste.es.gov.br\/index.php?rest_route=\/wp\/v2\/users\/1"}],"replies":[{"embeddable":true,"href":"https:\/\/cimnoroeste.es.gov.br\/index.php?rest_route=%2Fwp%2Fv2%2Fcomments&post=7191"}],"version-history":[{"count":2,"href":"https:\/\/cimnoroeste.es.gov.br\/index.php?rest_route=\/wp\/v2\/pages\/7191\/revisions"}],"predecessor-version":[{"id":7193,"href":"https:\/\/cimnoroeste.es.gov.br\/index.php?rest_route=\/wp\/v2\/pages\/7191\/revisions\/7193"}],"wp:attachment":[{"href":"https:\/\/cimnoroeste.es.gov.br\/index.php?rest_route=%2Fwp%2Fv2%2Fmedia&parent=7191"}],"curies":[{"name":"wp","href":"https:\/\/api.w.org\/{rel}","templated":true}]}}