{"id":7224,"date":"2025-11-02T10:20:14","date_gmt":"2025-11-02T13:20:14","guid":{"rendered":"https:\/\/cimnoroeste.es.gov.br\/?page_id=7224"},"modified":"2025-11-11T10:55:10","modified_gmt":"2025-11-11T13:55:10","slug":"conselho-fiscal-2","status":"publish","type":"page","link":"https:\/\/cimnoroeste.es.gov.br\/?page_id=7224","title":{"rendered":"Conselho Fiscal"},"content":{"rendered":"<p data-start=\"0\" data-end=\"43\"><strong data-start=\"3\" data-end=\"41\"><img loading=\"lazy\" decoding=\"async\" class=\" wp-image-7227 alignleft\" src=\"https:\/\/cimnoroeste.es.gov.br\/wp-content\/uploads\/2025\/11\/conselho_fiscal-845x500-1.jpg\" alt=\"\" width=\"211\" height=\"126\" srcset=\"https:\/\/cimnoroeste.es.gov.br\/wp-content\/uploads\/2025\/11\/conselho_fiscal-845x500-1.jpg 845w, https:\/\/cimnoroeste.es.gov.br\/wp-content\/uploads\/2025\/11\/conselho_fiscal-845x500-1-300x178.jpg 300w, https:\/\/cimnoroeste.es.gov.br\/wp-content\/uploads\/2025\/11\/conselho_fiscal-845x500-1-768x454.jpg 768w\" sizes=\"auto, (max-width: 211px) 100vw, 211px\" \/>Conselho Fiscal\u00a0<\/strong><\/p>\n<p data-start=\"45\" data-end=\"366\">O <strong data-start=\"47\" data-end=\"82\">Conselho Fiscal do CIM Noroeste<\/strong> \u00e9 formado por uma <strong data-start=\"101\" data-end=\"121\">composi\u00e7\u00e3o mista<\/strong>, reunindo <strong data-start=\"132\" data-end=\"188\">representantes do poder p\u00fablico e da sociedade civil<\/strong>. Essa integra\u00e7\u00e3o garante uma atua\u00e7\u00e3o equilibrada e participativa, fortalecendo a <strong data-start=\"270\" data-end=\"324\">transpar\u00eancia, a credibilidade e o controle social<\/strong> sobre as a\u00e7\u00f5es e finan\u00e7as do cons\u00f3rcio.<\/p>\n<p data-start=\"368\" data-end=\"616\">O Conselho tem como fun\u00e7\u00e3o principal <strong data-start=\"405\" data-end=\"489\">acompanhar, analisar e emitir pareceres sobre a gest\u00e3o financeira e or\u00e7ament\u00e1ria<\/strong>, assegurando que os recursos sejam aplicados com <strong data-start=\"539\" data-end=\"572\">responsabilidade e efici\u00eancia<\/strong> em benef\u00edcio dos munic\u00edpios consorciados.<\/p>\n<p data-start=\"618\" data-end=\"787\" data-is-last-node=\"\" data-is-only-node=\"\">A seguir, apresentamos os integrantes que comp\u00f5em o <strong data-start=\"670\" data-end=\"705\">Conselho Fiscal do CIM Noroeste<\/strong>, representando o compromisso coletivo com a <strong data-start=\"750\" data-end=\"786\">boa governan\u00e7a e a \u00e9tica p\u00fablica<\/strong>.<\/p>\n<p data-start=\"527\" data-end=\"549\"><strong data-start=\"527\" data-end=\"547\">Conselho Fiscal: 2025\/2026<\/strong><\/p>\n<ul data-start=\"550\" data-end=\"915\">\n<li data-start=\"550\" data-end=\"615\">\n<p data-start=\"552\" data-end=\"615\"><strong data-start=\"552\" data-end=\"567\">Presidente:<\/strong> Secret\u00e1rio Municipal de Sa\u00fade de \u00c1guia Branca &#8211; Edinei do Couto Quiuqui<\/p>\n<\/li>\n<li data-start=\"616\" data-end=\"684\">\n<p data-start=\"618\" data-end=\"684\"><strong data-start=\"618\" data-end=\"638\">Vice-Presidente:<\/strong> Secret\u00e1rio Municipal de Sa\u00fade de Vila Pav\u00e3o &#8211; Elaine Maria Trancoso<\/p>\n<\/li>\n<li data-start=\"685\" data-end=\"748\">\n<p data-start=\"687\" data-end=\"748\"><strong data-start=\"687\" data-end=\"711\">Primeiro Secret\u00e1rio:<\/strong> Servidor Municipal de Manten\u00f3polis &#8211; Ailson Ferreira de Sousa<\/p>\n<\/li>\n<li data-start=\"749\" data-end=\"805\">\n<p data-start=\"751\" data-end=\"805\"><strong data-start=\"751\" data-end=\"774\">Segundo Secret\u00e1rio:<\/strong> Servidor Municipal de Pancas &#8211;\u00a0 Leandro da Rocha Vieira<\/p>\n<\/li>\n<li data-start=\"806\" data-end=\"862\">\n<p data-start=\"808\" data-end=\"862\"><strong data-start=\"808\" data-end=\"818\">Vogal:<\/strong> Membro da Sociedade Civil de \u00c1guia Branca &#8211; Acimar de Oliveira Silva<\/p>\n<\/li>\n<li data-start=\"863\" data-end=\"915\">\n<p data-start=\"865\" data-end=\"915\"><strong data-start=\"865\" data-end=\"875\">Vogal:<\/strong> Contador do Munic\u00edpio de \u00c1guia Branca &#8211; Marcos Antonio Bergoni<\/p>\n<\/li>\n<\/ul>\n","protected":false},"excerpt":{"rendered":"<p>Conselho Fiscal\u00a0 O Conselho Fiscal do CIM Noroeste \u00e9 formado por uma composi\u00e7\u00e3o mista, reunindo representantes do poder p\u00fablico e da sociedade civil. Essa integra\u00e7\u00e3o garante uma atua\u00e7\u00e3o equilibrada e participativa, fortalecendo a transpar\u00eancia, a credibilidade e o controle social sobre as a\u00e7\u00f5es e finan\u00e7as do cons\u00f3rcio. O Conselho tem como fun\u00e7\u00e3o principal acompanhar, analisar e emitir pareceres sobre a gest\u00e3o financeira e or\u00e7ament\u00e1ria, assegurando que os recursos sejam aplicados com responsabilidade e efici\u00eancia em benef\u00edcio dos munic\u00edpios consorciados. A seguir, apresentamos os integrantes que comp\u00f5em o Conselho Fiscal do CIM Noroeste, representando o compromisso coletivo com a boa governan\u00e7a e a \u00e9tica p\u00fablica. Conselho Fiscal: 2025\/2026 Presidente: Secret\u00e1rio Municipal de Sa\u00fade de \u00c1guia Branca &#8211; Edinei do Couto Quiuqui Vice-Presidente: Secret\u00e1rio Municipal de Sa\u00fade de Vila Pav\u00e3o &#8211; Elaine Maria Trancoso Primeiro Secret\u00e1rio: Servidor Municipal de Manten\u00f3polis &#8211; Ailson Ferreira de Sousa Segundo Secret\u00e1rio: Servidor Municipal de Pancas &#8211;\u00a0 Leandro da Rocha Vieira Vogal: Membro da Sociedade Civil de \u00c1guia Branca &#8211; Acimar de Oliveira Silva Vogal: Contador do Munic\u00edpio de \u00c1guia Branca &#8211; Marcos Antonio Bergoni<\/p>\n","protected":false},"author":1,"featured_media":0,"parent":0,"menu_order":0,"comment_status":"closed","ping_status":"closed","template":"","meta":{"footnotes":""},"class_list":["post-7224","page","type-page","status-publish","hentry"],"_links":{"self":[{"href":"https:\/\/cimnoroeste.es.gov.br\/index.php?rest_route=\/wp\/v2\/pages\/7224","targetHints":{"allow":["GET"]}}],"collection":[{"href":"https:\/\/cimnoroeste.es.gov.br\/index.php?rest_route=\/wp\/v2\/pages"}],"about":[{"href":"https:\/\/cimnoroeste.es.gov.br\/index.php?rest_route=\/wp\/v2\/types\/page"}],"author":[{"embeddable":true,"href":"https:\/\/cimnoroeste.es.gov.br\/index.php?rest_route=\/wp\/v2\/users\/1"}],"replies":[{"embeddable":true,"href":"https:\/\/cimnoroeste.es.gov.br\/index.php?rest_route=%2Fwp%2Fv2%2Fcomments&post=7224"}],"version-history":[{"count":6,"href":"https:\/\/cimnoroeste.es.gov.br\/index.php?rest_route=\/wp\/v2\/pages\/7224\/revisions"}],"predecessor-version":[{"id":7306,"href":"https:\/\/cimnoroeste.es.gov.br\/index.php?rest_route=\/wp\/v2\/pages\/7224\/revisions\/7306"}],"wp:attachment":[{"href":"https:\/\/cimnoroeste.es.gov.br\/index.php?rest_route=%2Fwp%2Fv2%2Fmedia&parent=7224"}],"curies":[{"name":"wp","href":"https:\/\/api.w.org\/{rel}","templated":true}]}}