{"id":7232,"date":"2025-11-02T10:44:05","date_gmt":"2025-11-02T13:44:05","guid":{"rendered":"https:\/\/cimnoroeste.es.gov.br\/?page_id=7232"},"modified":"2025-11-02T10:48:05","modified_gmt":"2025-11-02T13:48:05","slug":"mensagem-da-rede-nacional-dos-consorcios","status":"publish","type":"page","link":"https:\/\/cimnoroeste.es.gov.br\/?page_id=7232","title":{"rendered":"ATUA\u00c7\u00c3O DO CIM NOROESTE NA REDE NACIONAL DE CONS\u00d3RCIOS P\u00daBLICOS"},"content":{"rendered":"<p data-start=\"181\" data-end=\"252\"><strong data-start=\"185\" data-end=\"252\">Atua\u00e7\u00e3o do CIM Noroeste na Rede Nacional de Cons\u00f3rcios P\u00fablicos<\/strong><\/p>\n<p data-start=\"254\" data-end=\"513\">O Cons\u00f3rcio P\u00fablico CIM Noroeste integra ativamente a <strong data-start=\"308\" data-end=\"348\">Rede Nacional de Cons\u00f3rcios P\u00fablicos<\/strong>, institui\u00e7\u00e3o que re\u00fane e articula cons\u00f3rcios de todo o pa\u00eds em prol do fortalecimento do associativismo municipal e da gest\u00e3o compartilhada de pol\u00edticas p\u00fablicas.<\/p>\n<p data-start=\"515\" data-end=\"782\">A Rede reconhece no <strong data-start=\"535\" data-end=\"551\">CIM Noroeste<\/strong> um exemplo de cons\u00f3rcio atuante, organizado e comprometido com o desenvolvimento regional, destacando-se por suas pr\u00e1ticas inovadoras, pela transpar\u00eancia na gest\u00e3o e pela efici\u00eancia na execu\u00e7\u00e3o de servi\u00e7os de interesse coletivo.<\/p>\n<p data-start=\"784\" data-end=\"1058\">Por meio dessa integra\u00e7\u00e3o, o CIM Noroeste amplia sua capacidade t\u00e9cnica, fortalece parcerias institucionais e contribui para a consolida\u00e7\u00e3o de um modelo de governan\u00e7a p\u00fablica colaborativa, voltada \u00e0 melhoria dos servi\u00e7os oferecidos \u00e0 popula\u00e7\u00e3o dos munic\u00edpios consorciados.<\/p>\n<figure id=\"attachment_7233\" aria-describedby=\"caption-attachment-7233\" style=\"width: 576px\" class=\"wp-caption aligncenter\"><img loading=\"lazy\" decoding=\"async\" class=\"size-full wp-image-7233\" src=\"https:\/\/cimnoroeste.es.gov.br\/wp-content\/uploads\/2025\/11\/IMG_2545-1.jpg\" alt=\"\" width=\"576\" height=\"1443\" srcset=\"https:\/\/cimnoroeste.es.gov.br\/wp-content\/uploads\/2025\/11\/IMG_2545-1.jpg 576w, https:\/\/cimnoroeste.es.gov.br\/wp-content\/uploads\/2025\/11\/IMG_2545-1-120x300.jpg 120w, https:\/\/cimnoroeste.es.gov.br\/wp-content\/uploads\/2025\/11\/IMG_2545-1-409x1024.jpg 409w\" sizes=\"auto, (max-width: 576px) 100vw, 576px\" \/><figcaption id=\"caption-attachment-7233\" class=\"wp-caption-text\">Screenshot<\/figcaption><\/figure>\n","protected":false},"excerpt":{"rendered":"<p>Atua\u00e7\u00e3o do CIM Noroeste na Rede Nacional de Cons\u00f3rcios P\u00fablicos O Cons\u00f3rcio P\u00fablico CIM Noroeste integra ativamente a Rede Nacional de Cons\u00f3rcios P\u00fablicos, institui\u00e7\u00e3o que re\u00fane e articula cons\u00f3rcios de todo o pa\u00eds em prol do fortalecimento do associativismo municipal e da gest\u00e3o compartilhada de pol\u00edticas p\u00fablicas. A Rede reconhece no CIM Noroeste um exemplo de cons\u00f3rcio atuante, organizado e comprometido com o desenvolvimento regional, destacando-se por suas pr\u00e1ticas inovadoras, pela transpar\u00eancia na gest\u00e3o e pela efici\u00eancia na execu\u00e7\u00e3o de servi\u00e7os de interesse coletivo. Por meio dessa integra\u00e7\u00e3o, o CIM Noroeste amplia sua capacidade t\u00e9cnica, fortalece parcerias institucionais e contribui para a consolida\u00e7\u00e3o de um modelo de governan\u00e7a p\u00fablica colaborativa, voltada \u00e0 melhoria dos servi\u00e7os oferecidos \u00e0 popula\u00e7\u00e3o dos munic\u00edpios consorciados.<\/p>\n","protected":false},"author":1,"featured_media":0,"parent":0,"menu_order":0,"comment_status":"closed","ping_status":"closed","template":"","meta":{"footnotes":""},"class_list":["post-7232","page","type-page","status-publish","hentry"],"_links":{"self":[{"href":"https:\/\/cimnoroeste.es.gov.br\/index.php?rest_route=\/wp\/v2\/pages\/7232","targetHints":{"allow":["GET"]}}],"collection":[{"href":"https:\/\/cimnoroeste.es.gov.br\/index.php?rest_route=\/wp\/v2\/pages"}],"about":[{"href":"https:\/\/cimnoroeste.es.gov.br\/index.php?rest_route=\/wp\/v2\/types\/page"}],"author":[{"embeddable":true,"href":"https:\/\/cimnoroeste.es.gov.br\/index.php?rest_route=\/wp\/v2\/users\/1"}],"replies":[{"embeddable":true,"href":"https:\/\/cimnoroeste.es.gov.br\/index.php?rest_route=%2Fwp%2Fv2%2Fcomments&post=7232"}],"version-history":[{"count":5,"href":"https:\/\/cimnoroeste.es.gov.br\/index.php?rest_route=\/wp\/v2\/pages\/7232\/revisions"}],"predecessor-version":[{"id":7239,"href":"https:\/\/cimnoroeste.es.gov.br\/index.php?rest_route=\/wp\/v2\/pages\/7232\/revisions\/7239"}],"wp:attachment":[{"href":"https:\/\/cimnoroeste.es.gov.br\/index.php?rest_route=%2Fwp%2Fv2%2Fmedia&parent=7232"}],"curies":[{"name":"wp","href":"https:\/\/api.w.org\/{rel}","templated":true}]}}