{"id":7315,"date":"2025-11-11T14:19:06","date_gmt":"2025-11-11T17:19:06","guid":{"rendered":"https:\/\/cimnoroeste.es.gov.br\/?page_id=7315"},"modified":"2025-11-11T14:28:38","modified_gmt":"2025-11-11T17:28:38","slug":"equipe-de-medicos-samu-192-terceirizados","status":"publish","type":"page","link":"https:\/\/cimnoroeste.es.gov.br\/?page_id=7315","title":{"rendered":"EQUIPE DE M\u00c9DICOS SAMU 192 &#8211; TERCEIRIZADOS"},"content":{"rendered":"<p data-start=\"227\" data-end=\"587\"><img loading=\"lazy\" decoding=\"async\" class=\"wp-image-7319 alignleft\" src=\"https:\/\/cimnoroeste.es.gov.br\/wp-content\/uploads\/2025\/11\/medico-samu-960x540-1.jpg\" alt=\"\" width=\"327\" height=\"186\" \/>EQUIPE DE M\u00c9DICOS SAMU 192 &#8211; TERCEIRIZADOS<\/p>\n<p data-start=\"227\" data-end=\"587\">O Servi\u00e7o de Atendimento M\u00f3vel de Urg\u00eancia \u2013 <strong data-start=\"272\" data-end=\"300\">SAMU 192 do CIM Noroeste<\/strong> atua de forma integrada e descentralizada, garantindo atendimento r\u00e1pido e eficiente \u00e0s urg\u00eancias e emerg\u00eancias em sa\u00fade nos munic\u00edpios consorciados. Para assegurar a qualidade e a continuidade dos servi\u00e7os, o cons\u00f3rcio mant\u00e9m parcerias estrat\u00e9gicas e contrata equipes especializadas.<\/p>\n<p data-start=\"589\" data-end=\"1039\">Os m\u00e9dicos que comp\u00f5em as <strong data-start=\"615\" data-end=\"651\">Bases Descentralizadas Avan\u00e7adas<\/strong> s\u00e3o profissionais <strong data-start=\"670\" data-end=\"704\">terceirizados pela empresa RCS<\/strong>, contratada pelo CIM Noroeste, e integram uma estrutura operacional formada por equipes multidisciplinares de sa\u00fade. Esses profissionais desempenham papel fundamental no suporte avan\u00e7ado de vida, realizando atendimentos cr\u00edticos, estabiliza\u00e7\u00e3o de pacientes e tomada de decis\u00f5es r\u00e1pidas que fazem a diferen\u00e7a na preserva\u00e7\u00e3o de vidas.<\/p>\n<p data-start=\"1041\" data-end=\"1195\">Com atua\u00e7\u00e3o regional, o SAMU 192 do CIM Noroeste refor\u00e7a diariamente seu compromisso com a efici\u00eancia, seguran\u00e7a e humaniza\u00e7\u00e3o no atendimento \u00e0 popula\u00e7\u00e3o.<\/p>\n<p data-start=\"1041\" data-end=\"1195\">CONFIRA O QUADRO: (atualiza\u00e7\u00e3o 11\/11\/2025)<\/p>\n<p><img loading=\"lazy\" decoding=\"async\" class=\"alignnone size-full wp-image-7316\" src=\"https:\/\/cimnoroeste.es.gov.br\/wp-content\/uploads\/2025\/11\/WhatsApp-Image-2025-11-11-at-14.07.24-1.jpeg\" alt=\"\" width=\"586\" height=\"236\" srcset=\"https:\/\/cimnoroeste.es.gov.br\/wp-content\/uploads\/2025\/11\/WhatsApp-Image-2025-11-11-at-14.07.24-1.jpeg 586w, https:\/\/cimnoroeste.es.gov.br\/wp-content\/uploads\/2025\/11\/WhatsApp-Image-2025-11-11-at-14.07.24-1-300x121.jpeg 300w\" sizes=\"auto, (max-width: 586px) 100vw, 586px\" \/><\/p>\n","protected":false},"excerpt":{"rendered":"<p>EQUIPE DE M\u00c9DICOS SAMU 192 &#8211; TERCEIRIZADOS O Servi\u00e7o de Atendimento M\u00f3vel de Urg\u00eancia \u2013 SAMU 192 do CIM Noroeste atua de forma integrada e descentralizada, garantindo atendimento r\u00e1pido e eficiente \u00e0s urg\u00eancias e emerg\u00eancias em sa\u00fade nos munic\u00edpios consorciados. Para assegurar a qualidade e a continuidade dos servi\u00e7os, o cons\u00f3rcio mant\u00e9m parcerias estrat\u00e9gicas e contrata equipes especializadas. Os m\u00e9dicos que comp\u00f5em as Bases Descentralizadas Avan\u00e7adas s\u00e3o profissionais terceirizados pela empresa RCS, contratada pelo CIM Noroeste, e integram uma estrutura operacional formada por equipes multidisciplinares de sa\u00fade. Esses profissionais desempenham papel fundamental no suporte avan\u00e7ado de vida, realizando atendimentos cr\u00edticos, estabiliza\u00e7\u00e3o de pacientes e tomada de decis\u00f5es r\u00e1pidas que fazem a diferen\u00e7a na preserva\u00e7\u00e3o de vidas. Com atua\u00e7\u00e3o regional, o SAMU 192 do CIM Noroeste refor\u00e7a diariamente seu compromisso com a efici\u00eancia, seguran\u00e7a e humaniza\u00e7\u00e3o no atendimento \u00e0 popula\u00e7\u00e3o. CONFIRA O QUADRO: (atualiza\u00e7\u00e3o 11\/11\/2025)<\/p>\n","protected":false},"author":1,"featured_media":0,"parent":0,"menu_order":0,"comment_status":"closed","ping_status":"closed","template":"","meta":{"footnotes":""},"class_list":["post-7315","page","type-page","status-publish","hentry"],"_links":{"self":[{"href":"https:\/\/cimnoroeste.es.gov.br\/index.php?rest_route=\/wp\/v2\/pages\/7315","targetHints":{"allow":["GET"]}}],"collection":[{"href":"https:\/\/cimnoroeste.es.gov.br\/index.php?rest_route=\/wp\/v2\/pages"}],"about":[{"href":"https:\/\/cimnoroeste.es.gov.br\/index.php?rest_route=\/wp\/v2\/types\/page"}],"author":[{"embeddable":true,"href":"https:\/\/cimnoroeste.es.gov.br\/index.php?rest_route=\/wp\/v2\/users\/1"}],"replies":[{"embeddable":true,"href":"https:\/\/cimnoroeste.es.gov.br\/index.php?rest_route=%2Fwp%2Fv2%2Fcomments&post=7315"}],"version-history":[{"count":4,"href":"https:\/\/cimnoroeste.es.gov.br\/index.php?rest_route=\/wp\/v2\/pages\/7315\/revisions"}],"predecessor-version":[{"id":7322,"href":"https:\/\/cimnoroeste.es.gov.br\/index.php?rest_route=\/wp\/v2\/pages\/7315\/revisions\/7322"}],"wp:attachment":[{"href":"https:\/\/cimnoroeste.es.gov.br\/index.php?rest_route=%2Fwp%2Fv2%2Fmedia&parent=7315"}],"curies":[{"name":"wp","href":"https:\/\/api.w.org\/{rel}","templated":true}]}}