{"id":7360,"date":"2025-11-13T21:47:48","date_gmt":"2025-11-14T00:47:48","guid":{"rendered":"https:\/\/cimnoroeste.es.gov.br\/?page_id=7360"},"modified":"2025-11-13T22:08:14","modified_gmt":"2025-11-14T01:08:14","slug":"legislacoes-meio-ambiente","status":"publish","type":"page","link":"https:\/\/cimnoroeste.es.gov.br\/?page_id=7360","title":{"rendered":"LEGISLA\u00c7\u00d5ES"},"content":{"rendered":"<p data-start=\"217\" data-end=\"271\"><strong data-start=\"217\" data-end=\"271\"><img loading=\"lazy\" decoding=\"async\" class=\"wp-image-7410 alignleft\" src=\"https:\/\/cimnoroeste.es.gov.br\/wp-content\/uploads\/2025\/11\/efad57b71ceaca9ca6766f98291ebf96.jpg\" alt=\"\" width=\"232\" height=\"132\" srcset=\"https:\/\/cimnoroeste.es.gov.br\/wp-content\/uploads\/2025\/11\/efad57b71ceaca9ca6766f98291ebf96.jpg 720w, https:\/\/cimnoroeste.es.gov.br\/wp-content\/uploads\/2025\/11\/efad57b71ceaca9ca6766f98291ebf96-300x169.jpg 300w\" sizes=\"auto, (max-width: 232px) 100vw, 232px\" \/>Legisla\u00e7\u00f5es Ambientais dos Munic\u00edpios Consorciados<\/strong><\/p>\n<p data-start=\"273\" data-end=\"529\">Esta p\u00e1gina re\u00fane, de forma organizada e acess\u00edvel, <strong data-start=\"325\" data-end=\"407\">toda a legisla\u00e7\u00e3o ambiental vigente nos munic\u00edpios que integram o CIM Noroeste<\/strong>, consolidando normas, decretos, c\u00f3digos, resolu\u00e7\u00f5es e demais instrumentos legais que orientam a gest\u00e3o ambiental local.<\/p>\n<p data-start=\"531\" data-end=\"983\">A disponibiliza\u00e7\u00e3o desse conte\u00fado integra as a\u00e7\u00f5es da <strong data-start=\"585\" data-end=\"643\">C\u00e2mara Setorial de Meio Ambiente e Agricultura (CSMAA)<\/strong>, que tem como miss\u00e3o oferecer suporte t\u00e9cnico especializado aos munic\u00edpios, fortalecendo o licenciamento, a fiscaliza\u00e7\u00e3o e a educa\u00e7\u00e3o ambiental. Por meio desse trabalho, a CSMAA contribui para que cada munic\u00edpio atue com seguran\u00e7a jur\u00eddica, alinhamento normativo e efici\u00eancia nas suas pr\u00e1ticas de preserva\u00e7\u00e3o e desenvolvimento sustent\u00e1vel.<\/p>\n<p data-start=\"985\" data-end=\"1243\">Ao centralizar as legisla\u00e7\u00f5es ambientais municipais em um \u00fanico espa\u00e7o, o CIM Noroeste facilita o acesso \u00e0s informa\u00e7\u00f5es, promove a padroniza\u00e7\u00e3o de procedimentos e refor\u00e7a o compromisso com a transpar\u00eancia e o apoio institucional \u00e0s administra\u00e7\u00f5es p\u00fablicas.<\/p>\n<p data-start=\"1245\" data-end=\"1494\">Aqui, voc\u00ea poder\u00e1 consultar as normas ambientais de todos os munic\u00edpios consorciados, fundamentais para orientar processos de licenciamento, a\u00e7\u00f5es de fiscaliza\u00e7\u00e3o, projetos sustent\u00e1veis e pol\u00edticas p\u00fablicas voltadas \u00e0 prote\u00e7\u00e3o dos recursos naturais.<\/p>\n<p data-start=\"1496\" data-end=\"1757\">Esta iniciativa refor\u00e7a o papel estrat\u00e9gico da <strong data-start=\"1543\" data-end=\"1593\">C\u00e2mara Setorial de Meio Ambiente e Agricultura<\/strong>, que atua diariamente com uma equipe multidisciplinar altamente qualificada para apoiar, integrar e fortalecer a gest\u00e3o ambiental em toda a regi\u00e3o do CIM Noroeste.<\/p>\n<hr \/>\n<p><strong>\u00c1GUIA BRANCA &#8211; ES<\/strong><\/p>\n<p><a href=\"https:\/\/cimnoroeste.es.gov.br\/wp-content\/uploads\/2025\/11\/Lei-1848.2023-Codigo-Ambiental.pdf\">Lei 1848.2023 &#8211; C\u00f3digo Ambiental<\/a><\/p>\n<p><a href=\"https:\/\/cimnoroeste.es.gov.br\/wp-content\/uploads\/2025\/11\/Lei-1846.2023-Cod.-de-obras.pdf\">Lei 1846.2023 &#8211; C\u00f3d. de obras<\/a><\/p>\n<p><a href=\"https:\/\/cimnoroeste.es.gov.br\/wp-content\/uploads\/2025\/11\/Lei-1464.2018-Parcelamento-do-solo.pdf\">Lei 1464.2018 &#8211; Parcelamento do solo<\/a><\/p>\n<p><a href=\"https:\/\/cimnoroeste.es.gov.br\/wp-content\/uploads\/2025\/11\/Lei-1453_2018-Lei-das-taxas.pdf\">Lei 1453_2018 &#8211; Lei das taxas<\/a><\/p>\n<p><a href=\"https:\/\/cimnoroeste.es.gov.br\/wp-content\/uploads\/2025\/11\/DEC.-11.011.2024-Dispensa-de-licenciamento.pdf\">DEC. 11.011.2024 &#8211; Dispensa de licenciamento<\/a><\/p>\n<p><a href=\"https:\/\/cimnoroeste.es.gov.br\/wp-content\/uploads\/2025\/11\/DEC.-10.684.2024-Enquadramento-das-atividades-licenciaveis.pdf\">DEC. 10.684.2024 &#8211; Enquadramento das atividades licenci\u00e1veis<\/a><\/p>\n<hr \/>\n<p><strong>ALTO RIO NOVO &#8211; ES<\/strong><\/p>\n<p><a href=\"https:\/\/cimnoroeste.es.gov.br\/wp-content\/uploads\/2025\/11\/Lei-967.2019-Dosimetria-de-Multas.pdf\">Lei 967.2019 &#8211; Dosimetria de Multas<\/a><\/p>\n<p><a href=\"https:\/\/cimnoroeste.es.gov.br\/wp-content\/uploads\/2025\/11\/Lei-965_2019-Codigo-de-Meio-Ambiente.pdf\">Lei 965_2019 &#8211; C\u00f3digo de Meio Ambiente<\/a><\/p>\n<p><a href=\"https:\/\/cimnoroeste.es.gov.br\/wp-content\/uploads\/2025\/11\/Lei-966.2019-Lei-de-Taxas.pdf\">Lei 966.2019 &#8211; Lei de Taxas<\/a><\/p>\n<p><a href=\"https:\/\/cimnoroeste.es.gov.br\/wp-content\/uploads\/2025\/11\/Lei-410.2013-Plano-Diretor-Ambiental-Urbano.pdf\">Lei 410.2013 &#8211; Plano Diretor Ambiental Urbano<\/a><\/p>\n<p><a href=\"https:\/\/cimnoroeste.es.gov.br\/wp-content\/uploads\/2025\/11\/IN-02.2019-Enquadramento-das-atividades-licenciaveis.pdf\">IN 02.2019 &#8211; Enquadramento das atividades licenci\u00e1veis<\/a><\/p>\n<p><a href=\"https:\/\/cimnoroeste.es.gov.br\/wp-content\/uploads\/2025\/11\/IN-01.2019-Atividades-dispensadas-de-licenciamento.pdf\">IN 01.2019 &#8211; Atividades dispensadas de licenciamento<\/a><\/p>\n<p><a href=\"https:\/\/cimnoroeste.es.gov.br\/wp-content\/uploads\/2025\/11\/Dec.-5753.2019-Modalidade-de-Licenca.pdf\">Dec. 5753.2019 &#8211; Modalidade de Licen\u00e7a<\/a><\/p>\n<hr \/>\n<p><strong>GOVERNADOR LINDENBERG &#8211; ES<\/strong><\/p>\n<p><a href=\"https:\/\/cimnoroeste.es.gov.br\/wp-content\/uploads\/2025\/11\/Dec.-6343.2021-Modalidade-de-licenciamento-ambiental.pdf\">Dec. 6343.2021 &#8211; Modalidade de licenciamento ambiental<\/a><\/p>\n<p><a href=\"https:\/\/cimnoroeste.es.gov.br\/wp-content\/uploads\/2025\/11\/IN-01.2021-Atividades-Licenciaveis.pdf\">IN 01.2021 &#8211; Atividades Licenci\u00e1veis<\/a><\/p>\n<p><a href=\"https:\/\/cimnoroeste.es.gov.br\/wp-content\/uploads\/2025\/11\/Dec.-6815.2023-Classifica-risco-das-atividades-economicas.pdf\">Dec. 6815.2023 &#8211; Classifica risco das atividades econ\u00f4micas<\/a><\/p>\n<hr \/>\n<p><strong>MARIL\u00c2NDIA &#8211; ES<\/strong><\/p>\n<p><a href=\"https:\/\/cimnoroeste.es.gov.br\/wp-content\/uploads\/2025\/11\/DEC-4826.2021-Atividade-baixo-risco.pdf\">DEC 4826.2021 Atividade baixo risco<\/a><\/p>\n<p><a href=\"https:\/\/cimnoroeste.es.gov.br\/wp-content\/uploads\/2025\/11\/LEI-1447.2019-Codigo-Ambiental-NOVO.pdf\">LEI 1447.2019 C\u00f3digo Ambiental (NOVO)<\/a><\/p>\n<p><a href=\"https:\/\/cimnoroeste.es.gov.br\/wp-content\/uploads\/2025\/11\/DEC-4181.2019-Atividade-dispensada.pdf\">DEC 4181.2019 Atividade dispensada<\/a><\/p>\n<p><a href=\"https:\/\/cimnoroeste.es.gov.br\/wp-content\/uploads\/2025\/11\/LEI-1481.2019-Dosimetria-de-multas.pdf\">LEI 1481.2019 Dosimetria de multas<\/a><\/p>\n<p><a href=\"https:\/\/cimnoroeste.es.gov.br\/wp-content\/uploads\/2025\/11\/LEI-1364.2017-Lei-de-taxas-para-o-licenciamento.pdf\">LEI 1364.2017 Lei de taxas para o licenciamento<\/a><\/p>\n<p><a href=\"https:\/\/cimnoroeste.es.gov.br\/wp-content\/uploads\/2025\/11\/DEC-5298.2023-Atividades-Licenciadas.pdf\">DEC 5298.2023 Atividades Licenciadas<\/a><\/p>\n<hr \/>\n<p><strong>MANTEN\u00d3POLIS &#8211; ES<\/strong><\/p>\n<p><a href=\"https:\/\/cimnoroeste.es.gov.br\/wp-content\/uploads\/2025\/11\/Lei-1650.2024-Cod.-Ambiental.pdf\">Lei 1650.2024 &#8211; C\u00f3d. Ambiental<\/a><\/p>\n<p><a href=\"https:\/\/cimnoroeste.es.gov.br\/wp-content\/uploads\/2025\/11\/Lei-02.2019-Lei-de-taxas.pdf\">Lei 02.2019 &#8211; Lei de taxas<\/a><\/p>\n<p><a href=\"https:\/\/cimnoroeste.es.gov.br\/wp-content\/uploads\/2025\/11\/IN-002.2020-Atividades-e-Empreendimento-sujeitos-a-Licenciamento-Ambiental.pdf\">IN 002.2020 &#8211; Atividades e Empreendimento sujeitos a Licenciamento Ambiental<\/a><\/p>\n<p><a href=\"https:\/\/cimnoroeste.es.gov.br\/wp-content\/uploads\/2025\/11\/IN-001.2020-Dispensa-de-Licenciamento-Ambiental.pdf\">IN 001.2020 &#8211; Dispensa de Licenciamento Ambiental<\/a><\/p>\n<hr \/>\n<p><strong>S\u00c3O DOMINGOS DO NORTE &#8211; ES<\/strong><\/p>\n<p><a href=\"https:\/\/cimnoroeste.es.gov.br\/wp-content\/uploads\/2025\/11\/LEI-897_2017-18_12_2017-Codigo-do-Meio-Ambiente.html\">LEI 897_2017 18_12_2017 &#8211; C\u00f3digo do Meio Ambiente<\/a><\/p>\n<p><a href=\"https:\/\/cimnoroeste.es.gov.br\/wp-content\/uploads\/2025\/11\/LEI-781_2014-06_08_2014.pdf\">LEI 781_2014 06_08_2014<\/a><\/p>\n<p><a href=\"https:\/\/cimnoroeste.es.gov.br\/wp-content\/uploads\/2025\/11\/L10402022-Lei-Perimetro-Urbano.pdf\">L10402022 &#8211; Lei Per\u00edmetro Urbano<\/a><\/p>\n<p><a href=\"https:\/\/cimnoroeste.es.gov.br\/wp-content\/uploads\/2025\/11\/Dispensa-D2117.2024.pdf\">Dispensa &#8211; D2117.2024<\/a><\/p>\n<p><a href=\"https:\/\/cimnoroeste.es.gov.br\/wp-content\/uploads\/2025\/11\/Decreto-2052.2023-Enquadramento-das-atividades.pdf\">Decreto 2052.2023 &#8211; Enquadramento das atividades<\/a><\/p>\n<hr \/>\n<p><strong>PANCAS &#8211; ES<\/strong><\/p>\n<p><a href=\"https:\/\/cimnoroeste.es.gov.br\/wp-content\/uploads\/2025\/11\/Lei-1862-de-10-de-Dezembro-de-2019-Dosimetria-de-Multas.pdf\">Lei 1862 de 10 de Dezembro de 2019 &#8211; Dosimetria de Multas<\/a><\/p>\n<p><a href=\"https:\/\/cimnoroeste.es.gov.br\/wp-content\/uploads\/2025\/11\/DEC.-8093.2023-Enquadramento-das-atividades-licenciaveis.pdf\">DEC. 8093.2023-Enquadramento das atividades licenci\u00e1veis<\/a><\/p>\n<p><a href=\"https:\/\/cimnoroeste.es.gov.br\/wp-content\/uploads\/2025\/11\/Lei-1861de-10-de-Dezembro-de-2019-Lei-de-Taxas.pdf\">Lei 1861de 10 de Dezembro de 2019 &#8211; Lei de Taxas<\/a><\/p>\n<p><a href=\"https:\/\/cimnoroeste.es.gov.br\/wp-content\/uploads\/2025\/11\/Lei-1860.2019-Codigo-Municipal.pdf\">Lei 1860.2019 &#8211; C\u00f3digo Municipal<\/a><\/p>\n<hr \/>\n<p><strong>S\u00c3O GABRIEL DA PALHA &#8211; ES<\/strong><\/p>\n<p><a href=\"https:\/\/cimnoroeste.es.gov.br\/wp-content\/uploads\/2025\/11\/Lei-2866.2019-Dosimetria-de-multa.pdf\">Lei 2866.2019 &#8211; Dosimetria de multa<\/a><\/p>\n<p><a href=\"https:\/\/cimnoroeste.es.gov.br\/wp-content\/uploads\/2025\/11\/IN-76.2024-Enquadramento-das-atividades-poluidoras.pdf\">I<\/a><a href=\"https:\/\/cimnoroeste.es.gov.br\/wp-content\/uploads\/2025\/11\/IN-76.2024-Enquadramento-das-atividades-poluidoras.pdf\">N 76.2024 &#8211; Enquadramento das atividades poluidoras<\/a><\/p>\n<p><a href=\"https:\/\/cimnoroeste.es.gov.br\/wp-content\/uploads\/2025\/11\/Lei-2865.2019-Lei-de-taxas.pdf\">Lei 2865.2019 &#8211; Lei de taxas<\/a><\/p>\n<p><a href=\"https:\/\/cimnoroeste.es.gov.br\/wp-content\/uploads\/2025\/11\/LEI-2864.2019-Codigo-de-Meio-Ambiente.pdf\">LEI 2864.2019 &#8211; C\u00f3digo de Meio Ambiente<\/a><\/p>\n<hr \/>\n<p><strong>VILA VAL\u00c9RIO &#8211; ES<\/strong><\/p>\n<p><a href=\"https:\/\/cimnoroeste.es.gov.br\/wp-content\/uploads\/2025\/11\/Lei-901.2020-Codigo-Meio-Ambiente.pdf\">Lei 901.2020 &#8211; C\u00f3digo Meio Ambiente<\/a><\/p>\n<p><a href=\"https:\/\/cimnoroeste.es.gov.br\/wp-content\/uploads\/2025\/11\/Lei-859.2018-Lei-de-Taxas-Meio-Ambiente.pdf\">Lei 859.2018 &#8211; Lei de Taxas Meio Ambiente<\/a><\/p>\n<p><a href=\"https:\/\/cimnoroeste.es.gov.br\/wp-content\/uploads\/2025\/11\/Lei-442-2009-Delimita-perimetro-urbano-de-Vila-Valerio.pdf\">Lei 442 2009- Delimita per\u00edmetro urbano de Vila Val\u00e9rio<\/a><\/p>\n<p><a href=\"https:\/\/cimnoroeste.es.gov.br\/wp-content\/uploads\/2025\/11\/IN-01.2020-Dispensa-de-Licenca-Ambiental.pdf\">IN 01.2020 Dispensa de Licen\u00e7a Ambiental<\/a><\/p>\n<p><a href=\"https:\/\/cimnoroeste.es.gov.br\/wp-content\/uploads\/2025\/11\/IN-02.2020_ATIVIDADES-LICENCIAVEIS-Licenca-Simplificada-e-Licenca-Ordinaria-Publicada.pdf\">IN 02.2020_ATIVIDADES LICENCI\u00c1VEIS &#8211; Licen\u00e7a Simplificada e Licen\u00e7a Ordin\u00e1ria &#8211; Publicada<\/a><\/p>\n","protected":false},"excerpt":{"rendered":"<p>Legisla\u00e7\u00f5es Ambientais dos Munic\u00edpios Consorciados Esta p\u00e1gina re\u00fane, de forma organizada e acess\u00edvel, toda a legisla\u00e7\u00e3o ambiental vigente nos munic\u00edpios que integram o CIM Noroeste, consolidando normas, decretos, c\u00f3digos, resolu\u00e7\u00f5es e demais instrumentos legais que orientam a gest\u00e3o ambiental local. A disponibiliza\u00e7\u00e3o desse conte\u00fado integra as a\u00e7\u00f5es da C\u00e2mara Setorial de Meio Ambiente e Agricultura (CSMAA), que tem como miss\u00e3o oferecer suporte t\u00e9cnico especializado aos munic\u00edpios, fortalecendo o licenciamento, a fiscaliza\u00e7\u00e3o e a educa\u00e7\u00e3o ambiental. Por meio desse trabalho, a CSMAA contribui para que cada munic\u00edpio atue com seguran\u00e7a jur\u00eddica, alinhamento normativo e efici\u00eancia nas suas pr\u00e1ticas de preserva\u00e7\u00e3o e desenvolvimento sustent\u00e1vel. Ao centralizar as legisla\u00e7\u00f5es ambientais municipais em um \u00fanico espa\u00e7o, o CIM Noroeste facilita o acesso \u00e0s informa\u00e7\u00f5es, promove a padroniza\u00e7\u00e3o de procedimentos e refor\u00e7a o compromisso com a transpar\u00eancia e o apoio institucional \u00e0s administra\u00e7\u00f5es p\u00fablicas. Aqui, voc\u00ea poder\u00e1 consultar as normas ambientais de todos os munic\u00edpios consorciados, fundamentais para orientar processos de licenciamento, a\u00e7\u00f5es de fiscaliza\u00e7\u00e3o, projetos sustent\u00e1veis e pol\u00edticas p\u00fablicas voltadas \u00e0 prote\u00e7\u00e3o dos recursos naturais. Esta iniciativa refor\u00e7a o papel estrat\u00e9gico da C\u00e2mara Setorial de Meio Ambiente e Agricultura, que atua diariamente com uma equipe multidisciplinar altamente qualificada para apoiar, integrar e fortalecer a gest\u00e3o ambiental em toda a regi\u00e3o do CIM Noroeste. \u00c1GUIA BRANCA &#8211; ES Lei 1848.2023 &#8211; C\u00f3digo Ambiental Lei 1846.2023 &#8211; C\u00f3d. de obras Lei 1464.2018 &#8211; Parcelamento do solo Lei 1453_2018 &#8211; Lei das taxas DEC. 11.011.2024 &#8211; Dispensa de licenciamento DEC. 10.684.2024 &#8211; Enquadramento das atividades licenci\u00e1veis ALTO RIO NOVO &#8211; ES Lei 967.2019 &#8211; Dosimetria de Multas Lei 965_2019 &#8211; C\u00f3digo de Meio Ambiente Lei 966.2019 &#8211; Lei de Taxas Lei 410.2013 &#8211; Plano Diretor Ambiental Urbano IN 02.2019 &#8211; Enquadramento das atividades licenci\u00e1veis IN 01.2019 &#8211; Atividades dispensadas de licenciamento Dec. 5753.2019 &#8211; Modalidade de Licen\u00e7a GOVERNADOR LINDENBERG &#8211; ES Dec. 6343.2021 &#8211; Modalidade de licenciamento ambiental IN 01.2021 &#8211; Atividades Licenci\u00e1veis Dec. 6815.2023 &#8211; Classifica risco das atividades econ\u00f4micas MARIL\u00c2NDIA &#8211; ES DEC 4826.2021 Atividade baixo risco LEI 1447.2019 C\u00f3digo Ambiental (NOVO) DEC 4181.2019 Atividade dispensada LEI 1481.2019 Dosimetria de multas LEI 1364.2017 Lei de taxas para o licenciamento DEC 5298.2023 Atividades Licenciadas MANTEN\u00d3POLIS &#8211; ES Lei 1650.2024 &#8211; C\u00f3d. Ambiental Lei 02.2019 &#8211; Lei de taxas IN 002.2020 &#8211; Atividades e Empreendimento sujeitos a Licenciamento Ambiental IN 001.2020 &#8211; Dispensa de Licenciamento Ambiental S\u00c3O DOMINGOS DO NORTE &#8211; ES LEI 897_2017 18_12_2017 &#8211; C\u00f3digo do Meio Ambiente LEI 781_2014 06_08_2014 L10402022 &#8211; Lei Per\u00edmetro Urbano Dispensa &#8211; D2117.2024 Decreto 2052.2023 &#8211; Enquadramento das atividades PANCAS &#8211; ES Lei 1862 de 10 de Dezembro de 2019 &#8211; Dosimetria de Multas DEC. 8093.2023-Enquadramento das atividades licenci\u00e1veis Lei 1861de 10 de Dezembro de 2019 &#8211; Lei de Taxas Lei 1860.2019 &#8211; C\u00f3digo Municipal S\u00c3O GABRIEL DA PALHA &#8211; ES Lei 2866.2019 &#8211; Dosimetria de multa IN 76.2024 &#8211; Enquadramento das atividades poluidoras Lei 2865.2019 &#8211; Lei de taxas LEI 2864.2019 &#8211; C\u00f3digo de Meio Ambiente VILA VAL\u00c9RIO &#8211; ES Lei 901.2020 &#8211; C\u00f3digo Meio Ambiente Lei 859.2018 &#8211; Lei de Taxas Meio Ambiente Lei 442 2009- Delimita per\u00edmetro urbano de Vila Val\u00e9rio IN 01.2020 Dispensa de Licen\u00e7a Ambiental IN 02.2020_ATIVIDADES LICENCI\u00c1VEIS &#8211; Licen\u00e7a Simplificada e Licen\u00e7a Ordin\u00e1ria &#8211; Publicada<\/p>\n","protected":false},"author":1,"featured_media":0,"parent":0,"menu_order":0,"comment_status":"closed","ping_status":"closed","template":"","meta":{"footnotes":""},"class_list":["post-7360","page","type-page","status-publish","hentry"],"_links":{"self":[{"href":"https:\/\/cimnoroeste.es.gov.br\/index.php?rest_route=\/wp\/v2\/pages\/7360","targetHints":{"allow":["GET"]}}],"collection":[{"href":"https:\/\/cimnoroeste.es.gov.br\/index.php?rest_route=\/wp\/v2\/pages"}],"about":[{"href":"https:\/\/cimnoroeste.es.gov.br\/index.php?rest_route=\/wp\/v2\/types\/page"}],"author":[{"embeddable":true,"href":"https:\/\/cimnoroeste.es.gov.br\/index.php?rest_route=\/wp\/v2\/users\/1"}],"replies":[{"embeddable":true,"href":"https:\/\/cimnoroeste.es.gov.br\/index.php?rest_route=%2Fwp%2Fv2%2Fcomments&post=7360"}],"version-history":[{"count":6,"href":"https:\/\/cimnoroeste.es.gov.br\/index.php?rest_route=\/wp\/v2\/pages\/7360\/revisions"}],"predecessor-version":[{"id":7412,"href":"https:\/\/cimnoroeste.es.gov.br\/index.php?rest_route=\/wp\/v2\/pages\/7360\/revisions\/7412"}],"wp:attachment":[{"href":"https:\/\/cimnoroeste.es.gov.br\/index.php?rest_route=%2Fwp%2Fv2%2Fmedia&parent=7360"}],"curies":[{"name":"wp","href":"https:\/\/api.w.org\/{rel}","templated":true}]}}