{"id":830,"date":"2020-08-26T22:05:05","date_gmt":"2020-08-27T01:05:05","guid":{"rendered":"http:\/\/cimnoroeste.es.gov.br\/?page_id=830"},"modified":"2025-11-18T13:23:16","modified_gmt":"2025-11-18T16:23:16","slug":"processo-seletivo","status":"publish","type":"page","link":"https:\/\/cimnoroeste.es.gov.br\/?page_id=830","title":{"rendered":"PROCESSO SELETIVO CIM"},"content":{"rendered":"<p><img loading=\"lazy\" decoding=\"async\" src=\"https:\/\/cimnoroeste.es.gov.br\/wp-content\/uploads\/2022\/02\/SELE-1024x322.jpg\" alt=\"\" width=\"810\" height=\"255\" \/><\/p>\n<article class=\"text-token-text-primary w-full focus:outline-none [--shadow-height:45px] has-data-writing-block:pointer-events-none has-data-writing-block:-mt-(--shadow-height) has-data-writing-block:pt-(--shadow-height) [&amp;:has([data-writing-block])&gt;*]:pointer-events-auto [content-visibility:auto] supports-[content-visibility:auto]:[contain-intrinsic-size:auto_100lvh] scroll-mt-[calc(var(--header-height)+min(200px,max(70px,20svh)))]\" dir=\"auto\" tabindex=\"-1\" data-turn-id=\"9ebe96db-32c6-41a7-8bac-f8f6ed8cdcb5\" data-testid=\"conversation-turn-36\" data-scroll-anchor=\"true\" data-turn=\"assistant\">\n<div class=\"text-base my-auto mx-auto pb-10 [--thread-content-margin:--spacing(4)] thread-sm:[--thread-content-margin:--spacing(6)] thread-lg:[--thread-content-margin:--spacing(16)] px-(--thread-content-margin)\">\n<div class=\"[--thread-content-max-width:40rem] thread-lg:[--thread-content-max-width:48rem] mx-auto max-w-(--thread-content-max-width) flex-1 group\/turn-messages focus-visible:outline-hidden relative flex w-full min-w-0 flex-col agent-turn\" tabindex=\"-1\">\n<div class=\"flex max-w-full flex-col grow\">\n<div class=\"min-h-8 text-message relative flex w-full flex-col items-end gap-2 text-start break-words whitespace-normal [.text-message+&amp;]:mt-1\" dir=\"auto\" data-message-author-role=\"assistant\" data-message-id=\"720043a0-2d55-4ad8-99c6-4cb896dadbf2\" data-message-model-slug=\"gpt-5\">\n<div class=\"flex w-full flex-col gap-1 empty:hidden first:pt-[1px]\">\n<div class=\"markdown prose dark:prose-invert w-full break-words light markdown-new-styling\">\n<p data-start=\"0\" data-end=\"45\"><strong data-start=\"3\" data-end=\"43\">Editais e Convoca\u00e7\u00f5es \u2013 CIM Noroeste<\/strong><\/p>\n<p data-start=\"47\" data-end=\"260\">Nesta se\u00e7\u00e3o est\u00e3o dispon\u00edveis os <strong data-start=\"80\" data-end=\"105\">editais e convoca\u00e7\u00f5es<\/strong> publicados pelo <strong data-start=\"122\" data-end=\"156\">Cons\u00f3rcio P\u00fablico CIM Noroeste<\/strong>, referentes aos processos seletivos e demais procedimentos administrativos realizados pelo cons\u00f3rcio.<\/p>\n<p data-start=\"262\" data-end=\"495\">Os documentos apresentados t\u00eam como objetivo <strong data-start=\"307\" data-end=\"346\">divulgar de forma clara e acess\u00edvel<\/strong> todas as informa\u00e7\u00f5es oficiais sobre inscri\u00e7\u00f5es, etapas, resultados e chamamentos de candidatos, conforme as normas estabelecidas em cada processo.<\/p>\n<\/div>\n<\/div>\n<\/div>\n<p data-start=\"262\" data-end=\"495\"><strong>2024<\/strong><\/p>\n<\/div>\n<\/div>\n<\/div>\n<\/article>\n<ul>\n<li><span style=\"color: #333399;\"><strong><a style=\"color: #333399;\" href=\"https:\/\/cimnoroeste.es.gov.br\/wp-content\/uploads\/2025\/11\/Convocacao-Lucas-10.01.2024.pdf\">CONVOCA\u00c7\u00c3O ANALISTA AMBIENTAL DO PROCESSO SELETIVO N\u00ba\u00a0 02\/2022<\/a><\/strong><\/span><\/li>\n<\/ul>\n<p><span style=\"color: #333399;\"><strong>2022<\/strong><\/span><\/p>\n<ul>\n<li><span style=\"color: #333399;\"><strong><strong><a style=\"color: #333399;\" href=\"https:\/\/cimnoroeste.es.gov.br\/wp-content\/uploads\/2022\/06\/CONVOCA\u00c7\u00c3O-FISCAL-1-Nathalia.pdf\">CONVOCA\u00c7\u00c3O FISCAL AMBIENTAL DO PROCESSO SELETIVO N\u00ba 01\/2020 (NOVO)<\/a><\/strong><\/strong><\/span><\/li>\n<li><span style=\"color: #333399;\"><strong><a style=\"color: #333399;\" href=\"https:\/\/cimnoroeste.es.gov.br\/wp-content\/uploads\/2022\/05\/1-CONVOCA\u00c7\u00c3O-FISCAL-1.pdf\">CONVOCA\u00c7\u00c3O FISCAL AMBIENTAL DO PROCESSO SELETIVO N\u00ba 01\/2020<\/a><\/strong><strong><br \/>\n<\/strong><\/span><\/li>\n<li><span style=\"color: #333399;\"><strong><strong><a style=\"color: #333399;\" href=\"https:\/\/cimnoroeste.es.gov.br\/wp-content\/uploads\/2022\/05\/1-CONVOCA\u00c7\u00c3O.pdf\">CONVOCA\u00c7\u00c3O ANALISTA AMBIENTAL DO PROCESSO SELETIVO N\u00ba 02-2022 <\/a>(NOVO)<\/strong><\/strong><\/span><\/li>\n<li><span style=\"color: #333399;\"><strong><strong><a style=\"color: #333399;\" href=\"https:\/\/cimnoroeste.es.gov.br\/wp-content\/uploads\/2022\/05\/RESULTADO-FINAL-PSS-02.2022.pdf\">RESULTADO FINAL DO PROCESSO SELETIVO DE ANALISTA AMBIENTAL N\u00ba 02-2022<\/a><\/strong><\/strong><\/span><\/li>\n<li><span style=\"color: #333399;\"><strong><strong><a style=\"color: #333399;\" href=\"https:\/\/cimnoroeste.es.gov.br\/wp-content\/uploads\/2022\/05\/PUB.-RESULTADO-FINAL-PROC.-SELETIVO-N\u00ba-002-2022.pdf\">PUBLICA\u00c7\u00c3O DO RESULTADO FINAL PROCESSO SELETIVO N\u00ba 002-2022<\/a><\/strong><\/strong><\/span><\/li>\n<li><span style=\"color: #333399;\"><strong><strong><a style=\"color: #333399;\" href=\"https:\/\/cimnoroeste.es.gov.br\/wp-content\/uploads\/2022\/05\/PORTARIA-CIM-NOROESTE-N\u00ba-17-P-homologa\u00e7\u00e3o-proc.-seletivo-n-002-2022.pdf\">PORTARIA CIM NOROESTE N\u00ba 17 &#8211; P &#8211; HOMOLOGA\u00c7\u00c3O DO PROCESSO SELETIVO n\u00ba 002-2022<\/a><\/strong><\/strong><\/span><\/li>\n<li><span style=\"color: #333399;\"><strong><strong><a style=\"color: #333399;\" href=\"https:\/\/cimnoroeste.es.gov.br\/wp-content\/uploads\/2022\/05\/hor\u00e1rio-entrevista.pdf\">HOR\u00c1RIO DE ENTREVISTA\u00a0<\/a><\/strong><\/strong><\/span><\/li>\n<li><span style=\"color: #333399;\"><strong><strong><a style=\"color: #333399;\" href=\"https:\/\/cimnoroeste.es.gov.br\/wp-content\/uploads\/2022\/05\/an\u00e1lise-de-recursos.pdf\">AN\u00c1LISE DE RECURSOS\u00a0<\/a><\/strong><\/strong><\/span><\/li>\n<li><span style=\"color: #333399;\"><strong><strong><a style=\"color: #333399;\" href=\"https:\/\/cimnoroeste.es.gov.br\/wp-content\/uploads\/2022\/05\/Resultado-Preliminar-de-Analista-Ambiental-002-2022.pdf\">RESULTADO PRELIMINAR DO PROCESSO SELETIVO DE ANALISTA AMBIENTAL N\u00ba 002-2022\u00a0\u00a0<\/a><\/strong><\/strong><\/span><\/li>\n<li><span style=\"color: #333399;\"><strong><strong><a style=\"color: #333399;\" href=\"https:\/\/cimnoroeste.es.gov.br\/wp-content\/uploads\/2022\/04\/Edital-Processo-Seletivo-02.2022.pdf\">EDITAL PROCESSO SELETIVO &#8211; ANALISTA AMBIENTAL N\u00ba 02 2022<\/a><br \/>\n<\/strong><\/strong><\/span><\/li>\n<li><span style=\"color: #333399;\"><strong><strong><a style=\"color: #333399;\" href=\"https:\/\/cimnoroeste.es.gov.br\/wp-content\/uploads\/2022\/04\/PUB.-AVISO-DE-PROCESSO-SELETIVO-N\u00ba-002-2022-DIOES.pdf\">PUB. AVISO DE PROCESSO SELETIVO N\u00ba &#8211; 002-2022 &#8211; DIOES<\/a><\/strong><\/strong><\/span><\/li>\n<li><span style=\"color: #333399;\"><strong><strong><a style=\"color: #333399;\" href=\"https:\/\/cimnoroeste.es.gov.br\/wp-content\/uploads\/2022\/04\/PUB.-AVISO-DE-PROCESSO-SELETIVO-N\u00ba-002-2022-DOMES.pdf\">PUB. AVISO DE PROCESSO SELETIVO N\u00ba &#8211; 002-2022 &#8211; DOMES<\/a><\/strong><\/strong><\/span><\/li>\n<li><span style=\"color: #333399;\"><strong><strong><a style=\"color: #333399;\" href=\"https:\/\/cimnoroeste.es.gov.br\/wp-content\/uploads\/2022\/03\/AVISO-DE-RESULTADO-PROCESSO-SELETIVO-N\u00ba-001-2022.pdf\">AVISO DE RESULTADO PROCESSO SELETIVO N\u00ba &#8211; 001-2022<\/a><\/strong><\/strong><strong><strong><br \/>\n<\/strong><\/strong><\/span><\/li>\n<li><span style=\"color: #333399;\"><strong><strong><a style=\"color: #333399;\" href=\"https:\/\/cimnoroeste.es.gov.br\/wp-content\/uploads\/2022\/03\/AVISO-DE-PROCESSO-SELETIVO-ANALISTA-AMBIENTAL-N\u00ba-\u2013-001-2022.pdf\">AVISO DE PROCESSO SELETIVO ANALISTA AMBIENTAL N\u00ba \u2013 001-2022\u00a0\u00a0<\/a><\/strong><\/strong><\/span><\/li>\n<li><span style=\"color: #333399;\"><strong><a style=\"color: #333399;\" href=\"https:\/\/cimnoroeste.es.gov.br\/wp-content\/uploads\/2022\/03\/EDITAL-PROCESSO-SELETIVO-\u2013-ANALISTA-AMBIENTAL-01_2022.pdf\">EDITAL PROCESSO SELETIVO \u2013 ANALISTA AMBIENTAL n\u00ba 01_2022 <\/a>FINALIZADO<\/strong><\/span><\/li>\n<\/ul>\n<p><span style=\"color: #333399;\"><strong>\u00a0<\/strong><\/span><\/p>\n<p><span style=\"color: #333399;\"><strong>2021<\/strong><\/span><\/p>\n<p><span style=\"color: #333399;\"><a style=\"color: #333399;\" href=\"https:\/\/cimnoroeste.es.gov.br\/wp-content\/uploads\/2021\/10\/CONVOCA\u00c7\u00c3O-OUTUBRO-2021_A.pdf\"><strong>\u2022 CONVOCA\u00c7\u00c3O 6\u00ba COLOCADO PROCESSO SELETIVO &#8211; ANALISTA<\/strong><\/a><\/span><\/p>\n<p><span style=\"color: #333399;\"><strong><a style=\"color: #333399;\" href=\"https:\/\/cimnoroeste.es.gov.br\/wp-content\/uploads\/2021\/10\/CONVOCA\u00c7\u00c3O-OUTUBRO-2021.pdf\">\u2022 CONVOCA\u00c7\u00c3O 4\u00ba E 5\u00ba COLOCADOS PROCESSO SELETIVO &#8211; ANALISTA<\/a><\/strong><\/span><\/p>\n<p><span style=\"color: #333399;\"><strong><a style=\"color: #333399;\" href=\"https:\/\/cimnoroeste.es.gov.br\/wp-content\/uploads\/2021\/03\/PUBLICA\u00c7\u00c3O-CONVOCA\u00c7\u00c3O-PROCESSO-SELETIVO-ANALISTA.pdf\">\u2022 PUBLICA\u00c7\u00c3O CONVOCA\u00c7\u00c3O PROCESSO SELETIVO &#8211; ANALISTA<\/a><\/strong><\/span><\/p>\n<p><span style=\"color: #333399;\"><a style=\"color: #333399;\" href=\"https:\/\/cimnoroeste.es.gov.br\/wp-content\/uploads\/2021\/03\/CONVOVA\u00c7\u00c3O-3-COLOCADO-PROCESSO-SELETIVO-ANALISTA.pdf\"><strong>\u2022 CONVOCA\u00c7\u00c3O<\/strong> <strong>3\u00ba COLOCADO PROCESSO SELETIVO &#8211; ANALISTA<\/strong><\/a><\/span><\/p>\n<p><span style=\"color: #333399;\"><strong>\u2022<a style=\"color: #333399;\" href=\"https:\/\/cimnoroeste.es.gov.br\/wp-content\/uploads\/2021\/03\/CONVOCA\u00c7\u00c3O-DO-PROCESSO-SELETIVO.pdf\"> PUBLICA\u00c7\u00c3O DA CONVOCA\u00c7\u00c3O DO PROCESSO SELETIVO<\/a><\/strong><\/span><\/p>\n<p><span style=\"color: #333399;\"><strong>\u2022 <a style=\"color: #333399;\" href=\"https:\/\/cimnoroeste.es.gov.br\/wp-content\/uploads\/2021\/03\/Convoca\u00e7\u00e3o-Processo-Seletivo.pdf\">CONVOCA\u00c7\u00c3O PROCESSO SELETIVO &#8211; ANALISTA AMBIENTAL\u00a0<\/a><\/strong><\/span><\/p>\n<p><span style=\"color: #333399;\"><strong>\u2022\u00a0<a style=\"color: #333399;\" href=\"https:\/\/cimnoroeste.es.gov.br\/wp-content\/uploads\/2021\/03\/PORTARIA-CIM-NOROESTE-N\u00ba-04-\u2013-R-HOMOLOGA-PROC.-SELETIVOassinado.pdf\">HOMOLOGA\u00c7\u00c3O DO PROCESSO SELETIVO<\/a> <a style=\"color: #333399;\" href=\"https:\/\/cimnoroeste.es.gov.br\/wp-content\/uploads\/2021\/03\/PORTARIA-CIM-NOROESTE-N\u00ba-04-\u2013-R-HOMOLOGA-PROC.-SELETIVOassinado.pdf\">CIM NOROESTE 001\/2020<\/a><\/strong><\/span><\/p>\n<p><span style=\"color: #333399;\"><strong>\u2022 <a style=\"color: #333399;\" href=\"https:\/\/cimnoroeste.es.gov.br\/wp-content\/uploads\/2021\/03\/PUB.-PORTARIA-CIM-NOROESTE-N\u00ba-04-R-2021-26-DE-FEVEREIRO-HOMOLOGOA-PROC.-SELETIVO.pdf\">PORTARIA DE HOMOLOGA\u00c7\u00c3O\u00a0 PROCESSO SELETIVO<\/a><\/strong><\/span><\/p>\n<p><span style=\"color: #333399;\"><strong><a style=\"color: #333399;\" href=\"https:\/\/cimnoroeste.es.gov.br\/wp-content\/uploads\/2020\/08\/RESULTADO-FINAL_PROCESSO_SELETIVO_SIMPLIFICADO-001_2020.pdf\">\u2022 RESULTADO FINAL PROCESSO SELETIVO SIMPLIFICADO 001\/2020<\/a><\/strong><\/span><\/p>\n<p><span style=\"color: #333399;\"><strong><a style=\"color: #333399;\" href=\"https:\/\/cimnoroeste.es.gov.br\/wp-content\/uploads\/2020\/08\/RESPOSTA-AO-RECURSO-ADMINISTRATIVO-PROCESSO-SELETIVO.pdf\">\u2022 RESPOSTA AO RECURSO ADMINISTRATIVO &#8211; PROCESSO SELETIVO 001\/2020<\/a><\/strong><\/span><\/p>\n<p><span style=\"color: #333399;\"><strong><a style=\"color: #333399;\" href=\"https:\/\/cimnoroeste.es.gov.br\/wp-content\/uploads\/2020\/08\/RESULTADO-DA-AN\u00c1LISE-DOS-RECURSOS-INTERPOSTOS-convertido.pdf\">\u2022 RESULTADO DA AN\u00c1LISE DOS RECURSOS INTERPOSTOS &#8211; PROCESSO SELETIVO 001\/2020<\/a><\/strong><\/span><\/p>\n<p><span style=\"color: #333399;\"><strong><a style=\"color: #333399;\" href=\"https:\/\/cimnoroeste.es.gov.br\/wp-content\/uploads\/2020\/08\/RESPOSTA-AO-RECURSO-SOLICITADO-A-COMISS\u00c3O-ESPECIAL-DO-PROCESSO-SELETIVO-convertido.pdf\">\u2022 RESPOSTA AO RECURSO SOLICITADO A COMISS\u00c3O ESPECIAL DO PROCESSO SELETIVO<\/a><\/strong><\/span><\/p>\n<p><span style=\"color: #333399;\"><strong><a style=\"color: #333399;\" href=\"https:\/\/cimnoroeste.es.gov.br\/wp-content\/uploads\/2020\/08\/PROCESSO-SELETIVO-01_2020-CIM-NOROESTE.pdf\">\u2022 <\/a><a style=\"color: #333399;\" href=\"https:\/\/cimnoroeste.es.gov.br\/wp-content\/uploads\/2020\/08\/RESULTADO-PRELIMINAR_PROCESSO-SELETIVO-SIMPLIFICADO-001_2020.pdf\">RESULTADO PRELIMINAR &#8211; PROCESSO SELETIVO SIMPLIFICADO 001\/2020<\/a><\/strong><\/span><\/p>\n<p><span style=\"color: #333399;\"><strong><a style=\"color: #333399;\" href=\"https:\/\/cimnoroeste.es.gov.br\/wp-content\/uploads\/2020\/08\/PROCESSO-SELETIVO-01_2020-CIM-NOROESTE.pdf\">\u2022 <\/a><a style=\"color: #333399;\" href=\"https:\/\/cimnoroeste.es.gov.br\/wp-content\/uploads\/2020\/08\/ERRATA_EDITAL_PROCESSO_SELETIVO-01_2020-1.pdf\">ERRATA &#8211; EDITAL PROCESSO SELETIVO SIMPLIFICADO DO CIM NORORESTE 01\/2020<\/a><\/strong><\/span><\/p>\n<p><span style=\"color: #333399;\"><strong><a style=\"color: #333399;\" href=\"https:\/\/cimnoroeste.es.gov.br\/wp-content\/uploads\/2020\/08\/PROCESSO-SELETIVO-01_2020-CIM-NOROESTE.pdf\">\u2022 EDITAL 01_2020 PROCESSO SELETIVO SIMPLIFICADO DO CIM NOROESTE<\/a><\/strong><\/span><\/p>\n","protected":false},"excerpt":{"rendered":"<p>Editais e Convoca\u00e7\u00f5es \u2013 CIM Noroeste Nesta se\u00e7\u00e3o est\u00e3o dispon\u00edveis os editais e convoca\u00e7\u00f5es publicados pelo Cons\u00f3rcio P\u00fablico CIM Noroeste, referentes aos processos seletivos e demais procedimentos administrativos realizados pelo cons\u00f3rcio. Os documentos apresentados t\u00eam como objetivo divulgar de forma clara e acess\u00edvel todas as informa\u00e7\u00f5es oficiais sobre inscri\u00e7\u00f5es, etapas, resultados e chamamentos de candidatos, conforme as normas estabelecidas em cada processo. 2024 CONVOCA\u00c7\u00c3O ANALISTA AMBIENTAL DO PROCESSO SELETIVO N\u00ba\u00a0 02\/2022 2022 CONVOCA\u00c7\u00c3O FISCAL AMBIENTAL DO PROCESSO SELETIVO N\u00ba 01\/2020 (NOVO) CONVOCA\u00c7\u00c3O FISCAL AMBIENTAL DO PROCESSO SELETIVO N\u00ba 01\/2020 CONVOCA\u00c7\u00c3O ANALISTA AMBIENTAL DO PROCESSO SELETIVO N\u00ba 02-2022 (NOVO) RESULTADO FINAL DO PROCESSO SELETIVO DE ANALISTA AMBIENTAL N\u00ba 02-2022 PUBLICA\u00c7\u00c3O DO RESULTADO FINAL PROCESSO SELETIVO N\u00ba 002-2022 PORTARIA CIM NOROESTE N\u00ba 17 &#8211; P &#8211; HOMOLOGA\u00c7\u00c3O DO PROCESSO SELETIVO n\u00ba 002-2022 HOR\u00c1RIO DE ENTREVISTA\u00a0 AN\u00c1LISE DE RECURSOS\u00a0 RESULTADO PRELIMINAR DO PROCESSO SELETIVO DE ANALISTA AMBIENTAL N\u00ba 002-2022\u00a0\u00a0 EDITAL PROCESSO SELETIVO &#8211; ANALISTA AMBIENTAL N\u00ba 02 2022 PUB. AVISO DE PROCESSO SELETIVO N\u00ba &#8211; 002-2022 &#8211; DIOES PUB. AVISO DE PROCESSO SELETIVO N\u00ba &#8211; 002-2022 &#8211; DOMES AVISO DE RESULTADO PROCESSO SELETIVO N\u00ba &#8211; 001-2022 AVISO DE PROCESSO SELETIVO ANALISTA AMBIENTAL N\u00ba \u2013 001-2022\u00a0\u00a0 EDITAL PROCESSO SELETIVO \u2013 ANALISTA AMBIENTAL n\u00ba 01_2022 FINALIZADO \u00a0 2021 \u2022 CONVOCA\u00c7\u00c3O 6\u00ba COLOCADO PROCESSO SELETIVO &#8211; ANALISTA \u2022 CONVOCA\u00c7\u00c3O 4\u00ba E 5\u00ba COLOCADOS PROCESSO SELETIVO &#8211; ANALISTA \u2022 PUBLICA\u00c7\u00c3O CONVOCA\u00c7\u00c3O PROCESSO SELETIVO &#8211; ANALISTA \u2022 CONVOCA\u00c7\u00c3O 3\u00ba COLOCADO PROCESSO SELETIVO &#8211; ANALISTA \u2022 PUBLICA\u00c7\u00c3O DA CONVOCA\u00c7\u00c3O DO PROCESSO SELETIVO \u2022 CONVOCA\u00c7\u00c3O PROCESSO SELETIVO &#8211; ANALISTA AMBIENTAL\u00a0 \u2022\u00a0HOMOLOGA\u00c7\u00c3O DO PROCESSO SELETIVO CIM NOROESTE 001\/2020 \u2022 PORTARIA DE HOMOLOGA\u00c7\u00c3O\u00a0 PROCESSO SELETIVO \u2022 RESULTADO FINAL PROCESSO SELETIVO SIMPLIFICADO 001\/2020 \u2022 RESPOSTA AO RECURSO ADMINISTRATIVO &#8211; PROCESSO SELETIVO 001\/2020 \u2022 RESULTADO DA AN\u00c1LISE DOS RECURSOS INTERPOSTOS &#8211; PROCESSO SELETIVO 001\/2020 \u2022 RESPOSTA AO RECURSO SOLICITADO A COMISS\u00c3O ESPECIAL DO PROCESSO SELETIVO \u2022 RESULTADO PRELIMINAR &#8211; PROCESSO SELETIVO SIMPLIFICADO 001\/2020 \u2022 ERRATA &#8211; EDITAL PROCESSO SELETIVO SIMPLIFICADO DO CIM NORORESTE 01\/2020 \u2022 EDITAL 01_2020 PROCESSO SELETIVO SIMPLIFICADO DO CIM NOROESTE<\/p>\n","protected":false},"author":1,"featured_media":0,"parent":0,"menu_order":0,"comment_status":"closed","ping_status":"closed","template":"","meta":{"footnotes":""},"class_list":["post-830","page","type-page","status-publish","hentry"],"_links":{"self":[{"href":"https:\/\/cimnoroeste.es.gov.br\/index.php?rest_route=\/wp\/v2\/pages\/830","targetHints":{"allow":["GET"]}}],"collection":[{"href":"https:\/\/cimnoroeste.es.gov.br\/index.php?rest_route=\/wp\/v2\/pages"}],"about":[{"href":"https:\/\/cimnoroeste.es.gov.br\/index.php?rest_route=\/wp\/v2\/types\/page"}],"author":[{"embeddable":true,"href":"https:\/\/cimnoroeste.es.gov.br\/index.php?rest_route=\/wp\/v2\/users\/1"}],"replies":[{"embeddable":true,"href":"https:\/\/cimnoroeste.es.gov.br\/index.php?rest_route=%2Fwp%2Fv2%2Fcomments&post=830"}],"version-history":[{"count":158,"href":"https:\/\/cimnoroeste.es.gov.br\/index.php?rest_route=\/wp\/v2\/pages\/830\/revisions"}],"predecessor-version":[{"id":7426,"href":"https:\/\/cimnoroeste.es.gov.br\/index.php?rest_route=\/wp\/v2\/pages\/830\/revisions\/7426"}],"wp:attachment":[{"href":"https:\/\/cimnoroeste.es.gov.br\/index.php?rest_route=%2Fwp%2Fv2%2Fmedia&parent=830"}],"curies":[{"name":"wp","href":"https:\/\/api.w.org\/{rel}","templated":true}]}}